{"id":186794,"date":"2025-03-12T12:10:34","date_gmt":"2025-03-12T11:10:34","guid":{"rendered":"https:\/\/www.laperlavalles.cat\/product\/niebe-flour-brand-label-afrik-500-g\/"},"modified":"2025-07-18T15:21:15","modified_gmt":"2025-07-18T13:21:15","slug":"niebe-flour-brand-label-afrik-500-g","status":"publish","type":"product","link":"https:\/\/www.laperlavalles.cat\/en\/product\/niebe-flour-brand-label-afrik-500-g\/","title":{"rendered":"Ni\u00e9b\u00e9 Flour Brand Label Afrik 500 g"},"content":{"rendered":"<p>Made from ni\u00e9b\u00e9, a traditional African legume, this flour is perfect for preparing classic dishes like akara or moin-moin. It also serves as an excellent gluten-free alternative for breads, cakes, and other culinary creations.<\/p>\n","protected":false},"excerpt":{"rendered":"<p>Made from ni\u00e9b\u00e9, a traditional African legume, this flour is perfect for preparing classic dishes like akara or moin-moin. It also serves as an excellent gluten-free<span class=\"excerpt-hellip\"> [\u2026]<\/span><\/p>\n","protected":false},"featured_media":186790,"comment_status":"open","ping_status":"closed","template":"","meta":[],"product_cat":[36],"product_tag":[],"_links":{"self":[{"href":"https:\/\/www.laperlavalles.cat\/en\/wp-json\/wp\/v2\/product\/186794"}],"collection":[{"href":"https:\/\/www.laperlavalles.cat\/en\/wp-json\/wp\/v2\/product"}],"about":[{"href":"https:\/\/www.laperlavalles.cat\/en\/wp-json\/wp\/v2\/types\/product"}],"replies":[{"embeddable":true,"href":"https:\/\/www.laperlavalles.cat\/en\/wp-json\/wp\/v2\/comments?post=186794"}],"wp:featuredmedia":[{"embeddable":true,"href":"https:\/\/www.laperlavalles.cat\/en\/wp-json\/wp\/v2\/media\/186790"}],"wp:attachment":[{"href":"https:\/\/www.laperlavalles.cat\/en\/wp-json\/wp\/v2\/media?parent=186794"}],"wp:term":[{"taxonomy":"product_cat","embeddable":true,"href":"https:\/\/www.laperlavalles.cat\/en\/wp-json\/wp\/v2\/product_cat?post=186794"},{"taxonomy":"product_tag","embeddable":true,"href":"https:\/\/www.laperlavalles.cat\/en\/wp-json\/wp\/v2\/product_tag?post=186794"}],"curies":[{"name":"wp","href":"https:\/\/api.w.org\/{rel}","templated":true}]}}