{"id":192254,"date":"2025-04-30T08:44:13","date_gmt":"2025-04-30T06:44:13","guid":{"rendered":"https:\/\/www.laperlavalles.cat\/product\/vitals-olive-oil-antibreakage-no-lye-cond-relaxer-kit-superior-2app\/"},"modified":"2025-05-12T15:58:59","modified_gmt":"2025-05-12T13:58:59","slug":"vitals-olive-oil-antibreakage-no-lye-cond-relaxer-kit-superior-2app","status":"publish","type":"product","link":"https:\/\/www.laperlavalles.cat\/en\/product\/vitals-olive-oil-antibreakage-no-lye-cond-relaxer-kit-superior-2app\/","title":{"rendered":"VITALS OLIVE OIL ANTIBREAKAGE NO LYE COND. RELAXER KIT SUPERIOR 2APP"},"content":{"rendered":"<p>Le Vitale Olive Oil Anti-Breakage No Lye Relaxer Kit Superior est un d\u00e9frisant sans soude formul\u00e9 avec de l&#8217;huile d&#8217;olive et de l&#8217;huile de coco qui aide \u00e0 prot\u00e9ger le cuir chevelu et \u00e0 r\u00e9duire la casse des cheveux. Id\u00e9al pour les cheveux r\u00e9sistants ou tr\u00e8s boucl\u00e9s, ce kit permet une application compl\u00e8te ou jusqu&#8217;\u00e0 deux retouches, laissant les cheveux doux, hydrat\u00e9s et faciles \u00e0 coiffer.?<\/p>\n","protected":false},"excerpt":{"rendered":"<p>Le Vitale Olive Oil Anti-Breakage No Lye Relaxer Kit Superior est un d\u00e9frisant sans soude formul\u00e9 avec de l&#8217;huile d&#8217;olive et de l&#8217;huile de coco qui<span class=\"excerpt-hellip\"> [\u2026]<\/span><\/p>\n","protected":false},"featured_media":192250,"comment_status":"open","ping_status":"closed","template":"","meta":[],"product_cat":[8443,8559],"product_tag":[],"_links":{"self":[{"href":"https:\/\/www.laperlavalles.cat\/en\/wp-json\/wp\/v2\/product\/192254"}],"collection":[{"href":"https:\/\/www.laperlavalles.cat\/en\/wp-json\/wp\/v2\/product"}],"about":[{"href":"https:\/\/www.laperlavalles.cat\/en\/wp-json\/wp\/v2\/types\/product"}],"replies":[{"embeddable":true,"href":"https:\/\/www.laperlavalles.cat\/en\/wp-json\/wp\/v2\/comments?post=192254"}],"wp:featuredmedia":[{"embeddable":true,"href":"https:\/\/www.laperlavalles.cat\/en\/wp-json\/wp\/v2\/media\/192250"}],"wp:attachment":[{"href":"https:\/\/www.laperlavalles.cat\/en\/wp-json\/wp\/v2\/media?parent=192254"}],"wp:term":[{"taxonomy":"product_cat","embeddable":true,"href":"https:\/\/www.laperlavalles.cat\/en\/wp-json\/wp\/v2\/product_cat?post=192254"},{"taxonomy":"product_tag","embeddable":true,"href":"https:\/\/www.laperlavalles.cat\/en\/wp-json\/wp\/v2\/product_tag?post=192254"}],"curies":[{"name":"wp","href":"https:\/\/api.w.org\/{rel}","templated":true}]}}