{"id":195233,"date":"2025-06-09T10:20:51","date_gmt":"2025-06-09T08:20:51","guid":{"rendered":"https:\/\/www.laperlavalles.cat\/product\/pearl-river-bridge-oyster-sauce-510g\/"},"modified":"2025-06-09T13:30:26","modified_gmt":"2025-06-09T11:30:26","slug":"pearl-river-bridge-oyster-sauce-510g","status":"publish","type":"product","link":"https:\/\/www.laperlavalles.cat\/en\/product\/pearl-river-bridge-oyster-sauce-510g\/","title":{"rendered":"PEARL RIVER BRIDGE OYSTER SAUCE 510G"},"content":{"rendered":"<p>Sauce asiatique \u00e0 base d\u2019extrait d\u2019hu\u00eetres, eau, sel et \u00e9paississants. Elle a une texture \u00e9paisse et une saveur intense, l\u00e9g\u00e8rement sucr\u00e9e et sal\u00e9e, parfaite pour relever les plats cuisin\u00e9s, saut\u00e9s ou marin\u00e9s.<\/p>\n","protected":false},"excerpt":{"rendered":"<p>Sauce asiatique \u00e0 base d\u2019extrait d\u2019hu\u00eetres, eau, sel et \u00e9paississants. Elle a une texture \u00e9paisse et une saveur intense, l\u00e9g\u00e8rement sucr\u00e9e et sal\u00e9e, parfaite pour relever<span class=\"excerpt-hellip\"> [\u2026]<\/span><\/p>\n","protected":false},"featured_media":195229,"comment_status":"open","ping_status":"closed","template":"","meta":[],"product_cat":[8542,8431],"product_tag":[],"_links":{"self":[{"href":"https:\/\/www.laperlavalles.cat\/en\/wp-json\/wp\/v2\/product\/195233"}],"collection":[{"href":"https:\/\/www.laperlavalles.cat\/en\/wp-json\/wp\/v2\/product"}],"about":[{"href":"https:\/\/www.laperlavalles.cat\/en\/wp-json\/wp\/v2\/types\/product"}],"replies":[{"embeddable":true,"href":"https:\/\/www.laperlavalles.cat\/en\/wp-json\/wp\/v2\/comments?post=195233"}],"wp:featuredmedia":[{"embeddable":true,"href":"https:\/\/www.laperlavalles.cat\/en\/wp-json\/wp\/v2\/media\/195229"}],"wp:attachment":[{"href":"https:\/\/www.laperlavalles.cat\/en\/wp-json\/wp\/v2\/media?parent=195233"}],"wp:term":[{"taxonomy":"product_cat","embeddable":true,"href":"https:\/\/www.laperlavalles.cat\/en\/wp-json\/wp\/v2\/product_cat?post=195233"},{"taxonomy":"product_tag","embeddable":true,"href":"https:\/\/www.laperlavalles.cat\/en\/wp-json\/wp\/v2\/product_tag?post=195233"}],"curies":[{"name":"wp","href":"https:\/\/api.w.org\/{rel}","templated":true}]}}