{"id":197068,"date":"2025-06-10T09:08:46","date_gmt":"2025-06-10T07:08:46","guid":{"rendered":"https:\/\/www.laperlavalles.cat\/product\/sedal-defined-curls-xampu-400ml\/"},"modified":"2025-07-01T16:32:22","modified_gmt":"2025-07-01T14:32:22","slug":"sedal-defined-curls-xampu-400ml","status":"publish","type":"product","link":"https:\/\/www.laperlavalles.cat\/en\/product\/sedal-defined-curls-xampu-400ml\/","title":{"rendered":"SEDAL DEFINED CURLS XAMP\u00da 400ML"},"content":{"rendered":"<p>Shampooing sp\u00e9cialement formul\u00e9 pour cheveux boucl\u00e9s, avec huile de coco, provitamine B5 et \u00e9lastine pour nourrir, hydrater et d\u00e9finir les boucles. Aide \u00e0 contr\u00f4ler les frisottis, maintient les boucles hydrat\u00e9es et d\u00e9finies toute la journ\u00e9e et laisse les cheveux doux et brillants.<\/p>\n","protected":false},"excerpt":{"rendered":"<p>Shampooing sp\u00e9cialement formul\u00e9 pour cheveux boucl\u00e9s, avec huile de coco, provitamine B5 et \u00e9lastine pour nourrir, hydrater et d\u00e9finir les boucles. Aide \u00e0 contr\u00f4ler les frisottis,<span class=\"excerpt-hellip\"> [\u2026]<\/span><\/p>\n","protected":false},"featured_media":197064,"comment_status":"open","ping_status":"closed","template":"","meta":[],"product_cat":[8443,8559],"product_tag":[],"_links":{"self":[{"href":"https:\/\/www.laperlavalles.cat\/en\/wp-json\/wp\/v2\/product\/197068"}],"collection":[{"href":"https:\/\/www.laperlavalles.cat\/en\/wp-json\/wp\/v2\/product"}],"about":[{"href":"https:\/\/www.laperlavalles.cat\/en\/wp-json\/wp\/v2\/types\/product"}],"replies":[{"embeddable":true,"href":"https:\/\/www.laperlavalles.cat\/en\/wp-json\/wp\/v2\/comments?post=197068"}],"wp:featuredmedia":[{"embeddable":true,"href":"https:\/\/www.laperlavalles.cat\/en\/wp-json\/wp\/v2\/media\/197064"}],"wp:attachment":[{"href":"https:\/\/www.laperlavalles.cat\/en\/wp-json\/wp\/v2\/media?parent=197068"}],"wp:term":[{"taxonomy":"product_cat","embeddable":true,"href":"https:\/\/www.laperlavalles.cat\/en\/wp-json\/wp\/v2\/product_cat?post=197068"},{"taxonomy":"product_tag","embeddable":true,"href":"https:\/\/www.laperlavalles.cat\/en\/wp-json\/wp\/v2\/product_tag?post=197068"}],"curies":[{"name":"wp","href":"https:\/\/api.w.org\/{rel}","templated":true}]}}