{"id":62195,"date":"2021-07-12T19:41:24","date_gmt":"2021-07-12T17:41:24","guid":{"rendered":"https:\/\/www.laperlavalles2.bcntic.com\/product\/zena-spicy-sauce-100gr\/"},"modified":"2023-06-23T09:35:26","modified_gmt":"2023-06-23T07:35:26","slug":"zena-spicy-sauce-100gr","status":"publish","type":"product","link":"https:\/\/www.laperlavalles.cat\/en\/product\/zena-spicy-sauce-100gr\/","title":{"rendered":"ZENA SPICY SAUCE 100GR"},"content":{"rendered":"<p>La sauce Zena \u00e9pic\u00e9e est une sauce au piment fort. Originaire du S\u00e9n\u00e9gal. La Perla distribue des sauces \u00e9pic\u00e9es de divers pays du monde. Consultez notre catalogue complet.<\/p>\n","protected":false},"excerpt":{"rendered":"<p>La sauce Zena \u00e9pic\u00e9e est une sauce au piment fort. Originaire du S\u00e9n\u00e9gal. La Perla distribue des sauces \u00e9pic\u00e9es de divers pays du monde. Consultez notre<span class=\"excerpt-hellip\"> [\u2026]<\/span><\/p>\n","protected":false},"featured_media":161317,"comment_status":"open","ping_status":"closed","template":"","meta":[],"product_cat":[8430],"product_tag":[],"_links":{"self":[{"href":"https:\/\/www.laperlavalles.cat\/en\/wp-json\/wp\/v2\/product\/62195"}],"collection":[{"href":"https:\/\/www.laperlavalles.cat\/en\/wp-json\/wp\/v2\/product"}],"about":[{"href":"https:\/\/www.laperlavalles.cat\/en\/wp-json\/wp\/v2\/types\/product"}],"replies":[{"embeddable":true,"href":"https:\/\/www.laperlavalles.cat\/en\/wp-json\/wp\/v2\/comments?post=62195"}],"wp:featuredmedia":[{"embeddable":true,"href":"https:\/\/www.laperlavalles.cat\/en\/wp-json\/wp\/v2\/media\/161317"}],"wp:attachment":[{"href":"https:\/\/www.laperlavalles.cat\/en\/wp-json\/wp\/v2\/media?parent=62195"}],"wp:term":[{"taxonomy":"product_cat","embeddable":true,"href":"https:\/\/www.laperlavalles.cat\/en\/wp-json\/wp\/v2\/product_cat?post=62195"},{"taxonomy":"product_tag","embeddable":true,"href":"https:\/\/www.laperlavalles.cat\/en\/wp-json\/wp\/v2\/product_tag?post=62195"}],"curies":[{"name":"wp","href":"https:\/\/api.w.org\/{rel}","templated":true}]}}