{"id":62635,"date":"2021-07-12T19:49:00","date_gmt":"2021-07-12T17:49:00","guid":{"rendered":"https:\/\/www.laperlavalles2.bcntic.com\/product\/zena-extra-spicy-sauce\/"},"modified":"2023-06-23T11:24:04","modified_gmt":"2023-06-23T09:24:04","slug":"zena-extra-spicy-sauce","status":"publish","type":"product","link":"https:\/\/www.laperlavalles.cat\/en\/product\/zena-extra-spicy-sauce\/","title":{"rendered":"ZENA EXTRA SPICY SAUCE"},"content":{"rendered":"<p>La sauce Zena extra \u00e9pic\u00e9e est une sauce au piment fort. La sauce est extr\u00eamement \u00e9pic\u00e9e. Originaire du S\u00e9n\u00e9gal. La Perla distribue des sauces \u00e9pic\u00e9es de divers pays du monde. Consultez notre catalogue complet.<\/p>\n","protected":false},"excerpt":{"rendered":"<p>La sauce Zena extra \u00e9pic\u00e9e est une sauce au piment fort. La sauce est extr\u00eamement \u00e9pic\u00e9e. Originaire du S\u00e9n\u00e9gal. La Perla distribue des sauces \u00e9pic\u00e9es de<span class=\"excerpt-hellip\"> [\u2026]<\/span><\/p>\n","protected":false},"featured_media":166197,"comment_status":"open","ping_status":"closed","template":"","meta":[],"product_cat":[8430],"product_tag":[],"_links":{"self":[{"href":"https:\/\/www.laperlavalles.cat\/en\/wp-json\/wp\/v2\/product\/62635"}],"collection":[{"href":"https:\/\/www.laperlavalles.cat\/en\/wp-json\/wp\/v2\/product"}],"about":[{"href":"https:\/\/www.laperlavalles.cat\/en\/wp-json\/wp\/v2\/types\/product"}],"replies":[{"embeddable":true,"href":"https:\/\/www.laperlavalles.cat\/en\/wp-json\/wp\/v2\/comments?post=62635"}],"wp:featuredmedia":[{"embeddable":true,"href":"https:\/\/www.laperlavalles.cat\/en\/wp-json\/wp\/v2\/media\/166197"}],"wp:attachment":[{"href":"https:\/\/www.laperlavalles.cat\/en\/wp-json\/wp\/v2\/media?parent=62635"}],"wp:term":[{"taxonomy":"product_cat","embeddable":true,"href":"https:\/\/www.laperlavalles.cat\/en\/wp-json\/wp\/v2\/product_cat?post=62635"},{"taxonomy":"product_tag","embeddable":true,"href":"https:\/\/www.laperlavalles.cat\/en\/wp-json\/wp\/v2\/product_tag?post=62635"}],"curies":[{"name":"wp","href":"https:\/\/api.w.org\/{rel}","templated":true}]}}