{"id":63875,"date":"2021-07-12T20:10:17","date_gmt":"2021-07-12T18:10:17","guid":{"rendered":"https:\/\/www.laperlavalles2.bcntic.com\/product\/nestle-cerelac-wheat-400gr\/"},"modified":"2023-06-26T15:01:49","modified_gmt":"2023-06-26T13:01:49","slug":"nestle-cerelac-wheat-400gr","status":"publish","type":"product","link":"https:\/\/www.laperlavalles.cat\/en\/product\/nestle-cerelac-wheat-400gr\/","title":{"rendered":"NESTL\u00c9 CERELAC WHEAT 400GR"},"content":{"rendered":"<p>Nestl\u00e9 Cerelac Wheat Milk are Nestl\u00e9\u2019s famous milk porridge. From 6 months.<\/p>\n","protected":false},"excerpt":{"rendered":"<p>Nestl\u00e9 Cerelac Wheat Milk are Nestl\u00e9\u2019s famous milk porridge. From 6 months.<\/p>\n","protected":false},"featured_media":139300,"comment_status":"open","ping_status":"closed","template":"","meta":[],"product_cat":[8426,8547],"product_tag":[],"_links":{"self":[{"href":"https:\/\/www.laperlavalles.cat\/en\/wp-json\/wp\/v2\/product\/63875"}],"collection":[{"href":"https:\/\/www.laperlavalles.cat\/en\/wp-json\/wp\/v2\/product"}],"about":[{"href":"https:\/\/www.laperlavalles.cat\/en\/wp-json\/wp\/v2\/types\/product"}],"replies":[{"embeddable":true,"href":"https:\/\/www.laperlavalles.cat\/en\/wp-json\/wp\/v2\/comments?post=63875"}],"wp:featuredmedia":[{"embeddable":true,"href":"https:\/\/www.laperlavalles.cat\/en\/wp-json\/wp\/v2\/media\/139300"}],"wp:attachment":[{"href":"https:\/\/www.laperlavalles.cat\/en\/wp-json\/wp\/v2\/media?parent=63875"}],"wp:term":[{"taxonomy":"product_cat","embeddable":true,"href":"https:\/\/www.laperlavalles.cat\/en\/wp-json\/wp\/v2\/product_cat?post=63875"},{"taxonomy":"product_tag","embeddable":true,"href":"https:\/\/www.laperlavalles.cat\/en\/wp-json\/wp\/v2\/product_tag?post=63875"}],"curies":[{"name":"wp","href":"https:\/\/api.w.org\/{rel}","templated":true}]}}