{"id":175,"date":"2019-07-16T07:57:25","date_gmt":"2019-07-16T05:57:25","guid":{"rendered":"http:\/\/lalaperlavnau.bcntic.com\/?page_id=175"},"modified":"2019-12-03T00:58:06","modified_gmt":"2019-12-02T23:58:06","slug":"recetas","status":"publish","type":"page","link":"https:\/\/www.laperlavalles.cat\/es\/recetas\/","title":{"rendered":"Recetas"},"content":{"rendered":"<p>[vc_row][vc_column]<div class=\"Latest_news featured\"><ul class=\"ul-first\"><li class=\"post-3736 post type-post status-publish format-standard has-post-thumbnail hentry category-recetas\"><div class=\"photo\"><a href=\"https:\/\/www.laperlavalles.cat\/es\/sushi\/\"><img width=\"960\" height=\"750\" src=\"https:\/\/www.laperlavalles.cat\/wp-content\/uploads\/2019\/11\/sushi1-960x750.jpg\" class=\"scale-with-grid wp-post-image\" alt=\"\" loading=\"lazy\" srcset=\"https:\/\/www.laperlavalles.cat\/wp-content\/uploads\/2019\/11\/sushi1-960x750.jpg 960w, https:\/\/www.laperlavalles.cat\/wp-content\/uploads\/2019\/11\/sushi1-1280x1000.jpg 1280w\" sizes=\"(max-width: 960px) 100vw, 960px\" \/><\/a><\/div><div class=\"desc\"><h4><a href=\"https:\/\/www.laperlavalles.cat\/es\/sushi\/\">Sushi<\/a><\/h4><div class=\"desc_footer\"><span class=\"date\"><i class=\"icon-clock\"><\/i> 20 noviembre, 2019<\/span><i class=\"icon-comment-empty-fa\"><\/i> <a href=\"https:\/\/www.laperlavalles.cat\/es\/sushi\/#respond\" class=\"post-comments\">0<\/a><div class=\"button-love\"><\/div><\/div><div class=\"post-excerpt\">Desde hace a\u00f1os el sushi es uno de los platos m\u00e1s populares del mundo. Su or\u00edgen es japon\u00e9s y como ingrediente principal utiliza el arroz guarnecido<span class=\"excerpt-hellip\"> [\u2026]<\/span><\/div><\/div><\/li><\/ul><ul class=\"ul-second\"><li class=\"post-3730 post type-post status-publish format-standard has-post-thumbnail hentry category-recetas\"><div class=\"photo\"><a href=\"https:\/\/www.laperlavalles.cat\/es\/papas-al-curry-cocinadas-con-aceite-de-coco\/\"><img width=\"718\" height=\"393\" src=\"https:\/\/www.laperlavalles.cat\/wp-content\/uploads\/2019\/11\/patatascurry.jpg\" class=\"scale-with-grid wp-post-image\" alt=\"\" loading=\"lazy\" srcset=\"https:\/\/www.laperlavalles.cat\/wp-content\/uploads\/2019\/11\/patatascurry.jpg 718w, https:\/\/www.laperlavalles.cat\/wp-content\/uploads\/2019\/11\/patatascurry-600x328.jpg 600w, https:\/\/www.laperlavalles.cat\/wp-content\/uploads\/2019\/11\/patatascurry-300x164.jpg 300w, https:\/\/www.laperlavalles.cat\/wp-content\/uploads\/2019\/11\/patatascurry-260x142.jpg 260w, https:\/\/www.laperlavalles.cat\/wp-content\/uploads\/2019\/11\/patatascurry-50x27.jpg 50w, https:\/\/www.laperlavalles.cat\/wp-content\/uploads\/2019\/11\/patatascurry-137x75.jpg 137w, https:\/\/www.laperlavalles.cat\/wp-content\/uploads\/2019\/11\/patatascurry-64x35.jpg 64w\" sizes=\"(max-width: 718px) 100vw, 718px\" \/><\/a><\/div><div class=\"desc\"><h5><a href=\"https:\/\/www.laperlavalles.cat\/es\/papas-al-curry-cocinadas-con-aceite-de-coco\/\">Papas al Curry cocinadas con aceite de coco<\/a><\/h5><div class=\"desc_footer\"><span class=\"date\"><i class=\"icon-clock\"><\/i> 20 noviembre, 2019<\/span><i class=\"icon-comment-empty-fa\"><\/i> <a href=\"https:\/\/www.laperlavalles.cat\/es\/papas-al-curry-cocinadas-con-aceite-de-coco\/#respond\" class=\"post-comments\">0<\/a><div class=\"button-love\"><\/div><\/div><div class=\"post-excerpt\">El cusc\u00fas es un plato tradicional bereber hecho a base de s\u00e9mola de trigo. Podr\u00eda considerarse el plato principal de muchos pueblos del norte de \u00c1frica,<span class=\"excerpt-hellip\"> [\u2026]<\/span><\/div><\/div><\/li><li class=\"post-3722 post type-post status-publish format-standard has-post-thumbnail hentry category-recetas\"><div class=\"photo\"><a href=\"https:\/\/www.laperlavalles.cat\/es\/hummus\/\"><img width=\"960\" height=\"750\" src=\"https:\/\/www.laperlavalles.cat\/wp-content\/uploads\/2019\/11\/hummusgran-960x750.jpg\" class=\"scale-with-grid wp-post-image\" alt=\"\" loading=\"lazy\" srcset=\"https:\/\/www.laperlavalles.cat\/wp-content\/uploads\/2019\/11\/hummusgran-960x750.jpg 960w, https:\/\/www.laperlavalles.cat\/wp-content\/uploads\/2019\/11\/hummusgran-1280x1000.jpg 1280w\" sizes=\"(max-width: 960px) 100vw, 960px\" \/><\/a><\/div><div class=\"desc\"><h5><a href=\"https:\/\/www.laperlavalles.cat\/es\/hummus\/\">Hummus<\/a><\/h5><div class=\"desc_footer\"><span class=\"date\"><i class=\"icon-clock\"><\/i> 20 noviembre, 2019<\/span><i class=\"icon-comment-empty-fa\"><\/i> <a href=\"https:\/\/www.laperlavalles.cat\/es\/hummus\/#respond\" class=\"post-comments\">0<\/a><div class=\"button-love\"><\/div><\/div><div class=\"post-excerpt\">El hummus es un aperitivo y una de las recetas m\u00e1s populares del Medio Oriente. Se sirve con pan de pita fresco o tostado, y se<span class=\"excerpt-hellip\"> [\u2026]<\/span><\/div><\/div><\/li><li class=\"post-3715 post type-post status-publish format-standard has-post-thumbnail hentry category-recetas\"><div class=\"photo\"><a href=\"https:\/\/www.laperlavalles.cat\/es\/cuscus-con-wok-de-verduras-crema-de-cacahuete-y-coco\/\"><img width=\"805\" height=\"539\" src=\"https:\/\/www.laperlavalles.cat\/wp-content\/uploads\/2019\/11\/ensalada_cuscus.jpg\" class=\"scale-with-grid wp-post-image\" alt=\"\" loading=\"lazy\" srcset=\"https:\/\/www.laperlavalles.cat\/wp-content\/uploads\/2019\/11\/ensalada_cuscus.jpg 805w, https:\/\/www.laperlavalles.cat\/wp-content\/uploads\/2019\/11\/ensalada_cuscus-600x402.jpg 600w, https:\/\/www.laperlavalles.cat\/wp-content\/uploads\/2019\/11\/ensalada_cuscus-64x43.jpg 64w, https:\/\/www.laperlavalles.cat\/wp-content\/uploads\/2019\/11\/ensalada_cuscus-300x201.jpg 300w, https:\/\/www.laperlavalles.cat\/wp-content\/uploads\/2019\/11\/ensalada_cuscus-768x514.jpg 768w, https:\/\/www.laperlavalles.cat\/wp-content\/uploads\/2019\/11\/ensalada_cuscus-218x146.jpg 218w, https:\/\/www.laperlavalles.cat\/wp-content\/uploads\/2019\/11\/ensalada_cuscus-50x33.jpg 50w, https:\/\/www.laperlavalles.cat\/wp-content\/uploads\/2019\/11\/ensalada_cuscus-112x75.jpg 112w\" sizes=\"(max-width: 805px) 100vw, 805px\" \/><\/a><\/div><div class=\"desc\"><h5><a href=\"https:\/\/www.laperlavalles.cat\/es\/cuscus-con-wok-de-verduras-crema-de-cacahuete-y-coco\/\">Cusc\u00fas con wok de verduras, crema de cacahuete y coco<\/a><\/h5><div class=\"desc_footer\"><span class=\"date\"><i class=\"icon-clock\"><\/i> 20 noviembre, 2019<\/span><i class=\"icon-comment-empty-fa\"><\/i> <a href=\"https:\/\/www.laperlavalles.cat\/es\/cuscus-con-wok-de-verduras-crema-de-cacahuete-y-coco\/#respond\" class=\"post-comments\">0<\/a><div class=\"button-love\"><\/div><\/div><div class=\"post-excerpt\">El cusc\u00fas es un plato tradicional bereber hecho a base de s\u00e9mola de trigo. Podr\u00eda considerarse el plato principal de muchos pueblos del norte de \u00c1frica,<span class=\"excerpt-hellip\"> [\u2026]<\/span><\/div><\/div><\/li><li class=\"post-3706 post type-post status-publish format-standard has-post-thumbnail hentry category-recetas\"><div class=\"photo\"><a href=\"https:\/\/www.laperlavalles.cat\/es\/bizcocho-de-harina-de-arroz-y-yogur-de-soja\/\"><img width=\"722\" height=\"480\" src=\"https:\/\/www.laperlavalles.cat\/wp-content\/uploads\/2019\/11\/bizcocho-con-harina-de-arroz1.jpg\" class=\"scale-with-grid wp-post-image\" alt=\"\" loading=\"lazy\" srcset=\"https:\/\/www.laperlavalles.cat\/wp-content\/uploads\/2019\/11\/bizcocho-con-harina-de-arroz1.jpg 722w, https:\/\/www.laperlavalles.cat\/wp-content\/uploads\/2019\/11\/bizcocho-con-harina-de-arroz1-600x399.jpg 600w, https:\/\/www.laperlavalles.cat\/wp-content\/uploads\/2019\/11\/bizcocho-con-harina-de-arroz1-64x43.jpg 64w, https:\/\/www.laperlavalles.cat\/wp-content\/uploads\/2019\/11\/bizcocho-con-harina-de-arroz1-300x199.jpg 300w, https:\/\/www.laperlavalles.cat\/wp-content\/uploads\/2019\/11\/bizcocho-con-harina-de-arroz1-220x146.jpg 220w, https:\/\/www.laperlavalles.cat\/wp-content\/uploads\/2019\/11\/bizcocho-con-harina-de-arroz1-50x33.jpg 50w, https:\/\/www.laperlavalles.cat\/wp-content\/uploads\/2019\/11\/bizcocho-con-harina-de-arroz1-113x75.jpg 113w\" sizes=\"(max-width: 722px) 100vw, 722px\" \/><\/a><\/div><div class=\"desc\"><h5><a href=\"https:\/\/www.laperlavalles.cat\/es\/bizcocho-de-harina-de-arroz-y-yogur-de-soja\/\">Bizcocho de harina de arroz y yogur de soja<\/a><\/h5><div class=\"desc_footer\"><span class=\"date\"><i class=\"icon-clock\"><\/i> 20 noviembre, 2019<\/span><i class=\"icon-comment-empty-fa\"><\/i> <a href=\"https:\/\/www.laperlavalles.cat\/es\/bizcocho-de-harina-de-arroz-y-yogur-de-soja\/#respond\" class=\"post-comments\">0<\/a><div class=\"button-love\"><\/div><\/div><div class=\"post-excerpt\">Existen infinidad de recetas de bizcocho, elaboradas con muchas variedades de harina.\u00a0 \u00c9sta receta est\u00e1 elaborada con harina de arroz, harina apta para cel\u00edacos, ideal para<span class=\"excerpt-hellip\"> [\u2026]<\/span><\/div><\/div><\/li><li class=\"post-204 post type-post status-publish format-standard has-post-thumbnail hentry category-recetas\"><div class=\"photo\"><a href=\"https:\/\/www.laperlavalles.cat\/es\/crema-de-calabaza-y-coco\/\"><img width=\"960\" height=\"750\" src=\"https:\/\/www.laperlavalles.cat\/wp-content\/uploads\/2019\/10\/crema-de-calabaza2-960x750.jpg\" class=\"scale-with-grid wp-post-image\" alt=\"\" loading=\"lazy\" srcset=\"https:\/\/www.laperlavalles.cat\/wp-content\/uploads\/2019\/10\/crema-de-calabaza2-960x750.jpg 960w, https:\/\/www.laperlavalles.cat\/wp-content\/uploads\/2019\/10\/crema-de-calabaza2-1280x1000.jpg 1280w\" sizes=\"(max-width: 960px) 100vw, 960px\" \/><\/a><\/div><div class=\"desc\"><h5><a href=\"https:\/\/www.laperlavalles.cat\/es\/crema-de-calabaza-y-coco\/\">Crema de calabaza y coco<\/a><\/h5><div class=\"desc_footer\"><span class=\"date\"><i class=\"icon-clock\"><\/i> 17 octubre, 2019<\/span><i class=\"icon-comment-empty-fa\"><\/i> <a href=\"https:\/\/www.laperlavalles.cat\/es\/crema-de-calabaza-y-coco\/#respond\" class=\"post-comments\">0<\/a><div class=\"button-love\"><\/div><\/div><div class=\"post-excerpt\"><\/div><\/div><\/li><\/ul><\/div>\n[\/vc_column][\/vc_row]<\/p>\n","protected":false},"excerpt":{"rendered":"<p>[vc_row][vc_column][\/vc_column][\/vc_row]<\/p>\n","protected":false},"author":1,"featured_media":0,"parent":0,"menu_order":0,"comment_status":"closed","ping_status":"closed","template":"","meta":[],"_links":{"self":[{"href":"https:\/\/www.laperlavalles.cat\/es\/wp-json\/wp\/v2\/pages\/175"}],"collection":[{"href":"https:\/\/www.laperlavalles.cat\/es\/wp-json\/wp\/v2\/pages"}],"about":[{"href":"https:\/\/www.laperlavalles.cat\/es\/wp-json\/wp\/v2\/types\/page"}],"author":[{"embeddable":true,"href":"https:\/\/www.laperlavalles.cat\/es\/wp-json\/wp\/v2\/users\/1"}],"replies":[{"embeddable":true,"href":"https:\/\/www.laperlavalles.cat\/es\/wp-json\/wp\/v2\/comments?post=175"}],"version-history":[{"count":0,"href":"https:\/\/www.laperlavalles.cat\/es\/wp-json\/wp\/v2\/pages\/175\/revisions"}],"wp:attachment":[{"href":"https:\/\/www.laperlavalles.cat\/es\/wp-json\/wp\/v2\/media?parent=175"}],"curies":[{"name":"wp","href":"https:\/\/api.w.org\/{rel}","templated":true}]}}