{"id":18,"date":"2016-10-12T11:23:19","date_gmt":"2016-10-12T09:23:19","guid":{"rendered":"http:\/\/themes.muffingroup.com\/be\/herbal\/?page_id=18"},"modified":"2024-07-30T11:25:53","modified_gmt":"2024-07-30T09:25:53","slug":"contacto","status":"publish","type":"page","link":"https:\/\/www.laperlavalles.cat\/es\/contacto\/","title":{"rendered":"Contacta con nosotros"},"content":{"rendered":"<p>[vc_row css=\u00bb.vc_custom_1721227240687{padding-top: 60px !important;padding-bottom: 60px !important;}\u00bb][vc_column][vc_custom_heading text=\u00bbCONTACTA CON NOSOTROS\u00bb font_container=\u00bbtag:h1|font_size:65|text_align:center|color:%23a4343a|line_height:1.4em\u00bb google_fonts=\u00bbfont_family:Roboto%20Slab%3A100%2C300%2Cregular%2C700|font_style:400%20regular%3A400%3Anormal\u00bb][\/vc_column][\/vc_row][vc_row css=\u00bb.vc_custom_1621899043590{padding-top: 60px !important;}\u00bb][vc_column][vc_gmaps link=\u00bb#E-8_JTNDaWZyYW1lJTIwc3JjJTNEJTIyaHR0cHMlM0ElMkYlMkZ3d3cuZ29vZ2xlLmNvbSUyRm1hcHMlMkZlbWJlZCUzRnBiJTNEJTIxMW0xOCUyMTFtMTIlMjExbTMlMjExZDEwMDMxLjQxNTI0MDU2OTI2NCUyMTJkMi4zMjE4OTMwNTMyMTk1Mzc0JTIxM2Q0MS42MjY0MDEzODU0NzYwNSUyMTJtMyUyMTFmMCUyMTJmMCUyMTNmMCUyMTNtMiUyMTFpMTAyNCUyMTJpNzY4JTIxNGYxMy4xJTIxM20zJTIxMW0yJTIxMXMweDEyYTRjODBjNTE1YTA0MDUlMjUzQTB4ZjcxYjI4ZTA3YTVkMmQ1MiUyMTJzUHJvZHVjdGVzJTI1MjBBbGltZW50YXJpcyUyNTIwTGElMjUyMFBlcmxhJTI1MjBTLkwuJTIxNWUwJTIxM20yJTIxMXNlcyUyMTJzZXMlMjE0djE1NzEzNzMxNTY4ODIlMjE1bTIlMjExc2VzJTIxMnNlcyUyMiUyMHdpZHRoJTNEJTIyMTAwJTI1JTIyJTIwaGVpZ2h0JTNEJTIyNDUwJTIyJTIwZnJhbWVib3JkZXIlM0QlMjIwJTIyJTIwc3R5bGUlM0QlMjJib3JkZXIlM0EwJTNCJTIyJTIwYWxsb3dmdWxsc2NyZWVuJTNEJTIyJTIyJTNFJTNDJTJGaWZyYW1lJTNF\u00bb][\/vc_column][\/vc_row][vc_row][vc_column][vc_row_inner][vc_column_inner][vc_custom_heading text=\u00bbFormulario de contacto\u00bb google_fonts=\u00bbfont_family:PT%20Sans%3Aregular%2Citalic%2C700%2C700italic|font_style:400%20regular%3A400%3Anormal\u00bb][\/vc_column_inner][\/vc_row_inner][vc_row_inner][vc_column_inner width=\u00bb2\/3&#8243;]<div role=\"form\" class=\"wpcf7\" id=\"wpcf7-f33804-o1\" lang=\"es-ES\" dir=\"ltr\">\n<div class=\"screen-reader-response\"><p role=\"status\" aria-live=\"polite\" aria-atomic=\"true\"><\/p> <ul><\/ul><\/div>\n<form action=\"\/es\/wp-json\/wp\/v2\/pages\/18#wpcf7-f33804-o1\" method=\"post\" class=\"wpcf7-form init\" novalidate=\"novalidate\" data-status=\"init\">\n<div style=\"display: none;\">\n<input type=\"hidden\" name=\"_wpcf7\" value=\"33804\" \/>\n<input type=\"hidden\" name=\"_wpcf7_version\" value=\"5.6.4\" \/>\n<input type=\"hidden\" name=\"_wpcf7_locale\" value=\"es_ES\" \/>\n<input type=\"hidden\" name=\"_wpcf7_unit_tag\" value=\"wpcf7-f33804-o1\" \/>\n<input type=\"hidden\" name=\"_wpcf7_container_post\" value=\"0\" \/>\n<input type=\"hidden\" name=\"_wpcf7_posted_data_hash\" value=\"\" \/>\n<input type=\"hidden\" name=\"_wpcf7_recaptcha_response\" value=\"\" \/>\n<\/div>\n<p>Persona de contacto (requerido)<br \/>\n    <span class=\"wpcf7-form-control-wrap\" data-name=\"tu-nombre\"><input type=\"text\" name=\"tu-nombre\" value=\"\" size=\"40\" class=\"wpcf7-form-control wpcf7-text wpcf7-validates-as-required\" aria-required=\"true\" aria-invalid=\"false\" \/><\/span> <\/p>\n<p>Empresa<br\/><br \/>\n    <span class=\"wpcf7-form-control-wrap\" data-name=\"tu-empresa\"><input type=\"text\" name=\"tu-empresa\" value=\"\" size=\"40\" class=\"wpcf7-form-control wpcf7-text\" aria-invalid=\"false\" \/><\/span> <\/p>\n<p>Direcci\u00f3n><br\/><br \/>\n<span class=\"wpcf7-form-control-wrap\" data-name=\"tu-direccion\"><input type=\"text\" name=\"tu-direccion\" value=\"\" size=\"40\" class=\"wpcf7-form-control wpcf7-text\" aria-invalid=\"false\" \/><\/span><\/p>\n<p>Poblaci\u00f3n (requerido)<br\/><br \/>\n<span class=\"wpcf7-form-control-wrap\" data-name=\"tu-poblacion\"><input type=\"text\" name=\"tu-poblacion\" value=\"\" size=\"40\" class=\"wpcf7-form-control wpcf7-text wpcf7-validates-as-required\" aria-required=\"true\" aria-invalid=\"false\" \/><\/span><\/p>\n<p>Pa\u00eds (requerido)<br><br \/>\n<span class=\"wpcf7-form-control-wrap\" data-name=\"tu-pais\"><input type=\"text\" name=\"tu-pais\" value=\"\" size=\"40\" class=\"wpcf7-form-control wpcf7-text wpcf7-validates-as-required\" aria-required=\"true\" aria-invalid=\"false\" \/><\/span><\/p>\n<p>Tel\u00e9fono (requerido)<\/br><br \/>\n<span class=\"wpcf7-form-control-wrap\" data-name=\"telefono\"><input type=\"tel\" name=\"telefono\" value=\"\" size=\"40\" class=\"wpcf7-form-control wpcf7-text wpcf7-tel wpcf7-validates-as-required wpcf7-validates-as-tel\" aria-required=\"true\" aria-invalid=\"false\" \/><\/span><\/p>\n<p>E-mail (requerido)<br \/>\n    <span class=\"wpcf7-form-control-wrap\" data-name=\"your-email\"><input type=\"email\" name=\"your-email\" value=\"\" size=\"40\" class=\"wpcf7-form-control wpcf7-text wpcf7-email wpcf7-validates-as-required wpcf7-validates-as-email\" aria-required=\"true\" aria-invalid=\"false\" \/><\/span> <\/p>\n<p>Mensaje (requerido)<br \/>\n    <span class=\"wpcf7-form-control-wrap\" data-name=\"your-message\"><textarea name=\"your-message\" cols=\"40\" rows=\"10\" class=\"wpcf7-form-control wpcf7-textarea wpcf7-validates-as-required\" aria-required=\"true\" aria-invalid=\"false\"><\/textarea><\/span> <\/p>\n<p><span class=\"wpcf7-form-control-wrap\" data-name=\"verificacion-420\"><span class=\"wpcf7-form-control wpcf7-checkbox\"><span class=\"wpcf7-list-item first last\"><input type=\"checkbox\" name=\"verificacion-420[]\" value=\"Acepto recibir informaci\u00f3n comercial, incluso por correo electr\u00f3nico.\" \/><span class=\"wpcf7-list-item-label\">Acepto recibir informaci\u00f3n comercial, incluso por correo electr\u00f3nico.<\/span><\/span><\/span><\/span><br \/>\n<span class=\"wpcf7-form-control-wrap\" data-name=\"accept-681\"><span class=\"wpcf7-form-control wpcf7-acceptance\"><span class=\"wpcf7-list-item\"><label><input type=\"checkbox\" name=\"accept-681\" value=\"1\" aria-invalid=\"false\" \/><span class=\"wpcf7-list-item-label\">He le\u00eddo y acepto la <a href=\"\/es\/politica-de-privacidad\" target=\"_blank\"> Pol\u00edtica de privacidad <\/a> (*)<\/span><\/label><\/span><\/span><\/span><\/p>\n<p> <strong> * Todos los campos con * <u> asteriscos <\/u> son obligatorios. <\/strong> <\/p>\n<p><input type=\"submit\" value=\"Enviar\" class=\"wpcf7-form-control has-spinner wpcf7-submit\" \/><\/p>\n<p style=\"display: none !important;\"><label>&#916;<textarea name=\"_wpcf7_ak_hp_textarea\" cols=\"45\" rows=\"8\" maxlength=\"100\"><\/textarea><\/label><input type=\"hidden\" id=\"ak_js_1\" name=\"_wpcf7_ak_js\" value=\"35\"\/><script>document.getElementById( \"ak_js_1\" ).setAttribute( \"value\", ( new Date() ).getTime() );<\/script><\/p><input type='hidden' class='wpcf7-pum' value='{\"closepopup\":false,\"closedelay\":0,\"openpopup\":false,\"openpopup_id\":0}' \/><div class=\"wpcf7-response-output\" aria-hidden=\"true\"><\/div><\/form><\/div>[vc_toggle title=\u00bbAviso legal\u00bb style=\u00bbsimple\u00bb]<\/p>\n<h4>INFORMACI\u00d3N SOBRE PROTECCI\u00d3N DE DATOS COMPRAR LA PERLA<\/h4>\n<p><strong> Fines <\/strong>: Respondemos a sus solicitudes y le enviamos informaci\u00f3n comercial sobre nuestros productos y servicios, incluido el correo electr\u00f3nico. <strong> Legitimaci\u00f3n <\/strong>: Consentimiento del interesado. <strong> Destinatarios <\/strong>: no se planean transferencias de datos. <strong> Derechos <\/strong>: Puede retirar su consentimiento en cualquier momento, as\u00ed como acceder, rectificar, suprimir sus datos y otros derechos en <a href=\"mailto:form@laperlavalles.cat\">form@laperlavalles.cat<\/a>. <strong>Informaci\u00f3n adicional<\/strong>: puede ampliar la informaci\u00f3n en el enlace <a href=\"\/es\/aviso-legal\" target=\"_blank\" rel=\"noopener\"> Avisos legales <\/a>.<\/p>\n<p>&nbsp;<\/p>\n<p style=\"text-align: justify;\">La comunicaci\u00f3n enviada quedar\u00e1 incorporada a un fichero del que es responsable <strong>Productes Alimentaris La Perla SL.<\/strong> Esta comunicaci\u00f3n se utilizar\u00e1 exclusivamente para tratar sus datos para atender su solicitud, siempre de acuerdo al Reglamento (UE) 2016\/679 (RGPD), la Ley Org\u00e1nica 15\/1999 (LOPD) y el Real Decreto 1720\/2007 de desarrollo de la LOPD), sobre protecci\u00f3n de datos. Sus datos no se comunicaran a terceros, excepto por obligaci\u00f3n legal, y se mantendr\u00e1n mientras no solicite su cancelaci\u00f3n.<br \/>\nEn cualquier momento usted puede ejercer los derechos de acceso, rectificaci\u00f3n, portabilidad y oposici\u00f3n, o si procede, a la limitaci\u00f3n y\/o cancelaci\u00f3n del tratamiento, comunic\u00e1ndolo por escrito, indicando sus datos personales a Marie Curie s\/n 08430, La Roca del Vall\u00e8s o mediante un email a Info@laperlavalles.cat.<\/p>\n<p>[\/vc_toggle][\/vc_column_inner][vc_column_inner width=\u00bb1\/3&#8243;][vc_column_text]<a href=\"http:\/\/www.facebook.com\/laperlaethnicfoods\"><img class=\"alignnone size-full wp-image-256\" src=\"https:\/\/www.laperlavalles.cat\/wp-content\/uploads\/2019\/10\/facebook-logo.png\" alt=\"\" width=\"32\" height=\"32\" \/><\/a> \u00a0 <a href=\"http:\/\/www.linkedin.com\/company\/productes-alimentaris-la-perla-s-l-\"><img class=\"alignnone size-medium wp-image-257\" src=\"https:\/\/www.laperlavalles.cat\/wp-content\/uploads\/2019\/10\/linkedin.png\" alt=\"\" width=\"32\" height=\"32\" \/><\/a>[\/vc_column_text][vc_column_text]<\/p>\n<h3>M\u00e1s Informaci\u00f3n<\/h3>\n<p><strong>Productes Alimentaris la Perla S.L.<\/strong><br \/>\n<strong>Direcci\u00f3n :<\/strong> C\/ Marie Curie s\/n ( Pol. Ind. Can Jorn) 08430 La Roca del Vall\u00e8s (Barcelona)<br \/>\n<strong>T:<\/strong> 93.840.2004 \/ <strong>F<\/strong>: 93.846.33.46<br \/>\n<strong>Horario de lunes a jueves<\/strong><br \/>\nAlmac\u00e9n: 8.00h &#8211; 15.00h<br \/>\nOficina: 8.00h &#8211; 18.00h<br \/>\n<strong>Viernes<\/strong><br \/>\nAlmac\u00e9n: 8.00h &#8211; 15.00h<br \/>\nOficina: 8.00h &#8211; 16.00h<br \/>\n<a href=\"mailto:info@laperlavalles.cat\"><strong>Email<\/strong><\/a>[\/vc_column_text][\/vc_column_inner][\/vc_row_inner][\/vc_column][\/vc_row][vc_row][vc_column][vc_row_inner][vc_column_inner][vc_custom_heading text=\u00bbNuestras delegaciones\u00bb google_fonts=\u00bbfont_family:PT%20Sans%3Aregular%2Citalic%2C700%2C700italic|font_style:400%20regular%3A400%3Anormal\u00bb][\/vc_column_inner][\/vc_row_inner][vc_row_inner][vc_column_inner width=\u00bb1\/2&#8243;][vc_custom_heading text=\u00bbPA\u00cdS VASCO, NAVARRA Y ASTURIAS\u00bb font_container=\u00bbtag:h5|text_align:center\u00bb google_fonts=\u00bbfont_family:PT%20Sans%3Aregular%2Citalic%2C700%2C700italic|font_style:400%20regular%3A400%3Anormal\u00bb][vc_gmaps link=\u00bb#E-8_JTNDaWZyYW1lJTIwc3JjJTNEJTIyaHR0cHMlM0ElMkYlMkZ3d3cuZ29vZ2xlLmNvbSUyRm1hcHMlMkZlbWJlZCUzRnBiJTNEJTIxMW0xOCUyMTFtMTIlMjExbTMlMjExZDI5MDcuMjU4NTQ0MjQ5MTUzNiUyMTJkLTIuODkzNjU5Nzg0MDk2OTQ0JTIxM2Q0My4yMjUwMzg2NzkxMzg0NjQlMjEybTMlMjExZjAlMjEyZjAlMjEzZjAlMjEzbTIlMjExaTEwMjQlMjEyaTc2OCUyMTRmMTMuMSUyMTNtMyUyMTFtMiUyMTFzMHhkNGU0ZTg1ZjM2OTkxYjElMjUzQTB4MTVmZWI2YTM3MjFiZDRhNyUyMTJzTGElMjUyME1vcmVuYSUyNTIwUHJvZHVjdG9zJTI1MjBkZSUyNTIwYWxpbWVudGFjaSUyNUMzJTI1QjNuJTI1MjBTLkwuJTIxNWUwJTIxM20yJTIxMXNlcyUyMTJzZXMlMjE0djE1NzIyODAxODA5NzclMjE1bTIlMjExc2VzJTIxMnNlcyUyMiUyMHdpZHRoJTNEJTIyNjAwJTIyJTIwaGVpZ2h0JTNEJTIyNDUwJTIyJTIwZnJhbWVib3JkZXIlM0QlMjIwJTIyJTIwc3R5bGUlM0QlMjJib3JkZXIlM0EwJTNCJTIyJTIwYWxsb3dmdWxsc2NyZWVuJTNEJTIyJTIyJTNFJTNDJTJGaWZyYW1lJTNF\u00bb][vc_column_text]<\/p>\n<div class=\"field field-name-field-text-body field-type-text-long field-label-hidden\">\n<div class=\"field-items\">\n<div class=\"field-item even\" style=\"text-align: center;\"><strong>La Morena Productos de Alimentaci\u00f3n S.L.<\/strong><\/div>\n<div class=\"field-item even\" style=\"text-align: center;\">Pol. Ind. Arteagoiti &#8211; 7 48970 Basauri (Vizcaya) Espa\u00f1a<\/div>\n<div class=\"field-item even\" style=\"text-align: center;\">Tel. 94.401.00.11 \/ Fax 94.401.00.12<\/div>\n<div class=\"field-item even\" style=\"text-align: center;\"><a href=\"mailto:arno@alimentsnaturals.com\">palamorena@palamorena.com<\/a><\/div>\n<\/div>\n<\/div>\n<p>[\/vc_column_text][\/vc_column_inner][vc_column_inner width=\u00bb1\/2&#8243;][vc_custom_heading text=\u00bbALMER\u00cdA\u00bb font_container=\u00bbtag:h5|text_align:center\u00bb google_fonts=\u00bbfont_family:PT%20Sans%3Aregular%2Citalic%2C700%2C700italic|font_style:400%20regular%3A400%3Anormal\u00bb][vc_gmaps link=\u00bb#E-8_JTNDaWZyYW1lJTIwc3JjJTNEJTIyaHR0cHMlM0ElMkYlMkZ3d3cuZ29vZ2xlLmNvbSUyRm1hcHMlMkZlbWJlZCUzRnBiJTNEJTIxMW0xOCUyMTFtMTIlMjExbTMlMjExZDMxOTYuMzgzMDU2NDcwMDk5MyUyMTJkLTIuNjIzNjkwMTg0MjUwNDA1JTIxM2QzNi43NjEzNzcwNzk5NTY1MiUyMTJtMyUyMTFmMCUyMTJmMCUyMTNmMCUyMTNtMiUyMTFpMTAyNCUyMTJpNzY4JTIxNGYxMy4xJTIxM20zJTIxMW0yJTIxMXMweGQ3MDZmZmNmZmI5YjI3MyUyNTNBMHhkN2UwNTBjMDU4MzRhMjRkJTIxMnNDYW1pbm8lMjUyMERlcCUyNUMzJTI1QjNzaXRvcyUyNTJDJTI1MjAzMyUyNTJDJTI1MjAwNDc0MCUyNTIwUm9xdWV0YXMlMjUyMGRlJTI1MjBNYXIlMjUyQyUyNTIwQWxtZXIlMjVDMyUyNUFEYSUyMTVlMCUyMTNtMiUyMTFzZXMlMjEyc2VzJTIxNHYxNTcyMjgwNjg5Mzg1JTIxNW0yJTIxMXNlcyUyMTJzZXMlMjIlMjB3aWR0aCUzRCUyMjYwMCUyMiUyMGhlaWdodCUzRCUyMjQ1MCUyMiUyMGZyYW1lYm9yZGVyJTNEJTIyMCUyMiUyMHN0eWxlJTNEJTIyYm9yZGVyJTNBMCUzQiUyMiUyMGFsbG93ZnVsbHNjcmVlbiUzRCUyMiUyMiUzRSUzQyUyRmlmcmFtZSUzRQ==\u00bb][vc_column_text]<\/p>\n<div class=\"field field-name-field-text-body field-type-text-long field-label-hidden\">\n<div class=\"field-items\">\n<div class=\"field-item even\" style=\"text-align: center;\"><strong>Jose L\u00f3pez Fern\u00e1ndez<\/strong><\/div>\n<div class=\"field-item even\" style=\"text-align: center;\">Camino de los Depositos n\u00ba 33 04740 Roquetas de Mar-Almer\u00eda Espa\u00f1a<\/div>\n<div class=\"field-item even\" style=\"text-align: center;\">T.629054701 F.95.031.99.96<\/div>\n<div class=\"field-item even\" style=\"text-align: center;\"><a href=\"mailto:roylu49@msn.com\">roylu49@msn.com<\/a><\/div>\n<\/div>\n<\/div>\n<p>[\/vc_column_text][\/vc_column_inner][\/vc_row_inner][vc_row_inner][vc_column_inner width=\u00bb1\/2&#8243;][vc_custom_heading text=\u00bbMURCIA, CASTILLA LA MANCHA Y ALICANTE\u00bb font_container=\u00bbtag:h5|text_align:center\u00bb google_fonts=\u00bbfont_family:PT%20Sans%3Aregular%2Citalic%2C700%2C700italic|font_style:400%20regular%3A400%3Anormal\u00bb][vc_gmaps link=\u00bb#E-8_JTNDaWZyYW1lJTIwc3JjJTNEJTIyaHR0cHMlM0ElMkYlMkZ3d3cuZ29vZ2xlLmNvbSUyRm1hcHMlMkZlbWJlZCUzRnBiJTNEJTIxMW0xOCUyMTFtMTIlMjExbTMlMjExZDMxNTIuNDIxMTA3MTQzMjQ3JTIxMmQtMS4wMTU2NTY1ODQyMjcwNTg4JTIxM2QzNy44MDM2MDQyNzk3NTQyNiUyMTJtMyUyMTFmMCUyMTJmMCUyMTNmMCUyMTNtMiUyMTFpMTAyNCUyMTJpNzY4JTIxNGYxMy4xJTIxM20zJTIxMW0yJTIxMXMweGQ2MzZlMjljZTdkYzNkNSUyNTNBMHgzNmE0MTFlNTQ4OGQ5YzI2JTIxMnNEaXN0cmlvY2VhbiUyNTIwUyUyNTIwTCUyMTVlMCUyMTNtMiUyMTFzZXMlMjEyc2VzJTIxNHYxNTcyMjgwMzkxMTgxJTIxNW0yJTIxMXNlcyUyMTJzZXMlMjIlMjB3aWR0aCUzRCUyMjYwMCUyMiUyMGhlaWdodCUzRCUyMjQ1MCUyMiUyMGZyYW1lYm9yZGVyJTNEJTIyMCUyMiUyMHN0eWxlJTNEJTIyYm9yZGVyJTNBMCUzQiUyMiUyMGFsbG93ZnVsbHNjcmVlbiUzRCUyMiUyMiUzRSUzQyUyRmlmcmFtZSUzRQ==\u00bb][vc_column_text]<\/p>\n<div class=\"field field-name-field-text-body field-type-text-long field-label-hidden\">\n<div class=\"field-items\">\n<div class=\"field-item even\" style=\"text-align: center;\"><strong>DISTRIOCEAN S.L.U.<\/strong><\/div>\n<div class=\"field-item even\" style=\"text-align: center;\">Calle Mensajeros de la Paz &#8211; 21 Pol. Ind. Rold\u00e1n 30709 Rold\u00e1n (Murcia) Espa\u00f1a<\/div>\n<div class=\"field-item even\" style=\"text-align: center;\">Tel. 96.858.97.28<\/div>\n<div class=\"field-item even\" style=\"text-align: center;\"><a href=\"mailto:distrioceanadm@gmail.com\">distrioceanadm@gmail.com<\/a><\/div>\n<\/div>\n<\/div>\n<p>[\/vc_column_text][\/vc_column_inner][vc_column_inner width=\u00bb1\/2&#8243;][vc_custom_heading text=\u00bbVALENCIA\u00bb font_container=\u00bbtag:h5|text_align:center\u00bb google_fonts=\u00bbfont_family:PT%20Sans%3Aregular%2Citalic%2C700%2C700italic|font_style:400%20regular%3A400%3Anormal\u00bb][vc_gmaps link=\u00bb#E-8_JTNDaWZyYW1lJTIwc3JjJTNEJTIyaHR0cHMlM0ElMkYlMkZ3d3cuZ29vZ2xlLmNvbSUyRm1hcHMlMkZlbWJlZCUzRnBiJTNEJTIxMW0xOCUyMTFtMTIlMjExbTMlMjExZDMwODEuNDMyMDIxNzg3Nzg1JTIxMmQtMC40OTMxNzc0ODQzMzk2MzkxJTIxM2QzOS40MzY5NjYzNzk0OTExNCUyMTJtMyUyMTFmMCUyMTJmMCUyMTNmMCUyMTNtMiUyMTFpMTAyNCUyMTJpNzY4JTIxNGYxMy4xJTIxM20zJTIxMW0yJTIxMXMweGQ2MDUxMDZlZjkzNTNkZCUyNTNBMHhmMmNiOGU1MzllZjNlZjE1JTIxMnNDYWxsZSUyNTIwZWwlMjUyMFBlcmVsbCUyNUMzJTI1QjMlMjUyQyUyNTIwODYlMjUyQyUyNTIwNDY5MDAlMjUyMFRvcnJlbnQlMjUyQyUyNTIwVmFsZW5jaWElMjE1ZTAlMjEzbTIlMjExc2NhJTIxMnNlcyUyMTR2MTU5MTAyMDA0MTQ0MyUyMTVtMiUyMTFzY2ElMjEyc2VzJTIyJTIwd2lkdGglM0QlMjI2MDAlMjIlMjBoZWlnaHQlM0QlMjI0NTAlMjIlMjBmcmFtZWJvcmRlciUzRCUyMjAlMjIlMjBzdHlsZSUzRCUyMmJvcmRlciUzQTAlM0IlMjIlMjBhbGxvd2Z1bGxzY3JlZW4lM0QlMjIlMjIlMjBhcmlhLWhpZGRlbiUzRCUyMmZhbHNlJTIyJTIwdGFiaW5kZXglM0QlMjIwJTIyJTNFJTNDJTJGaWZyYW1lJTNF\u00bb][vc_column_text]<\/p>\n<div class=\"field field-name-field-text-body field-type-text-long field-label-hidden\">\n<div class=\"field-items\">\n<div class=\"field-item even\" style=\"text-align: center;\"><strong>LEGUMBRES ANDREU<\/strong><\/div>\n<div class=\"field-item even\" style=\"text-align: center;\">Calle El Perell\u00f3 86, Pol. Ind. Mas del Jutge 46900 Torrent (Valencia) Espa\u00f1a<\/div>\n<div class=\"field-item even\" style=\"text-align: center;\">Tel. 722.444.928<\/div>\n<div class=\"field-item even\" style=\"text-align: center;\"><a href=\"mailto:comercial@legumbresandreu.es\">comercial@legumbresandreu.es<\/a><\/div>\n<\/div>\n<\/div>\n<p>[\/vc_column_text][\/vc_column_inner][\/vc_row_inner][\/vc_column][\/vc_row]<\/p>\n","protected":false},"excerpt":{"rendered":"<p>[vc_row css=\u00bb.vc_custom_1721227240687{padding-top: 60px !important;padding-bottom: 60px !important;}\u00bb][vc_column][vc_custom_heading text=\u00bbCONTACTA CON NOSOTROS\u00bb font_container=\u00bbtag:h1|font_size:65|text_align:center|color:%23a4343a|line_height:1.4em\u00bb google_fonts=\u00bbfont_family:Roboto%20Slab%3A100%2C300%2Cregular%2C700|font_style:400%20regular%3A400%3Anormal\u00bb][\/vc_column][\/vc_row][vc_row css=\u00bb.vc_custom_1621899043590{padding-top: 60px !important;}\u00bb][vc_column][vc_gmaps link=\u00bb#E-8_JTNDaWZyYW1lJTIwc3JjJTNEJTIyaHR0cHMlM0ElMkYlMkZ3d3cuZ29vZ2xlLmNvbSUyRm1hcHMlMkZlbWJlZCUzRnBiJTNEJTIxMW0xOCUyMTFtMTIlMjExbTMlMjExZDEwMDMxLjQxNTI0MDU2OTI2NCUyMTJkMi4zMjE4OTMwNTMyMTk1Mzc0JTIxM2Q0MS42MjY0MDEzODU0NzYwNSUyMTJtMyUyMTFmMCUyMTJmMCUyMTNmMCUyMTNtMiUyMTFpMTAyNCUyMTJpNzY4JTIxNGYxMy4xJTIxM20zJTIxMW0yJTIxMXMweDEyYTRjODBjNTE1YTA0MDUlMjUzQTB4ZjcxYjI4ZTA3YTVkMmQ1MiUyMTJzUHJvZHVjdGVzJTI1MjBBbGltZW50YXJpcyUyNTIwTGElMjUyMFBlcmxhJTI1MjBTLkwuJTIxNWUwJTIxM20yJTIxMXNlcyUyMTJzZXMlMjE0djE1NzEzNzMxNTY4ODIlMjE1bTIlMjExc2VzJTIxMnNlcyUyMiUyMHdpZHRoJTNEJTIyMTAwJTI1JTIyJTIwaGVpZ2h0JTNEJTIyNDUwJTIyJTIwZnJhbWVib3JkZXIlM0QlMjIwJTIyJTIwc3R5bGUlM0QlMjJib3JkZXIlM0EwJTNCJTIyJTIwYWxsb3dmdWxsc2NyZWVuJTNEJTIyJTIyJTNFJTNDJTJGaWZyYW1lJTNF\u00bb][\/vc_column][\/vc_row][vc_row][vc_column][vc_row_inner][vc_column_inner][vc_custom_heading text=\u00bbFormulario de contacto\u00bb google_fonts=\u00bbfont_family:PT%20Sans%3Aregular%2Citalic%2C700%2C700italic|font_style:400%20regular%3A400%3Anormal\u00bb][\/vc_column_inner][\/vc_row_inner][vc_row_inner][vc_column_inner width=\u00bb2\/3&#8243;][vc_toggle title=\u00bbAviso legal\u00bb style=\u00bbsimple\u00bb] INFORMACI\u00d3N SOBRE PROTECCI\u00d3N<span class=\"excerpt-hellip\"> [\u2026]<\/span><\/p>\n","protected":false},"author":1,"featured_media":0,"parent":0,"menu_order":0,"comment_status":"closed","ping_status":"closed","template":"","meta":[],"_links":{"self":[{"href":"https:\/\/www.laperlavalles.cat\/es\/wp-json\/wp\/v2\/pages\/18"}],"collection":[{"href":"https:\/\/www.laperlavalles.cat\/es\/wp-json\/wp\/v2\/pages"}],"about":[{"href":"https:\/\/www.laperlavalles.cat\/es\/wp-json\/wp\/v2\/types\/page"}],"author":[{"embeddable":true,"href":"https:\/\/www.laperlavalles.cat\/es\/wp-json\/wp\/v2\/users\/1"}],"replies":[{"embeddable":true,"href":"https:\/\/www.laperlavalles.cat\/es\/wp-json\/wp\/v2\/comments?post=18"}],"version-history":[{"count":5,"href":"https:\/\/www.laperlavalles.cat\/es\/wp-json\/wp\/v2\/pages\/18\/revisions"}],"predecessor-version":[{"id":179367,"href":"https:\/\/www.laperlavalles.cat\/es\/wp-json\/wp\/v2\/pages\/18\/revisions\/179367"}],"wp:attachment":[{"href":"https:\/\/www.laperlavalles.cat\/es\/wp-json\/wp\/v2\/media?parent=18"}],"curies":[{"name":"wp","href":"https:\/\/api.w.org\/{rel}","templated":true}]}}