{"id":220,"date":"2019-10-17T21:18:37","date_gmt":"2019-10-17T19:18:37","guid":{"rendered":"http:\/\/lalaperlavnau.bcntic.com\/?page_id=220"},"modified":"2020-05-27T14:30:07","modified_gmt":"2020-05-27T12:30:07","slug":"distribucion","status":"publish","type":"page","link":"https:\/\/www.laperlavalles.cat\/es\/distribucion\/","title":{"rendered":"Distribuci\u00f3n"},"content":{"rendered":"<p>[vc_row][vc_column][vc_row_inner][vc_column_inner][vc_column_text]<\/p>\n<p style=\"text-align: justify;\"><strong>La Perla ofrece un servicio log\u00edstico que llega a todo tipo de clientes, tanto nacionales como europeos o internacionales.<\/strong> Esto nos permite conocer las necesidades y oportunidades del mercado, beneficio que trasladamos a nuestros clientes proporcion\u00e1ndoles los mejores productos de importaci\u00f3n que les permiten ser competitivos.<\/p>\n<p>[\/vc_column_text][\/vc_column_inner][\/vc_row_inner][\/vc_column][\/vc_row][vc_row][vc_column][vc_row_inner][vc_column_inner width=\u00bb1\/3&#8243;][vc_single_image image=\u00bb223&#8243; img_size=\u00bbfull\u00bb alignment=\u00bbcenter\u00bb][vc_custom_heading text=\u00bbDistribuci\u00f3n en Espa\u00f1a\u00bb font_container=\u00bbtag:h3|text_align:left\u00bb][vc_column_text]<\/p>\n<p style=\"text-align: justify;\"><strong>La Perla dispone de un almac\u00e9n central en Barcelona y de cuatro Delegaciones<\/strong> en las zonas \u00e9tnicas m\u00e1s importantes en Espa\u00f1a. Distribuimos por toda Espa\u00f1a en 48 horas producto \u00e9tnico seco, fresco o congelado.<\/p>\n<p>[\/vc_column_text][\/vc_column_inner][vc_column_inner width=\u00bb1\/3&#8243;][vc_single_image image=\u00bb224&#8243; img_size=\u00bbfull\u00bb alignment=\u00bbcenter\u00bb][vc_custom_heading text=\u00bbDistribuci\u00f3n por Europa\u00bb font_container=\u00bbtag:h3|text_align:left\u00bb][vc_column_text]<\/p>\n<p style=\"text-align: justify;\"><strong>La Perla provee a toda Europa por transporte<\/strong> terrestre desde nuestra sede central de Barcelona. Servimos desde un palet hasta camiones completos a toda Europa y en un plazo corto.<\/p>\n<p>[\/vc_column_text][\/vc_column_inner][vc_column_inner width=\u00bb1\/3&#8243;][vc_single_image image=\u00bb221&#8243; img_size=\u00bbfull\u00bb alignment=\u00bbcenter\u00bb][vc_custom_heading text=\u00bbDistribuci\u00f3n Internacional\u00bb font_container=\u00bbtag:h3|text_align:left\u00bb][vc_column_text]<\/p>\n<p style=\"text-align: justify;\"><strong>La Perla exporta fuera de Europa a pa\u00edses de \u00c1frica, Am\u00e9rica y Oriente Medio<\/strong> siendo el proveedor de confianza de nuestros clientes. Exportamos containers completos desde f\u00e1brica o containers mixtos de nuestro stock regular en nuestra sede de Barcelona. Cumplimos con todas las normativas sanitarias y entregamos la documentaci\u00f3n adecuada para despachar las aduanas en el pa\u00eds de destino.<\/p>\n<p>[\/vc_column_text][\/vc_column_inner][\/vc_row_inner][\/vc_column][\/vc_row][vc_row][vc_column][vc_row_inner][vc_column_inner width=\u00bb1\/3&#8243;][vc_single_image image=\u00bb23590&#8243; img_size=\u00bbfull\u00bb alignment=\u00bbcenter\u00bb][vc_custom_heading text=\u00bbInstalaciones\u00bb font_container=\u00bbtag:h3|text_align:left\u00bb][vc_column_text]<\/p>\n<p style=\"text-align: justify;\">La Perla dispone de un <strong>almac\u00e9n propio de 7000m2<\/strong> en el pol\u00edgono Can Jorn de La Roca del Valles. Tiene<strong> 8 muelles de carga,<\/strong> una <strong>capacidad para 10500 palets<\/strong> para el stock.<\/p>\n<p>[\/vc_column_text][\/vc_column_inner][vc_column_inner width=\u00bb1\/3&#8243;][vc_single_image image=\u00bb222&#8243; img_size=\u00bbfull\u00bb alignment=\u00bbcenter\u00bb][vc_custom_heading text=\u00bbTransporte terrestre\u00bb font_container=\u00bbtag:h3|text_align:left\u00bb][vc_column_text]<\/p>\n<p style=\"text-align: justify;\"><strong>La Perla ha creado una ampl\u00eda red de distribuci\u00f3n terrestre<\/strong> tanto en Espa\u00f1a como en Europa llegando a cualquier punto en un tiempo corto y a un coste muy competitivo.<\/p>\n<p>[\/vc_column_text][\/vc_column_inner][vc_column_inner width=\u00bb1\/3&#8243;][vc_single_image image=\u00bb226&#8243; img_size=\u00bbfull\u00bb alignment=\u00bbcenter\u00bb][vc_custom_heading text=\u00bbTransporte mar\u00edtimo\u00bb font_container=\u00bbtag:h3|text_align:left\u00bb][vc_column_text]<\/p>\n<p style=\"text-align: justify;\"><strong>El transporte mar\u00edtimo es el medio m\u00e1s eficiente y que nos permite importar los principales productos de nuestro cat\u00e1logo.<\/strong> Movemos anualmente m\u00e1s de 1.000 contenedores. Desde los \u00faltimos a\u00f1os La Perla exporta varios productos Europeos a \u00c1frica y USA.<\/p>\n<p>[\/vc_column_text][\/vc_column_inner][\/vc_row_inner][\/vc_column][\/vc_row]<\/p>\n","protected":false},"excerpt":{"rendered":"<p>[vc_row][vc_column][vc_row_inner][vc_column_inner][vc_column_text] La Perla ofrece un servicio log\u00edstico que llega a todo tipo de clientes, tanto nacionales como europeos o internacionales. Esto nos permite conocer las necesidades<span class=\"excerpt-hellip\"> [\u2026]<\/span><\/p>\n","protected":false},"author":1,"featured_media":0,"parent":0,"menu_order":0,"comment_status":"closed","ping_status":"closed","template":"","meta":[],"_links":{"self":[{"href":"https:\/\/www.laperlavalles.cat\/es\/wp-json\/wp\/v2\/pages\/220"}],"collection":[{"href":"https:\/\/www.laperlavalles.cat\/es\/wp-json\/wp\/v2\/pages"}],"about":[{"href":"https:\/\/www.laperlavalles.cat\/es\/wp-json\/wp\/v2\/types\/page"}],"author":[{"embeddable":true,"href":"https:\/\/www.laperlavalles.cat\/es\/wp-json\/wp\/v2\/users\/1"}],"replies":[{"embeddable":true,"href":"https:\/\/www.laperlavalles.cat\/es\/wp-json\/wp\/v2\/comments?post=220"}],"version-history":[{"count":0,"href":"https:\/\/www.laperlavalles.cat\/es\/wp-json\/wp\/v2\/pages\/220\/revisions"}],"wp:attachment":[{"href":"https:\/\/www.laperlavalles.cat\/es\/wp-json\/wp\/v2\/media?parent=220"}],"curies":[{"name":"wp","href":"https:\/\/api.w.org\/{rel}","templated":true}]}}