{"id":239,"date":"2019-10-18T01:52:36","date_gmt":"2019-10-17T23:52:36","guid":{"rendered":"http:\/\/lalaperlavnau.bcntic.com\/?page_id=239"},"modified":"2020-05-29T16:04:14","modified_gmt":"2020-05-29T14:04:14","slug":"nuestras-marcas-etnicas","status":"publish","type":"page","link":"https:\/\/www.laperlavalles.cat\/es\/nuestras-marcas-etnicas\/","title":{"rendered":"Nuestras marcas \u00e9tnicas"},"content":{"rendered":"<p>[vc_row][vc_column][vc_row_inner][vc_column_inner][vc_column_text]<\/p>\n<p style=\"text-align: justify;\"><strong>Con el af\u00e1n de ofrecer productos de primera calidad a precios competitivos, La Perla ha creado marcas propias que ofrecen la mejor relaci\u00f3n calidad\/precio, y que complementan el cat\u00e1logo de productos de marcas de otros fabricantes.<\/strong><\/p>\n<p>[\/vc_column_text][\/vc_column_inner][\/vc_row_inner][\/vc_column][\/vc_row][vc_row][vc_column][vc_row_inner][vc_column_inner width=\u00bb1\/3&#8243;][vc_single_image image=\u00bb249&#8243; img_size=\u00bbfull\u00bb alignment=\u00bbcenter\u00bb][vc_column_text]<\/p>\n<p style=\"text-align: justify;\">WYNDOO es una bebida con gras refrescante Africana. Su sabor dulce a cereza y frutos del bosque es muy apreciado por la poblaci\u00f3n africana.<\/p>\n<p>[\/vc_column_text][\/vc_column_inner][vc_column_inner width=\u00bb1\/3&#8243;][vc_single_image image=\u00bb241&#8243; img_size=\u00bbfull\u00bb alignment=\u00bbcenter\u00bb][vc_column_text]<\/p>\n<p style=\"text-align: justify;\">Halah es la marca de productos del Africa Occidental de habla franc\u00f3fona de La Perla. Disponemos de bissap rojo y blanco, Kinkeliba, Baobab, Kouthia, Saka-Saka, Cayena, pimienta negra, etc.<\/p>\n<p>[\/vc_column_text][\/vc_column_inner][vc_column_inner width=\u00bb1\/3&#8243;][vc_single_image image=\u00bb248&#8243; img_size=\u00bbfull\u00bb alignment=\u00bbcenter\u00bb][vc_column_text]<\/p>\n<p style=\"text-align: justify;\">Tiga D\u00e8gu\u00e8 es la marca de pasta de cacahuete de m\u00e1xima calidad de La Perla. Hecha solamente con cacahuete natural y siguiendo la receta tradicional africana.<\/p>\n<p>[\/vc_column_text][\/vc_column_inner][\/vc_row_inner][\/vc_column][\/vc_row][vc_row][vc_column][vc_row_inner][vc_column_inner width=\u00bb1\/3&#8243;][vc_single_image image=\u00bb246&#8243; img_size=\u00bbfull\u00bb alignment=\u00bbcenter\u00bb][vc_column_text]<\/p>\n<p style=\"text-align: justify;\">LP African food es una marca de La Perla de productos del Africa Occidental de habla angl\u00f3fona. Disponemos de pur\u00e9 de patata, la f\u00e9cula de patata, harina de arroz, harina de trigo blanca, Morica en grano, semillas de Egus\u00ed en grano, etc.<\/p>\n<p>[\/vc_column_text][\/vc_column_inner][vc_column_inner width=\u00bb1\/3&#8243;][vc_single_image image=\u00bb24659&#8243; img_size=\u00bbfull\u00bb alignment=\u00bbcenter\u00bb][vc_column_text]<\/p>\n<p style=\"text-align: justify;\">The Elements es la gama de productos naturales que fomentan un estilo de vida activo y saludable. La mayor\u00eda de ellos est\u00e1n elaborados con ingredientes 100% naturales, sin colorantes, conservantes ni az\u00facares a\u00f1adidos.<\/p>\n<p>[\/vc_column_text][\/vc_column_inner][vc_column_inner width=\u00bb1\/3&#8243;][vc_single_image image=\u00bb245&#8243; img_size=\u00bbfull\u00bb alignment=\u00bbcenter\u00bb][vc_column_text]<\/p>\n<p style=\"text-align: justify;\">Los productos de la marca King Africa son productos que venden directos de coraz\u00f3n de \u00c1frica. Disfruta del sabor 100% africano con el aceite de palma, saka saka, Boboli, harina de yuca, Fole &#8230;<\/p>\n<p>[\/vc_column_text][\/vc_column_inner][\/vc_row_inner][\/vc_column][\/vc_row][vc_row][vc_column][vc_row_inner][vc_column_inner width=\u00bb1\/3&#8243;][vc_single_image image=\u00bb240&#8243; img_size=\u00bbfull\u00bb alignment=\u00bbcenter\u00bb][vc_column_text]<\/p>\n<p style=\"text-align: justify;\">\u00c9lephant de Afrique es una marca exclusiva y 100% de arroces. Elige entre una amplia gama de arroces de Tailandia y Camboya.<\/p>\n<p>[\/vc_column_text][\/vc_column_inner][vc_column_inner width=\u00bb1\/3&#8243;][vc_single_image image=\u00bb243&#8243; img_size=\u00bbfull\u00bb alignment=\u00bbcenter\u00bb][vc_column_text]<\/p>\n<p style=\"text-align: justify;\">Kumba es una marca especializada en cereales, especialmente, el mijo. Podr\u00e1s encontrar el apreciado thiacry, Thies, fonde \/ Araw y shankal. Dif\u00edciles de encontrar fuera del mercado local.<\/p>\n<p>[\/vc_column_text][\/vc_column_inner][vc_column_inner width=\u00bb1\/3&#8243;][vc_single_image image=\u00bb247&#8243; img_size=\u00bbfull\u00bb alignment=\u00bbcenter\u00bb][vc_column_text]<\/p>\n<p style=\"text-align: justify;\">Safna es una marca africana principalmente de infusiones. Podr\u00e1s encontrar flor del hibiscus rojo, hibiscus blanco y la Kinkeliba. Infusiones para tomar en familia a bajo coste.<\/p>\n<p>[\/vc_column_text][\/vc_column_inner][\/vc_row_inner][\/vc_column][\/vc_row][vc_row][vc_column][vc_row_inner][vc_column_inner width=\u00bb1\/3&#8243;][vc_single_image image=\u00bb24669&#8243; img_size=\u00bbfull\u00bb alignment=\u00bbcenter\u00bb][vc_column_text]<\/p>\n<p style=\"text-align: justify;\">Ayira es nuestra nueva marca lanzada al mercado en 2020 de cosm\u00e9tica africana. Basada principalmente en la loci\u00f3n hidratante Hand &amp; Body Lotion Ayira. Una loci\u00f3n para pieles africanas con un aroma inconfundible.<\/p>\n<p>[\/vc_column_text][\/vc_column_inner][vc_column_inner width=\u00bb1\/3&#8243;][\/vc_column_inner][vc_column_inner width=\u00bb1\/3&#8243;][\/vc_column_inner][\/vc_row_inner][\/vc_column][\/vc_row]<\/p>\n","protected":false},"excerpt":{"rendered":"<p>[vc_row][vc_column][vc_row_inner][vc_column_inner][vc_column_text] Con el af\u00e1n de ofrecer productos de primera calidad a precios competitivos, La Perla ha creado marcas propias que ofrecen la mejor relaci\u00f3n calidad\/precio, y<span class=\"excerpt-hellip\"> [\u2026]<\/span><\/p>\n","protected":false},"author":1,"featured_media":0,"parent":0,"menu_order":0,"comment_status":"closed","ping_status":"closed","template":"","meta":[],"_links":{"self":[{"href":"https:\/\/www.laperlavalles.cat\/es\/wp-json\/wp\/v2\/pages\/239"}],"collection":[{"href":"https:\/\/www.laperlavalles.cat\/es\/wp-json\/wp\/v2\/pages"}],"about":[{"href":"https:\/\/www.laperlavalles.cat\/es\/wp-json\/wp\/v2\/types\/page"}],"author":[{"embeddable":true,"href":"https:\/\/www.laperlavalles.cat\/es\/wp-json\/wp\/v2\/users\/1"}],"replies":[{"embeddable":true,"href":"https:\/\/www.laperlavalles.cat\/es\/wp-json\/wp\/v2\/comments?post=239"}],"version-history":[{"count":0,"href":"https:\/\/www.laperlavalles.cat\/es\/wp-json\/wp\/v2\/pages\/239\/revisions"}],"wp:attachment":[{"href":"https:\/\/www.laperlavalles.cat\/es\/wp-json\/wp\/v2\/media?parent=239"}],"curies":[{"name":"wp","href":"https:\/\/api.w.org\/{rel}","templated":true}]}}