{"id":3412,"date":"2019-10-23T07:32:15","date_gmt":"2019-10-23T05:32:15","guid":{"rendered":"http:\/\/lalaperlavnau.bcntic.com\/?page_id=3412"},"modified":"2020-06-19T18:26:32","modified_gmt":"2020-06-19T16:26:32","slug":"bebidas","status":"publish","type":"page","link":"https:\/\/www.laperlavalles.cat\/es\/productos\/bebidas\/","title":{"rendered":"Bebidas"},"content":{"rendered":"<p>[vc_row][vc_column][vc_row_inner][vc_column_inner][vc_column_text]<\/p>\n<h1 class=\"page-title\">Bebidas<\/h1>\n<div class=\"term-description\">\n<p style=\"text-align: justify;\">Desde La Perla distribuimos un amplio cat\u00e1logo de bebidas globales: desde cervezas de importaci\u00f3n de marcas de prestigio internacional como Guinness hasta bebidas de malta, refrescos, un amplio surtido en zumos, zumos tropicales o zumos sin az\u00facar a\u00f1adido. Contamos tambi\u00e9n con jarabes, esencias, infusiones, e incluso con bebidas naturales como el agua de coco y leche de coco The Elements, bebidas n\u00famero uno. Refrescos y bebidas instantaneas para acompa\u00f1ar las comidas o fiestas y siropes o esencias para usar en cocina o cockteleria.<\/p>\n<p style=\"text-align: justify;\">M\u00e1s de 100 referencias en bebidas avalan nuestro cat\u00e1logo y est\u00e1n disponibles para los lineales de tiendas y supermercados. Seleccionamos y agrupamos las bebidas para abastecer todas las etapas vitales, desde la ni\u00f1ez, con zumos y leches, hasta la etapa adulta, con cervezas y refrescos, con o sin alcohol.<\/p>\n<p style=\"text-align: justify;\">Todas ellas forman parte de nuestro cat\u00e1logo de productos \u00e9tnicos, productos de importaci\u00f3n y alimentaci\u00f3n global.<\/p>\n<\/div>\n<p>[\/vc_column_text][\/vc_column_inner][\/vc_row_inner][\/vc_column][\/vc_row][vc_row][vc_column][vc_row_inner][vc_column_inner width=\u00bb1\/4&#8243;][vc_single_image image=\u00bb3417&#8243; img_size=\u00bbfull\u00bb alignment=\u00bbcenter\u00bb onclick=\u00bbcustom_link\u00bb link=\u00bb\/es\/categoria-producto\/bebidas\/bebidas-refrescantes\/\u00bb][vc_column_text]<\/p>\n<h5 style=\"text-align: center;\">Bebidas refrescantes<\/h5>\n<p>[\/vc_column_text][\/vc_column_inner][vc_column_inner width=\u00bb1\/4&#8243;][vc_single_image image=\u00bb3421&#8243; img_size=\u00bbfull\u00bb alignment=\u00bbcenter\u00bb onclick=\u00bbcustom_link\u00bb link=\u00bb\/es\/categoria-producto\/bebidas\/cervezas-y-bebidas-de-malta\/\u00bb][vc_column_text]<\/p>\n<h5 style=\"text-align: center;\">Cervezas y Bebidas de Malta<\/h5>\n<p>[\/vc_column_text][\/vc_column_inner][vc_column_inner width=\u00bb1\/4&#8243;][vc_single_image image=\u00bb3413&#8243; img_size=\u00bbfull\u00bb alignment=\u00bbcenter\u00bb onclick=\u00bbcustom_link\u00bb link=\u00bb\/es\/categoria-producto\/bebidas\/agua-de-coco\/\u00bb][vc_column_text]<\/p>\n<h5 style=\"text-align: center;\">Agua de coco<\/h5>\n<p>[\/vc_column_text][\/vc_column_inner][vc_column_inner width=\u00bb1\/4&#8243;][vc_single_image image=\u00bb3429&#8243; img_size=\u00bbfull\u00bb alignment=\u00bbcenter\u00bb onclick=\u00bbcustom_link\u00bb link=\u00bb\/es\/categoria-producto\/bebidas\/te-e-infusiones\/\u00bb][vc_column_text]<\/p>\n<h5 style=\"text-align: center;\">T\u00e9 e infusiones<\/h5>\n<p>[\/vc_column_text][\/vc_column_inner][\/vc_row_inner][vc_row_inner][vc_column_inner width=\u00bb1\/4&#8243;][vc_single_image image=\u00bb3425&#8243; img_size=\u00bbfull\u00bb alignment=\u00bbcenter\u00bb onclick=\u00bbcustom_link\u00bb link=\u00bb\/es\/categoria-producto\/bebidas\/siropes-y-esencias\/\u00bb][vc_column_text]<\/p>\n<h5 style=\"text-align: center;\">Siropes y esencias<\/h5>\n<p>[\/vc_column_text][\/vc_column_inner][vc_column_inner width=\u00bb1\/4&#8243;][vc_single_image image=\u00bb3433&#8243; img_size=\u00bbfull\u00bb alignment=\u00bbcenter\u00bb onclick=\u00bbcustom_link\u00bb link=\u00bb\/es\/categoria-producto\/bebidas\/zumos\/\u00bb][vc_column_text]<\/p>\n<h5 style=\"text-align: center;\">Zumos<\/h5>\n<p>[\/vc_column_text][\/vc_column_inner][vc_column_inner width=\u00bb1\/4&#8243;][\/vc_column_inner][vc_column_inner width=\u00bb1\/4&#8243;][\/vc_column_inner][\/vc_row_inner][\/vc_column][\/vc_row]<\/p>\n","protected":false},"excerpt":{"rendered":"<p>[vc_row][vc_column][vc_row_inner][vc_column_inner][vc_column_text] Bebidas Desde La Perla distribuimos un amplio cat\u00e1logo de bebidas globales: desde cervezas de importaci\u00f3n de marcas de prestigio internacional como Guinness hasta bebidas de<span class=\"excerpt-hellip\"> [\u2026]<\/span><\/p>\n","protected":false},"author":1,"featured_media":0,"parent":41,"menu_order":0,"comment_status":"closed","ping_status":"closed","template":"","meta":[],"_links":{"self":[{"href":"https:\/\/www.laperlavalles.cat\/es\/wp-json\/wp\/v2\/pages\/3412"}],"collection":[{"href":"https:\/\/www.laperlavalles.cat\/es\/wp-json\/wp\/v2\/pages"}],"about":[{"href":"https:\/\/www.laperlavalles.cat\/es\/wp-json\/wp\/v2\/types\/page"}],"author":[{"embeddable":true,"href":"https:\/\/www.laperlavalles.cat\/es\/wp-json\/wp\/v2\/users\/1"}],"replies":[{"embeddable":true,"href":"https:\/\/www.laperlavalles.cat\/es\/wp-json\/wp\/v2\/comments?post=3412"}],"version-history":[{"count":0,"href":"https:\/\/www.laperlavalles.cat\/es\/wp-json\/wp\/v2\/pages\/3412\/revisions"}],"up":[{"embeddable":true,"href":"https:\/\/www.laperlavalles.cat\/es\/wp-json\/wp\/v2\/pages\/41"}],"wp:attachment":[{"href":"https:\/\/www.laperlavalles.cat\/es\/wp-json\/wp\/v2\/media?parent=3412"}],"curies":[{"name":"wp","href":"https:\/\/api.w.org\/{rel}","templated":true}]}}