{"id":3469,"date":"2019-10-23T07:45:03","date_gmt":"2019-10-23T05:45:03","guid":{"rendered":"http:\/\/lalaperlavnau.bcntic.com\/?page_id=3469"},"modified":"2020-06-19T18:36:15","modified_gmt":"2020-06-19T16:36:15","slug":"desayunos-y-postres","status":"publish","type":"page","link":"https:\/\/www.laperlavalles.cat\/es\/productos\/desayunos-y-postres\/","title":{"rendered":"Desayunos y postres"},"content":{"rendered":"<p>[vc_row][vc_column][vc_row_inner][vc_column_inner][vc_column_text]<\/p>\n<h1 class=\"page-title\">Desayunos y postres<\/h1>\n<div class=\"term-description\">La Perla dispone de un amplio cat\u00e1logo de mermeladas de importaci\u00f3n,\u00a0 mermeladas naturales, de calidad y de sabores tropicales. Complementos a los desayunos como caf\u00e9 o mantequillas, alimentos imprescindibles en cualquier hogar. Todos los prouctos forman parte de nuestro cat\u00e1logo de productos \u00e9tnicos, productos de importaci\u00f3n y alimentaci\u00f3n global.<\/div>\n<p>[\/vc_column_text][\/vc_column_inner][\/vc_row_inner][\/vc_column][\/vc_row][vc_row][vc_column][vc_row_inner][vc_column_inner width=\u00bb1\/4&#8243;][vc_single_image image=\u00bb23729&#8243; img_size=\u00bbfull\u00bb alignment=\u00bbcenter\u00bb onclick=\u00bbcustom_link\u00bb link=\u00bb\/es\/categoria-producto\/desayunos-y-postres\/cafes\/\u00bb][vc_column_text]<\/p>\n<h5 style=\"text-align: center;\">Caf\u00e9s<\/h5>\n<p>[\/vc_column_text][\/vc_column_inner][vc_column_inner width=\u00bb1\/4&#8243;][vc_single_image image=\u00bb3475&#8243; img_size=\u00bbfull\u00bb alignment=\u00bbcenter\u00bb onclick=\u00bbcustom_link\u00bb link=\u00bb\/es\/categoria-producto\/desayunos-y-postres\/chocolates\/\u00bb][vc_column_text]<\/p>\n<h5 style=\"text-align: center;\">Chocolates<\/h5>\n<p>[\/vc_column_text][\/vc_column_inner][vc_column_inner width=\u00bb1\/4&#8243;][vc_single_image image=\u00bb3479&#8243; img_size=\u00bbfull\u00bb alignment=\u00bbcenter\u00bb onclick=\u00bbcustom_link\u00bb link=\u00bb\/es\/categoria-producto\/desayunos-y-postres\/mermeladas\/\u00bb][vc_column_text]<\/p>\n<h5 style=\"text-align: center;\">Mermelada<\/h5>\n<p>[\/vc_column_text][\/vc_column_inner][vc_column_inner width=\u00bb1\/4&#8243;][\/vc_column_inner][\/vc_row_inner][\/vc_column][\/vc_row]<\/p>\n","protected":false},"excerpt":{"rendered":"<p>[vc_row][vc_column][vc_row_inner][vc_column_inner][vc_column_text] Desayunos y postres La Perla dispone de un amplio cat\u00e1logo de mermeladas de importaci\u00f3n,\u00a0 mermeladas naturales, de calidad y de sabores tropicales. Complementos a los<span class=\"excerpt-hellip\"> [\u2026]<\/span><\/p>\n","protected":false},"author":1,"featured_media":0,"parent":41,"menu_order":0,"comment_status":"closed","ping_status":"closed","template":"","meta":[],"_links":{"self":[{"href":"https:\/\/www.laperlavalles.cat\/es\/wp-json\/wp\/v2\/pages\/3469"}],"collection":[{"href":"https:\/\/www.laperlavalles.cat\/es\/wp-json\/wp\/v2\/pages"}],"about":[{"href":"https:\/\/www.laperlavalles.cat\/es\/wp-json\/wp\/v2\/types\/page"}],"author":[{"embeddable":true,"href":"https:\/\/www.laperlavalles.cat\/es\/wp-json\/wp\/v2\/users\/1"}],"replies":[{"embeddable":true,"href":"https:\/\/www.laperlavalles.cat\/es\/wp-json\/wp\/v2\/comments?post=3469"}],"version-history":[{"count":0,"href":"https:\/\/www.laperlavalles.cat\/es\/wp-json\/wp\/v2\/pages\/3469\/revisions"}],"up":[{"embeddable":true,"href":"https:\/\/www.laperlavalles.cat\/es\/wp-json\/wp\/v2\/pages\/41"}],"wp:attachment":[{"href":"https:\/\/www.laperlavalles.cat\/es\/wp-json\/wp\/v2\/media?parent=3469"}],"curies":[{"name":"wp","href":"https:\/\/api.w.org\/{rel}","templated":true}]}}