{"id":3502,"date":"2019-10-23T07:52:22","date_gmt":"2019-10-23T05:52:22","guid":{"rendered":"http:\/\/lalaperlavnau.bcntic.com\/?page_id=3502"},"modified":"2020-06-19T18:38:41","modified_gmt":"2020-06-19T16:38:41","slug":"legumbres-frutos-secos-y-cereales","status":"publish","type":"page","link":"https:\/\/www.laperlavalles.cat\/es\/productos\/legumbres-frutos-secos-y-cereales\/","title":{"rendered":"Legumbres, frutos secos y cereales"},"content":{"rendered":"<p>[vc_row][vc_column][vc_row_inner][vc_column_inner][vc_column_text]<\/p>\n<h1 class=\"page-title\">Legumbres, frutos secos y cereales<\/h1>\n<div class=\"term-description\">\n<p style=\"text-align: justify;\">En esta secci\u00f3n La Perla te trae todos los productos referentes a legumbres, frutos secos y cereales. Productos alimentarios b\u00e1sicos en la pir\u00e1mide alimenticia y de uso muy frecuente en muchos tipos de cocina y alimentaci\u00f3n. Encuentra en esta secci\u00f3n las mejores jud\u00edas, guisantes, black eye beans, cereales importados directamente de \u00c1frica como el Thiacry, thi\u0160re, araw, funyo, gari fufu&#8230; Pur\u00e9 de patata, f\u00e9cula de patata, pound yam, s\u00e9molas, cusc\u00fas, morocho entre muchos otros productos, todos ellos forman parte de nuestro cat\u00e1logo de productos \u00e9tnicos, productos de importaci\u00f3n y alimentaci\u00f3n global.<\/p>\n<\/div>\n<p>[\/vc_column_text][\/vc_column_inner][\/vc_row_inner][\/vc_column][\/vc_row][vc_row][vc_column][vc_row_inner][vc_column_inner width=\u00bb1\/4&#8243;][vc_single_image image=\u00bb3503&#8243; img_size=\u00bbfull\u00bb alignment=\u00bbcenter\u00bb onclick=\u00bbcustom_link\u00bb link=\u00bb\/es\/categoria-producto\/legumbres-frutos-secos-y-cereales\/granos\/\u00bb][vc_column_text]<\/p>\n<h5 style=\"text-align: center;\">Granos<\/h5>\n<p>[\/vc_column_text][\/vc_column_inner][vc_column_inner width=\u00bb1\/4&#8243;][vc_single_image image=\u00bb3507&#8243; img_size=\u00bbfull\u00bb alignment=\u00bbcenter\u00bb onclick=\u00bbcustom_link\u00bb link=\u00bb\/es\/categoria-producto\/legumbres-frutos-secos-y-cereales\/harinas\/\u00bb][vc_column_text]<\/p>\n<h5 style=\"text-align: center;\">Harinas<\/h5>\n<p>[\/vc_column_text][\/vc_column_inner][vc_column_inner width=\u00bb1\/4&#8243;][\/vc_column_inner][vc_column_inner width=\u00bb1\/4&#8243;][\/vc_column_inner][\/vc_row_inner][\/vc_column][\/vc_row]<\/p>\n","protected":false},"excerpt":{"rendered":"<p>[vc_row][vc_column][vc_row_inner][vc_column_inner][vc_column_text] Legumbres, frutos secos y cereales En esta secci\u00f3n La Perla te trae todos los productos referentes a legumbres, frutos secos y cereales. Productos alimentarios b\u00e1sicos<span class=\"excerpt-hellip\"> [\u2026]<\/span><\/p>\n","protected":false},"author":1,"featured_media":0,"parent":41,"menu_order":0,"comment_status":"closed","ping_status":"closed","template":"","meta":[],"_links":{"self":[{"href":"https:\/\/www.laperlavalles.cat\/es\/wp-json\/wp\/v2\/pages\/3502"}],"collection":[{"href":"https:\/\/www.laperlavalles.cat\/es\/wp-json\/wp\/v2\/pages"}],"about":[{"href":"https:\/\/www.laperlavalles.cat\/es\/wp-json\/wp\/v2\/types\/page"}],"author":[{"embeddable":true,"href":"https:\/\/www.laperlavalles.cat\/es\/wp-json\/wp\/v2\/users\/1"}],"replies":[{"embeddable":true,"href":"https:\/\/www.laperlavalles.cat\/es\/wp-json\/wp\/v2\/comments?post=3502"}],"version-history":[{"count":0,"href":"https:\/\/www.laperlavalles.cat\/es\/wp-json\/wp\/v2\/pages\/3502\/revisions"}],"up":[{"embeddable":true,"href":"https:\/\/www.laperlavalles.cat\/es\/wp-json\/wp\/v2\/pages\/41"}],"wp:attachment":[{"href":"https:\/\/www.laperlavalles.cat\/es\/wp-json\/wp\/v2\/media?parent=3502"}],"curies":[{"name":"wp","href":"https:\/\/api.w.org\/{rel}","templated":true}]}}