{"id":39231,"date":"2019-10-17T17:21:43","date_gmt":"2019-10-17T15:21:43","guid":{"rendered":"https:\/\/www.laperlavalles2.bcntic.com\/la-perla\/"},"modified":"2024-08-01T08:29:51","modified_gmt":"2024-08-01T06:29:51","slug":"quienes-somos","status":"publish","type":"page","link":"https:\/\/www.laperlavalles.cat\/es\/quienes-somos\/","title":{"rendered":"Qui\u00e9nes somos"},"content":{"rendered":"<p>[vc_row full_width=\u00bbstretch_row_content_no_spaces\u00bb][vc_column][vc_single_image image=\u00bb179396&#8243; img_size=\u00bblarge\u00bb alignment=\u00bbcenter\u00bb][\/vc_column][\/vc_row][vc_row][vc_column][vc_custom_heading text=\u00bbQui\u00e9nes somos\u00bb font_container=\u00bbtag:h1|font_size:26px|text_align:center|color:%23333333|line_height:1.6&#8243; google_fonts=\u00bbfont_family:Roboto%20Slab%3A100%2C300%2Cregular%2C700|font_style:700%20bold%20regular%3A700%3Anormal\u00bb][\/vc_column][\/vc_row][vc_row full_width=\u00bbstretch_row_content_no_spaces\u00bb][vc_column][vc_row_inner content_placement=\u00bbtop\u00bb el_class=\u00bblaperla-row-1200&#8243; css=\u00bb.vc_custom_1620727210926{margin-top: 30px !important;margin-bottom: 30px !important;}\u00bb][vc_column_inner css=\u00bb.vc_custom_1620731324155{margin-top: 30px !important;margin-bottom: 30px !important;}\u00bb][vc_column_text]<\/p>\n<p style=\"text-align: center;\"><strong>La Perla somos una empresa especialista en importaci\u00f3n y distribuci\u00f3n de productos alimenticios y cosm\u00e9ticos internacionales<\/strong>. Importamos directamente de \u00c1frica, Asia, Am\u00e9rica y Europa, y distribuimos a nivel nacional e internacional, acercando alimentos de todo el mundo a mayoristas, distribuidores y fabricantes. Nuestro equipo est\u00e1 formado por m\u00e1s de 50 personas en Espa\u00f1a con oficinas centrales en Barcelona, y cuatro delegaciones comerciales: Valencia, Almer\u00eda, Murcia y Pa\u00eds Vasco.<\/p>\n<p>[\/vc_column_text][vc_column_text]<\/p>\n<p style=\"text-align: center;\">Trabajamos en el sector <strong> desde 1997 <\/strong> y representamos a las principales marcas ex\u00f3ticas e internacionales del mercado como <strong> Nestl\u00e9, Aroy- D, Guinness, FOCO, Lipton o Jumbo <\/strong>. Marcas con fuerte presencia local en pa\u00edses africanos o asi\u00e1ticos y gracias a nuestro s\u00f3lido sistema log\u00edstico, podemos ofrecer comida global a pr\u00e1cticamente cualquier pa\u00eds del mundo. Trabajamos con las principales marcas del sector, contando adem\u00e1s con un portafolio de marcas propias producidas a nivel internacional para que los alimentos conserven el sabor y la esencia del pa\u00eds de origen. Algunas de nuestras marcas son: <strong> Halah, Tiga D\u00e8gu\u00e8, LP African Foods, King Africa, Kumba, Safna o The Elements <\/strong> entre otras.<\/p>\n<p>[\/vc_column_text][vc_column_text]<\/p>\n<blockquote>\n<h4 style=\"text-align: center;\">Nuestra larga experiencia y nuestra trayectoria en el mercado internacional de alimentos y cosm\u00e9ticos hacen de La Perla su socio ideal.<\/h4>\n<\/blockquote>\n<p>[\/vc_column_text][\/vc_column_inner][\/vc_row_inner][\/vc_column][\/vc_row][vc_row full_width=\u00bbstretch_row_content_no_spaces\u00bb css=\u00bb.vc_custom_1721227792806{background-color: #a4343a !important;}\u00bb][vc_column][vc_row_inner el_class=\u00bblaperla-row-1200&#8243; css=\u00bb.vc_custom_1721228082777{padding-bottom: 35px !important;background-color: #a4343a !important;}\u00bb][vc_column_inner width=\u00bb1\/2&#8243;][vc_column_text el_class=\u00bbpuntos-iconos-home\u00bb]<img class=\"alignnone size-full\" src=\"\/wp-content\/uploads\/2024\/07\/catalogo.png\" alt=\"\" width=\"92\" height=\"92\" \/><\/p>\n<p>Un cat\u00e1logo de m\u00e1s de 1300 referencias[\/vc_column_text][vc_column_text el_class=\u00bbpuntos-iconos-home\u00bb]<img class=\"alignnone size-full\" src=\"\/wp-content\/uploads\/2024\/07\/red.png\" alt=\"\" width=\"92\" height=\"92\" \/><\/p>\n<p>La Perla dispone de un almac\u00e9n propio de 7000m2,<br \/>\ncon 8 muelles de carga y una capacidad para 10500 palets de stock.[\/vc_column_text][vc_column_text el_class=\u00bbpuntos-iconos-home\u00bb]<img class=\"alignnone size-full\" src=\"\/wp-content\/uploads\/2024\/07\/clasificacion.png\" alt=\"\" width=\"92\" height=\"92\" \/><\/p>\n<p>Cartera comercial de m\u00e1s de 5000 tiendas<br \/>\ny m\u00e1s de 200 mayoristas[\/vc_column_text][\/vc_column_inner][vc_column_inner width=\u00bb1\/2&#8243;][vc_column_text el_class=\u00bbpuntos-iconos-home\u00bb]<img class=\"alignnone size-full\" src=\"\/wp-content\/uploads\/2024\/07\/recompensa.png\" alt=\"\" width=\"92\" height=\"92\" \/><\/p>\n<p>Proveedor de las principales empresas espa\u00f1olas que forman<br \/>\nparte de la ind\u00fastria alimenticia[\/vc_column_text][vc_column_text el_class=\u00bbpuntos-iconos-home\u00bb]<img class=\"alignnone size-full\" src=\"\/wp-content\/uploads\/2024\/07\/camion-de-reparto.png\" alt=\"\" width=\"92\" height=\"92\" \/><\/p>\n<p>Proveedor de m\u00e1s de 500 empresas distribu\u00efdoras de<br \/>\nalimentaci\u00f3n en Europa y resto de continentes[\/vc_column_text][vc_column_text el_class=\u00bbpuntos-iconos-home\u00bb]<img class=\"alignnone size-full\" src=\"\/wp-content\/uploads\/2024\/07\/unido.png\" alt=\"\" width=\"92\" height=\"92\" \/><\/p>\n<p>S\u00f3lida red de distribuci\u00f3n log\u00edstica terrestre,<br \/>\nmar\u00edtima y a\u00e9rea[\/vc_column_text][\/vc_column_inner][\/vc_row_inner][\/vc_column][\/vc_row][vc_row][vc_column][vc_custom_heading text=\u00bb\u00bfNuestra misi\u00f3n?\u00bb font_container=\u00bbtag:h2|font_size:22px|text_align:center|color:%23333333|line_height:1.6&#8243; google_fonts=\u00bbfont_family:Roboto%20Slab%3A100%2C300%2Cregular%2C700|font_style:700%20bold%20regular%3A700%3Anormal\u00bb css_animation=\u00bbfadeIn\u00bb][\/vc_column][\/vc_row][vc_row][vc_column][vc_row_inner][vc_column_inner width=\u00bb1\/2&#8243;][vc_column_text el_class=\u00bbtext-justificat\u00bb]El objetivo principal de La Perla es <strong>acercar y distribuir internacionalmente alimentaci\u00f3n \u00e9tnica y ex\u00f3tica de calidad a todo el mundo<\/strong>. Garantizar que la riqueza culinaria de todos los pa\u00edses pueda ser encontrada en todas las partes del mundo, sin excepci\u00f3n alguna. Adem\u00e1s, las nuevas tendencias culinarias hacen que la alimentaci\u00f3n ex\u00f3tica forme <strong>parte de todas las cocinas y restaurantes nacionales e internacionales<\/strong>.[\/vc_column_text][\/vc_column_inner][vc_column_inner width=\u00bb1\/2&#8243;][vc_column_text]La Perla se ha convertido en <strong>uno de los importadores \u00e9tnicos europeos<\/strong> m\u00e1s relevantes siendo referentes en importaci\u00f3n y distribuci\u00f3n de alimentaci\u00f3n \u00e9tnica. Seleccionamos en origen los <strong>mejores productos \u00e9tnicos<\/strong> con <strong>altos est\u00e1ndares de calidad<\/strong>.[\/vc_column_text][\/vc_column_inner][\/vc_row_inner][\/vc_column][\/vc_row][vc_row][vc_column][vc_row_inner][vc_column_inner][vc_column_text]<\/p>\n<blockquote>\n<h4 class=\"link-granate\" style=\"text-align: center;\"><a href=\"\/es\/contacto\">Contacta<\/a> con nosotros y nuestro equipo de expertos resolver\u00e1 tus necesidades.<\/h4>\n<\/blockquote>\n<p>[\/vc_column_text][\/vc_column_inner][\/vc_row_inner][\/vc_column][\/vc_row]<\/p>\n","protected":false},"excerpt":{"rendered":"<p>[vc_row full_width=\u00bbstretch_row_content_no_spaces\u00bb][vc_column][vc_single_image image=\u00bb179396&#8243; img_size=\u00bblarge\u00bb alignment=\u00bbcenter\u00bb][\/vc_column][\/vc_row][vc_row][vc_column][vc_custom_heading text=\u00bbQui\u00e9nes somos\u00bb font_container=\u00bbtag:h1|font_size:26px|text_align:center|color:%23333333|line_height:1.6&#8243; google_fonts=\u00bbfont_family:Roboto%20Slab%3A100%2C300%2Cregular%2C700|font_style:700%20bold%20regular%3A700%3Anormal\u00bb][\/vc_column][\/vc_row][vc_row full_width=\u00bbstretch_row_content_no_spaces\u00bb][vc_column][vc_row_inner content_placement=\u00bbtop\u00bb el_class=\u00bblaperla-row-1200&#8243; css=\u00bb.vc_custom_1620727210926{margin-top: 30px !important;margin-bottom: 30px !important;}\u00bb][vc_column_inner css=\u00bb.vc_custom_1620731324155{margin-top: 30px !important;margin-bottom: 30px !important;}\u00bb][vc_column_text] La Perla somos una<span class=\"excerpt-hellip\"> [\u2026]<\/span><\/p>\n","protected":false},"author":1,"featured_media":0,"parent":0,"menu_order":0,"comment_status":"closed","ping_status":"closed","template":"","meta":[],"_links":{"self":[{"href":"https:\/\/www.laperlavalles.cat\/es\/wp-json\/wp\/v2\/pages\/39231"}],"collection":[{"href":"https:\/\/www.laperlavalles.cat\/es\/wp-json\/wp\/v2\/pages"}],"about":[{"href":"https:\/\/www.laperlavalles.cat\/es\/wp-json\/wp\/v2\/types\/page"}],"author":[{"embeddable":true,"href":"https:\/\/www.laperlavalles.cat\/es\/wp-json\/wp\/v2\/users\/1"}],"replies":[{"embeddable":true,"href":"https:\/\/www.laperlavalles.cat\/es\/wp-json\/wp\/v2\/comments?post=39231"}],"version-history":[{"count":6,"href":"https:\/\/www.laperlavalles.cat\/es\/wp-json\/wp\/v2\/pages\/39231\/revisions"}],"predecessor-version":[{"id":179399,"href":"https:\/\/www.laperlavalles.cat\/es\/wp-json\/wp\/v2\/pages\/39231\/revisions\/179399"}],"wp:attachment":[{"href":"https:\/\/www.laperlavalles.cat\/es\/wp-json\/wp\/v2\/media?parent=39231"}],"curies":[{"name":"wp","href":"https:\/\/api.w.org\/{rel}","templated":true}]}}