{"id":115249,"date":"2022-02-18T17:02:22","date_gmt":"2022-02-18T16:02:34","guid":{"rendered":"https:\/\/www.laperlavalles.cat\/product\/salsa-soja-ponzu-lemon-kikkoman-1l\/"},"modified":"2023-03-30T13:07:32","modified_gmt":"2023-03-30T11:07:32","slug":"salsa-soja-ponzu-lemon-kikkoman-1l","status":"publish","type":"product","link":"https:\/\/www.laperlavalles.cat\/es\/product\/salsa-soja-ponzu-lemon-kikkoman-1l\/","title":{"rendered":"SALSA SOJA PONZU LEMON KIKKOMAN 1L"},"content":{"rendered":"<p>Salsa Ponzu de soja y c\u00edtricos Kikkoman.<br \/>\nUna de las salsas m\u00e1s apreciadas de Jap\u00f3n se llama \u00abPonzu\u00bb; una exquisita combinaci\u00f3n de salsa de soja y aroma a frutos c\u00edtricos.<br \/>\nEsta salsa Kikkoman es apta para veganos. <\/p>\n","protected":false},"excerpt":{"rendered":"<p>Salsa Ponzu de soja y c\u00edtricos Kikkoman. Una de las salsas m\u00e1s apreciadas de Jap\u00f3n se llama \u00abPonzu\u00bb; una exquisita combinaci\u00f3n de salsa de soja y<span class=\"excerpt-hellip\"> [\u2026]<\/span><\/p>\n","protected":false},"featured_media":144647,"comment_status":"open","ping_status":"closed","template":"","meta":[],"product_cat":[8466,8391],"product_tag":[],"_links":{"self":[{"href":"https:\/\/www.laperlavalles.cat\/es\/wp-json\/wp\/v2\/product\/115249"}],"collection":[{"href":"https:\/\/www.laperlavalles.cat\/es\/wp-json\/wp\/v2\/product"}],"about":[{"href":"https:\/\/www.laperlavalles.cat\/es\/wp-json\/wp\/v2\/types\/product"}],"replies":[{"embeddable":true,"href":"https:\/\/www.laperlavalles.cat\/es\/wp-json\/wp\/v2\/comments?post=115249"}],"wp:featuredmedia":[{"embeddable":true,"href":"https:\/\/www.laperlavalles.cat\/es\/wp-json\/wp\/v2\/media\/144647"}],"wp:attachment":[{"href":"https:\/\/www.laperlavalles.cat\/es\/wp-json\/wp\/v2\/media?parent=115249"}],"wp:term":[{"taxonomy":"product_cat","embeddable":true,"href":"https:\/\/www.laperlavalles.cat\/es\/wp-json\/wp\/v2\/product_cat?post=115249"},{"taxonomy":"product_tag","embeddable":true,"href":"https:\/\/www.laperlavalles.cat\/es\/wp-json\/wp\/v2\/product_tag?post=115249"}],"curies":[{"name":"wp","href":"https:\/\/api.w.org\/{rel}","templated":true}]}}