{"id":115269,"date":"2022-02-18T17:02:49","date_gmt":"2022-02-18T16:03:00","guid":{"rendered":"https:\/\/www.laperlavalles.cat\/product\/salsa-poke-kikkoman-975ml\/"},"modified":"2023-03-30T13:07:54","modified_gmt":"2023-03-30T11:07:54","slug":"salsa-poke-kikkoman-975ml","status":"publish","type":"product","link":"https:\/\/www.laperlavalles.cat\/es\/product\/salsa-poke-kikkoman-975ml\/","title":{"rendered":"SALSA POKE KIKKOMAN 975ML"},"content":{"rendered":"<p>Salsa Poke Kikoman.<br \/>\nLa Salsa Poke de Kikkoman es la soluci\u00f3n para el Poke Bowl perfecto.<br \/>\nLa sabrosa salsa toma como base la cl\u00e1sica salsa de soja, aceite de s\u00e9samo tostado, un toque de zumo de lim\u00f3n y una pizca de chili.<br \/>\nEsta salsa Kikkoman es apta para veganos.  <\/p>\n","protected":false},"excerpt":{"rendered":"<p>Salsa Poke Kikoman. La Salsa Poke de Kikkoman es la soluci\u00f3n para el Poke Bowl perfecto. La sabrosa salsa toma como base la cl\u00e1sica salsa de<span class=\"excerpt-hellip\"> [\u2026]<\/span><\/p>\n","protected":false},"featured_media":144663,"comment_status":"open","ping_status":"closed","template":"","meta":[],"product_cat":[8466,8391],"product_tag":[],"_links":{"self":[{"href":"https:\/\/www.laperlavalles.cat\/es\/wp-json\/wp\/v2\/product\/115269"}],"collection":[{"href":"https:\/\/www.laperlavalles.cat\/es\/wp-json\/wp\/v2\/product"}],"about":[{"href":"https:\/\/www.laperlavalles.cat\/es\/wp-json\/wp\/v2\/types\/product"}],"replies":[{"embeddable":true,"href":"https:\/\/www.laperlavalles.cat\/es\/wp-json\/wp\/v2\/comments?post=115269"}],"wp:featuredmedia":[{"embeddable":true,"href":"https:\/\/www.laperlavalles.cat\/es\/wp-json\/wp\/v2\/media\/144663"}],"wp:attachment":[{"href":"https:\/\/www.laperlavalles.cat\/es\/wp-json\/wp\/v2\/media?parent=115269"}],"wp:term":[{"taxonomy":"product_cat","embeddable":true,"href":"https:\/\/www.laperlavalles.cat\/es\/wp-json\/wp\/v2\/product_cat?post=115269"},{"taxonomy":"product_tag","embeddable":true,"href":"https:\/\/www.laperlavalles.cat\/es\/wp-json\/wp\/v2\/product_tag?post=115269"}],"curies":[{"name":"wp","href":"https:\/\/api.w.org\/{rel}","templated":true}]}}