{"id":115309,"date":"2022-02-18T17:03:44","date_gmt":"2022-02-18T16:03:55","guid":{"rendered":"https:\/\/www.laperlavalles.cat\/product\/sesame-dressing-kikkoman-1ml\/"},"modified":"2023-03-30T13:08:38","modified_gmt":"2023-03-30T11:08:38","slug":"sesame-dressing-kikkoman-1ml","status":"publish","type":"product","link":"https:\/\/www.laperlavalles.cat\/es\/product\/sesame-dressing-kikkoman-1ml\/","title":{"rendered":"SESAME DRESSING KIKKOMAN 1ML"},"content":{"rendered":"<p>Aderezo de s\u00e9samo Kikkoman.<br \/>\nEl rico y cremoso Aderezo de s\u00e9samo de Kikkoman obtiene su delicioso y \u00fanico sabor del s\u00e9samo molido que contiene. Este aroma de semillas de s\u00e9samo ligeramente tostadas se armoniza a la perfecci\u00f3n con el aceite y el vinagre, y enriquece cualquier salsa .<br \/>\nEsta salsa Kikkoman es apta para veganos. <\/p>\n","protected":false},"excerpt":{"rendered":"<p>Aderezo de s\u00e9samo Kikkoman. El rico y cremoso Aderezo de s\u00e9samo de Kikkoman obtiene su delicioso y \u00fanico sabor del s\u00e9samo molido que contiene. Este aroma<span class=\"excerpt-hellip\"> [\u2026]<\/span><\/p>\n","protected":false},"featured_media":144695,"comment_status":"open","ping_status":"closed","template":"","meta":[],"product_cat":[8466,8391],"product_tag":[],"_links":{"self":[{"href":"https:\/\/www.laperlavalles.cat\/es\/wp-json\/wp\/v2\/product\/115309"}],"collection":[{"href":"https:\/\/www.laperlavalles.cat\/es\/wp-json\/wp\/v2\/product"}],"about":[{"href":"https:\/\/www.laperlavalles.cat\/es\/wp-json\/wp\/v2\/types\/product"}],"replies":[{"embeddable":true,"href":"https:\/\/www.laperlavalles.cat\/es\/wp-json\/wp\/v2\/comments?post=115309"}],"wp:featuredmedia":[{"embeddable":true,"href":"https:\/\/www.laperlavalles.cat\/es\/wp-json\/wp\/v2\/media\/144695"}],"wp:attachment":[{"href":"https:\/\/www.laperlavalles.cat\/es\/wp-json\/wp\/v2\/media?parent=115309"}],"wp:term":[{"taxonomy":"product_cat","embeddable":true,"href":"https:\/\/www.laperlavalles.cat\/es\/wp-json\/wp\/v2\/product_cat?post=115309"},{"taxonomy":"product_tag","embeddable":true,"href":"https:\/\/www.laperlavalles.cat\/es\/wp-json\/wp\/v2\/product_tag?post=115309"}],"curies":[{"name":"wp","href":"https:\/\/api.w.org\/{rel}","templated":true}]}}