{"id":115429,"date":"2022-02-18T17:06:22","date_gmt":"2022-02-18T16:06:33","guid":{"rendered":"https:\/\/www.laperlavalles.cat\/product\/salsa-de-soja-japanese-style-1l-lee-kum-kee\/"},"modified":"2024-06-10T18:09:10","modified_gmt":"2024-06-10T16:09:10","slug":"salsa-de-soja-japanese-style-1l-lee-kum-kee","status":"publish","type":"product","link":"https:\/\/www.laperlavalles.cat\/es\/product\/salsa-de-soja-japanese-style-1l-lee-kum-kee\/","title":{"rendered":"SALSA DE SOJA JAPANESE STYLE 1L LEE KUM KEE"},"content":{"rendered":"<p>Salsa de Soja estilo Japon\u00e9s Lee Kum Kee.<br \/>\nLa marca LKK es la marca n\u00famero 1 en venta de salsas en china, y en su cat\u00e1logo ofrece salsas chinas para retail y salsas chinas para el canal HORECA. La Perla es distribuidor oficia de las salsas Lee Kum Kee.<\/p>\n","protected":false},"excerpt":{"rendered":"<p>Salsa de Soja estilo Japon\u00e9s Lee Kum Kee. La marca LKK es la marca n\u00famero 1 en venta de salsas en china, y en su cat\u00e1logo<span class=\"excerpt-hellip\"> [\u2026]<\/span><\/p>\n","protected":false},"featured_media":172776,"comment_status":"open","ping_status":"closed","template":"","meta":[],"product_cat":[10618],"product_tag":[],"_links":{"self":[{"href":"https:\/\/www.laperlavalles.cat\/es\/wp-json\/wp\/v2\/product\/115429"}],"collection":[{"href":"https:\/\/www.laperlavalles.cat\/es\/wp-json\/wp\/v2\/product"}],"about":[{"href":"https:\/\/www.laperlavalles.cat\/es\/wp-json\/wp\/v2\/types\/product"}],"replies":[{"embeddable":true,"href":"https:\/\/www.laperlavalles.cat\/es\/wp-json\/wp\/v2\/comments?post=115429"}],"wp:featuredmedia":[{"embeddable":true,"href":"https:\/\/www.laperlavalles.cat\/es\/wp-json\/wp\/v2\/media\/172776"}],"wp:attachment":[{"href":"https:\/\/www.laperlavalles.cat\/es\/wp-json\/wp\/v2\/media?parent=115429"}],"wp:term":[{"taxonomy":"product_cat","embeddable":true,"href":"https:\/\/www.laperlavalles.cat\/es\/wp-json\/wp\/v2\/product_cat?post=115429"},{"taxonomy":"product_tag","embeddable":true,"href":"https:\/\/www.laperlavalles.cat\/es\/wp-json\/wp\/v2\/product_tag?post=115429"}],"curies":[{"name":"wp","href":"https:\/\/api.w.org\/{rel}","templated":true}]}}