{"id":115650,"date":"2022-02-18T17:11:16","date_gmt":"2022-02-18T16:11:26","guid":{"rendered":"https:\/\/www.laperlavalles.cat\/product\/salsa-wok-kikkoman-250ml\/"},"modified":"2024-07-02T17:19:19","modified_gmt":"2024-07-02T15:19:19","slug":"salsa-wok-kikkoman-250ml","status":"publish","type":"product","link":"https:\/\/www.laperlavalles.cat\/es\/product\/salsa-wok-kikkoman-250ml\/","title":{"rendered":"SALSA WOK KIKKOMAN 250ML"},"content":{"rendered":"<p>Salsa Wok Kikkoman.<br \/>\nLa salsa arom\u00e1tica dulce para wok es el acompa\u00f1ante id\u00f3neo para los exquisitos platos que se preparan de manera r\u00e1pida y ligera en el wok.<br \/>\nEsta salsa Kikkoman es apta para veganos. <\/p>\n","protected":false},"excerpt":{"rendered":"<p>Salsa Wok Kikkoman. La salsa arom\u00e1tica dulce para wok es el acompa\u00f1ante id\u00f3neo para los exquisitos platos que se preparan de manera r\u00e1pida y ligera en<span class=\"excerpt-hellip\"> [\u2026]<\/span><\/p>\n","protected":false},"featured_media":162808,"comment_status":"open","ping_status":"closed","template":"","meta":[],"product_cat":[10618],"product_tag":[],"_links":{"self":[{"href":"https:\/\/www.laperlavalles.cat\/es\/wp-json\/wp\/v2\/product\/115650"}],"collection":[{"href":"https:\/\/www.laperlavalles.cat\/es\/wp-json\/wp\/v2\/product"}],"about":[{"href":"https:\/\/www.laperlavalles.cat\/es\/wp-json\/wp\/v2\/types\/product"}],"replies":[{"embeddable":true,"href":"https:\/\/www.laperlavalles.cat\/es\/wp-json\/wp\/v2\/comments?post=115650"}],"wp:featuredmedia":[{"embeddable":true,"href":"https:\/\/www.laperlavalles.cat\/es\/wp-json\/wp\/v2\/media\/162808"}],"wp:attachment":[{"href":"https:\/\/www.laperlavalles.cat\/es\/wp-json\/wp\/v2\/media?parent=115650"}],"wp:term":[{"taxonomy":"product_cat","embeddable":true,"href":"https:\/\/www.laperlavalles.cat\/es\/wp-json\/wp\/v2\/product_cat?post=115650"},{"taxonomy":"product_tag","embeddable":true,"href":"https:\/\/www.laperlavalles.cat\/es\/wp-json\/wp\/v2\/product_tag?post=115650"}],"curies":[{"name":"wp","href":"https:\/\/api.w.org\/{rel}","templated":true}]}}