{"id":115710,"date":"2022-02-18T17:12:36","date_gmt":"2022-02-18T16:12:47","guid":{"rendered":"https:\/\/www.laperlavalles.cat\/product\/aceite-de-sesamo-puro-207ml-lee-kum-kee\/"},"modified":"2024-06-10T15:29:59","modified_gmt":"2024-06-10T13:29:59","slug":"aceite-de-sesamo-puro-207ml-lee-kum-kee","status":"publish","type":"product","link":"https:\/\/www.laperlavalles.cat\/es\/product\/aceite-de-sesamo-puro-207ml-lee-kum-kee\/","title":{"rendered":"ACEITE DE S\u00c9SAMO PURO 207ML LEE KUM KEE"},"content":{"rendered":"<p>El aceite de s\u00e9samo puro LKK es un aceite 100%  puro elaborado a base de semillas de s\u00e9samo tostadas. Ofrece un aroma a nuez con solo algunos guiones. Perfecto para marinar, sofritos, ensaladas y fideos.<br \/>\nLa Perla es distribuidor oficinal de la prestigiosa marca de salsas chinas Lee kum Kee. Consulta en nuestro cat\u00e1logo la gama completa de salsas chinas que vendemos.<\/p>\n","protected":false},"excerpt":{"rendered":"<p>El aceite de s\u00e9samo puro LKK es un aceite 100% puro elaborado a base de semillas de s\u00e9samo tostadas. Ofrece un aroma a nuez con solo<span class=\"excerpt-hellip\"> [\u2026]<\/span><\/p>\n","protected":false},"featured_media":169432,"comment_status":"open","ping_status":"closed","template":"","meta":[],"product_cat":[10618],"product_tag":[],"_links":{"self":[{"href":"https:\/\/www.laperlavalles.cat\/es\/wp-json\/wp\/v2\/product\/115710"}],"collection":[{"href":"https:\/\/www.laperlavalles.cat\/es\/wp-json\/wp\/v2\/product"}],"about":[{"href":"https:\/\/www.laperlavalles.cat\/es\/wp-json\/wp\/v2\/types\/product"}],"replies":[{"embeddable":true,"href":"https:\/\/www.laperlavalles.cat\/es\/wp-json\/wp\/v2\/comments?post=115710"}],"wp:featuredmedia":[{"embeddable":true,"href":"https:\/\/www.laperlavalles.cat\/es\/wp-json\/wp\/v2\/media\/169432"}],"wp:attachment":[{"href":"https:\/\/www.laperlavalles.cat\/es\/wp-json\/wp\/v2\/media?parent=115710"}],"wp:term":[{"taxonomy":"product_cat","embeddable":true,"href":"https:\/\/www.laperlavalles.cat\/es\/wp-json\/wp\/v2\/product_cat?post=115710"},{"taxonomy":"product_tag","embeddable":true,"href":"https:\/\/www.laperlavalles.cat\/es\/wp-json\/wp\/v2\/product_tag?post=115710"}],"curies":[{"name":"wp","href":"https:\/\/api.w.org\/{rel}","templated":true}]}}