{"id":115730,"date":"2022-02-18T17:13:03","date_gmt":"2022-02-18T16:13:15","guid":{"rendered":"https:\/\/www.laperlavalles.cat\/product\/salsa-soja-tamari-kikkoman-1l\/"},"modified":"2023-06-23T14:19:13","modified_gmt":"2023-06-23T12:19:13","slug":"salsa-soja-tamari-kikkoman-1l","status":"publish","type":"product","link":"https:\/\/www.laperlavalles.cat\/es\/product\/salsa-soja-tamari-kikkoman-1l\/","title":{"rendered":"SALSA SOJA TAMARI KIKKOMAN 1L"},"content":{"rendered":"<p>Salsa de Soja Tamari sin gluten.<br \/>\nLa Salsa de Soja naturalmente fermentada de Kikkoman tiene una versi\u00f3n sin gluten.<br \/>\nLa Salsa de Soja Tamari sin gluten puede sustituir en cualquier ocasi\u00f3n al resto de nuestras salsas ya que es  vers\u00e1til y deliciosa como la cl\u00e1sica. Y como la salsa gusta igual a las personas sin intolerancia, se puede prescindir de utilizar dos salsas diferentes al cocinar.<br \/>\nLa Salsa de Soja Tamari sin gluten no solo es sin gluten, sino tambi\u00e9n halal. Por lo tanto, tambi\u00e9n la pueden usar sin dudarlo las personas de fe musulmana para cocinar, condimentar o refinar. Basta con ver los sellos certificados de libre de gluten y halal en la etiqueta.<br \/>\nSalsa sin gluten, vegana y halal.<\/p>\n","protected":false},"excerpt":{"rendered":"<p>Salsa de Soja Tamari sin gluten. La Salsa de Soja naturalmente fermentada de Kikkoman tiene una versi\u00f3n sin gluten. La Salsa de Soja Tamari sin gluten<span class=\"excerpt-hellip\"> [\u2026]<\/span><\/p>\n","protected":false},"featured_media":174040,"comment_status":"open","ping_status":"closed","template":"","meta":[],"product_cat":[8466,8391],"product_tag":[],"_links":{"self":[{"href":"https:\/\/www.laperlavalles.cat\/es\/wp-json\/wp\/v2\/product\/115730"}],"collection":[{"href":"https:\/\/www.laperlavalles.cat\/es\/wp-json\/wp\/v2\/product"}],"about":[{"href":"https:\/\/www.laperlavalles.cat\/es\/wp-json\/wp\/v2\/types\/product"}],"replies":[{"embeddable":true,"href":"https:\/\/www.laperlavalles.cat\/es\/wp-json\/wp\/v2\/comments?post=115730"}],"wp:featuredmedia":[{"embeddable":true,"href":"https:\/\/www.laperlavalles.cat\/es\/wp-json\/wp\/v2\/media\/174040"}],"wp:attachment":[{"href":"https:\/\/www.laperlavalles.cat\/es\/wp-json\/wp\/v2\/media?parent=115730"}],"wp:term":[{"taxonomy":"product_cat","embeddable":true,"href":"https:\/\/www.laperlavalles.cat\/es\/wp-json\/wp\/v2\/product_cat?post=115730"},{"taxonomy":"product_tag","embeddable":true,"href":"https:\/\/www.laperlavalles.cat\/es\/wp-json\/wp\/v2\/product_tag?post=115730"}],"curies":[{"name":"wp","href":"https:\/\/api.w.org\/{rel}","templated":true}]}}