{"id":115830,"date":"2022-02-18T17:15:25","date_gmt":"2022-02-18T16:15:36","guid":{"rendered":"https:\/\/www.laperlavalles.cat\/product\/salsa-poke-kikkoman-250ml\/"},"modified":"2025-12-04T13:40:22","modified_gmt":"2025-12-04T12:40:22","slug":"salsa-poke-kikkoman-250ml","status":"publish","type":"product","link":"https:\/\/www.laperlavalles.cat\/es\/product\/salsa-poke-kikkoman-250ml\/","title":{"rendered":"SALSA POKE KIKKOMAN 250ML"},"content":{"rendered":"<p>Salsa Poke Kikoman.<br \/>\nLa Salsa Poke de Kikkoman es la soluci\u00f3n para el Poke Bowl perfecto.<br \/>\nLa sabrosa salsa toma como base la cl\u00e1sica salsa de soja, aceite de s\u00e9samo tostado, un toque de zumo de lim\u00f3n y una pizca de chili.<br \/>\nEsta salsa Kikkoman es apta para veganos.<br \/>\nLa Perla distribuye salsas para canal retail y para canal horeca.<\/p>\n","protected":false},"excerpt":{"rendered":"<p>Salsa Poke Kikoman. La Salsa Poke de Kikkoman es la soluci\u00f3n para el Poke Bowl perfecto. La sabrosa salsa toma como base la cl\u00e1sica salsa de<span class=\"excerpt-hellip\"> [\u2026]<\/span><\/p>\n","protected":false},"featured_media":143111,"comment_status":"open","ping_status":"closed","template":"","meta":[],"product_cat":[10618],"product_tag":[],"_links":{"self":[{"href":"https:\/\/www.laperlavalles.cat\/es\/wp-json\/wp\/v2\/product\/115830"}],"collection":[{"href":"https:\/\/www.laperlavalles.cat\/es\/wp-json\/wp\/v2\/product"}],"about":[{"href":"https:\/\/www.laperlavalles.cat\/es\/wp-json\/wp\/v2\/types\/product"}],"replies":[{"embeddable":true,"href":"https:\/\/www.laperlavalles.cat\/es\/wp-json\/wp\/v2\/comments?post=115830"}],"wp:featuredmedia":[{"embeddable":true,"href":"https:\/\/www.laperlavalles.cat\/es\/wp-json\/wp\/v2\/media\/143111"}],"wp:attachment":[{"href":"https:\/\/www.laperlavalles.cat\/es\/wp-json\/wp\/v2\/media?parent=115830"}],"wp:term":[{"taxonomy":"product_cat","embeddable":true,"href":"https:\/\/www.laperlavalles.cat\/es\/wp-json\/wp\/v2\/product_cat?post=115830"},{"taxonomy":"product_tag","embeddable":true,"href":"https:\/\/www.laperlavalles.cat\/es\/wp-json\/wp\/v2\/product_tag?post=115830"}],"curies":[{"name":"wp","href":"https:\/\/api.w.org\/{rel}","templated":true}]}}