{"id":115990,"date":"2022-02-18T17:19:05","date_gmt":"2022-02-18T16:19:16","guid":{"rendered":"https:\/\/www.laperlavalles.cat\/product\/salsa-unagi-kikkoman-975ml\/"},"modified":"2025-06-11T11:50:12","modified_gmt":"2025-06-11T09:50:12","slug":"salsa-unagi-kikkoman-975ml","status":"publish","type":"product","link":"https:\/\/www.laperlavalles.cat\/es\/product\/salsa-unagi-kikkoman-975ml\/","title":{"rendered":"SALSA UNAGI KIKKOMAN 975ML"},"content":{"rendered":"<p>Salsa japonesa espesa y brillante, elaborada principalmente con salsa de soja, mirin, az\u00facar y dashi. Tiene un sabor dulce-salado y una textura viscosa, ideal para dar brillo y potenciar el sabor de sushi, sashimi, anguila a la parrilla y otros platos japoneses. Tradicionalmente utilizada para acompa\u00f1ar la anguila (unagi), hoy es muy vers\u00e1til: se puede usar para marinar, lacar, ali\u00f1ar o dar un toque final a pescados, arroces, verduras y huevos<\/p>\n","protected":false},"excerpt":{"rendered":"<p>Salsa japonesa espesa y brillante, elaborada principalmente con salsa de soja, mirin, az\u00facar y dashi. Tiene un sabor dulce-salado y una textura viscosa, ideal para dar<span class=\"excerpt-hellip\"> [\u2026]<\/span><\/p>\n","protected":false},"featured_media":143255,"comment_status":"open","ping_status":"closed","template":"","meta":[],"product_cat":[8466,8391],"product_tag":[],"_links":{"self":[{"href":"https:\/\/www.laperlavalles.cat\/es\/wp-json\/wp\/v2\/product\/115990"}],"collection":[{"href":"https:\/\/www.laperlavalles.cat\/es\/wp-json\/wp\/v2\/product"}],"about":[{"href":"https:\/\/www.laperlavalles.cat\/es\/wp-json\/wp\/v2\/types\/product"}],"replies":[{"embeddable":true,"href":"https:\/\/www.laperlavalles.cat\/es\/wp-json\/wp\/v2\/comments?post=115990"}],"wp:featuredmedia":[{"embeddable":true,"href":"https:\/\/www.laperlavalles.cat\/es\/wp-json\/wp\/v2\/media\/143255"}],"wp:attachment":[{"href":"https:\/\/www.laperlavalles.cat\/es\/wp-json\/wp\/v2\/media?parent=115990"}],"wp:term":[{"taxonomy":"product_cat","embeddable":true,"href":"https:\/\/www.laperlavalles.cat\/es\/wp-json\/wp\/v2\/product_cat?post=115990"},{"taxonomy":"product_tag","embeddable":true,"href":"https:\/\/www.laperlavalles.cat\/es\/wp-json\/wp\/v2\/product_tag?post=115990"}],"curies":[{"name":"wp","href":"https:\/\/api.w.org\/{rel}","templated":true}]}}