{"id":116090,"date":"2022-02-18T17:21:19","date_gmt":"2022-02-18T16:21:30","guid":{"rendered":"https:\/\/www.laperlavalles.cat\/product\/malta-hyper-malt-light-llauna-33cl\/"},"modified":"2025-07-03T10:40:22","modified_gmt":"2025-07-03T08:40:22","slug":"malta-hyper-malt-light-llauna-33cl","status":"publish","type":"product","link":"https:\/\/www.laperlavalles.cat\/es\/product\/malta-hyper-malt-light-llauna-33cl\/","title":{"rendered":"MALTA HYPER MALT LIGHT 33CL"},"content":{"rendered":"<p>La bebida de malta Hyper Malt Light es la cl\u00e1sica bebida de malta con menor cantidad de az\u00facares a\u00f1adidos.<br \/>\nHyper Malt Light no contiene alcohol, por lo que es ideal en todas las regiones.<br \/>\nEs conocida por su sabor a malta, su intenso cuerpo y su deliciosa suavidad. Est\u00e1 elaborada a partir de ingredientes naturales (consta de tres maltas diferentes: Pilsner, Munich y malta caramelo) y con m\u00e9todos tradicionales.<br \/>\nRica en vitamina B, contiene biotina y vitamina B12, sin extracto de malta, conservantes ni aromas artificiales.<\/p>\n","protected":false},"excerpt":{"rendered":"<p>La bebida de malta Hyper Malt Light es la cl\u00e1sica bebida de malta con menor cantidad de az\u00facares a\u00f1adidos. Hyper Malt Light no contiene alcohol, por<span class=\"excerpt-hellip\"> [\u2026]<\/span><\/p>\n","protected":false},"featured_media":166104,"comment_status":"open","ping_status":"closed","template":"","meta":[],"product_cat":[8385,8469],"product_tag":[],"_links":{"self":[{"href":"https:\/\/www.laperlavalles.cat\/es\/wp-json\/wp\/v2\/product\/116090"}],"collection":[{"href":"https:\/\/www.laperlavalles.cat\/es\/wp-json\/wp\/v2\/product"}],"about":[{"href":"https:\/\/www.laperlavalles.cat\/es\/wp-json\/wp\/v2\/types\/product"}],"replies":[{"embeddable":true,"href":"https:\/\/www.laperlavalles.cat\/es\/wp-json\/wp\/v2\/comments?post=116090"}],"wp:featuredmedia":[{"embeddable":true,"href":"https:\/\/www.laperlavalles.cat\/es\/wp-json\/wp\/v2\/media\/166104"}],"wp:attachment":[{"href":"https:\/\/www.laperlavalles.cat\/es\/wp-json\/wp\/v2\/media?parent=116090"}],"wp:term":[{"taxonomy":"product_cat","embeddable":true,"href":"https:\/\/www.laperlavalles.cat\/es\/wp-json\/wp\/v2\/product_cat?post=116090"},{"taxonomy":"product_tag","embeddable":true,"href":"https:\/\/www.laperlavalles.cat\/es\/wp-json\/wp\/v2\/product_tag?post=116090"}],"curies":[{"name":"wp","href":"https:\/\/api.w.org\/{rel}","templated":true}]}}