{"id":116110,"date":"2022-02-18T17:21:47","date_gmt":"2022-02-18T16:21:58","guid":{"rendered":"https:\/\/www.laperlavalles.cat\/product\/fufu-cocoyam-golden-tropics-680gr\/"},"modified":"2023-09-22T14:30:45","modified_gmt":"2023-09-22T12:30:45","slug":"fufu-cocoyam-golden-tropics-680gr","status":"publish","type":"product","link":"https:\/\/www.laperlavalles.cat\/es\/product\/fufu-cocoyam-golden-tropics-680gr\/","title":{"rendered":"FUFU COCOYAM GOLDEN TROPICS 680GR"},"content":{"rendered":"<p>El fufu cocoyam es un producto muy apreciado por la comunidad africana. Consulta nuestro cat\u00e1logo completo de harinas, granos y s\u00e9molas de importaci\u00f3n.<\/p>\n","protected":false},"excerpt":{"rendered":"<p>El fufu cocoyam es un producto muy apreciado por la comunidad africana. Consulta nuestro cat\u00e1logo completo de harinas, granos y s\u00e9molas de importaci\u00f3n.<\/p>\n","protected":false},"featured_media":172600,"comment_status":"open","ping_status":"closed","template":"","meta":[],"product_cat":[8398,8476],"product_tag":[],"_links":{"self":[{"href":"https:\/\/www.laperlavalles.cat\/es\/wp-json\/wp\/v2\/product\/116110"}],"collection":[{"href":"https:\/\/www.laperlavalles.cat\/es\/wp-json\/wp\/v2\/product"}],"about":[{"href":"https:\/\/www.laperlavalles.cat\/es\/wp-json\/wp\/v2\/types\/product"}],"replies":[{"embeddable":true,"href":"https:\/\/www.laperlavalles.cat\/es\/wp-json\/wp\/v2\/comments?post=116110"}],"wp:featuredmedia":[{"embeddable":true,"href":"https:\/\/www.laperlavalles.cat\/es\/wp-json\/wp\/v2\/media\/172600"}],"wp:attachment":[{"href":"https:\/\/www.laperlavalles.cat\/es\/wp-json\/wp\/v2\/media?parent=116110"}],"wp:term":[{"taxonomy":"product_cat","embeddable":true,"href":"https:\/\/www.laperlavalles.cat\/es\/wp-json\/wp\/v2\/product_cat?post=116110"},{"taxonomy":"product_tag","embeddable":true,"href":"https:\/\/www.laperlavalles.cat\/es\/wp-json\/wp\/v2\/product_tag?post=116110"}],"curies":[{"name":"wp","href":"https:\/\/api.w.org\/{rel}","templated":true}]}}