{"id":116130,"date":"2022-02-18T17:22:14","date_gmt":"2022-02-18T16:22:25","guid":{"rendered":"https:\/\/www.laperlavalles.cat\/product\/fufu-plantain-golden-tropics-680gr\/"},"modified":"2023-07-03T11:57:19","modified_gmt":"2023-07-03T09:57:19","slug":"fufu-plantain-golden-tropics-680gr","status":"publish","type":"product","link":"https:\/\/www.laperlavalles.cat\/es\/product\/fufu-plantain-golden-tropics-680gr\/","title":{"rendered":"FUFU PLANTAIN GOLDEN TROPICS 680GR"},"content":{"rendered":"<p>El fufu plantain es un producto muy apreciado por la comunidad africana. Consulta nuestro cat\u00e1logo completo de harinas, granos y s\u00e9molas de importaci\u00f3n.<\/p>\n","protected":false},"excerpt":{"rendered":"<p>El fufu plantain es un producto muy apreciado por la comunidad africana. Consulta nuestro cat\u00e1logo completo de harinas, granos y s\u00e9molas de importaci\u00f3n.<\/p>\n","protected":false},"featured_media":177400,"comment_status":"open","ping_status":"closed","template":"","meta":[],"product_cat":[8398,8476],"product_tag":[],"_links":{"self":[{"href":"https:\/\/www.laperlavalles.cat\/es\/wp-json\/wp\/v2\/product\/116130"}],"collection":[{"href":"https:\/\/www.laperlavalles.cat\/es\/wp-json\/wp\/v2\/product"}],"about":[{"href":"https:\/\/www.laperlavalles.cat\/es\/wp-json\/wp\/v2\/types\/product"}],"replies":[{"embeddable":true,"href":"https:\/\/www.laperlavalles.cat\/es\/wp-json\/wp\/v2\/comments?post=116130"}],"wp:featuredmedia":[{"embeddable":true,"href":"https:\/\/www.laperlavalles.cat\/es\/wp-json\/wp\/v2\/media\/177400"}],"wp:attachment":[{"href":"https:\/\/www.laperlavalles.cat\/es\/wp-json\/wp\/v2\/media?parent=116130"}],"wp:term":[{"taxonomy":"product_cat","embeddable":true,"href":"https:\/\/www.laperlavalles.cat\/es\/wp-json\/wp\/v2\/product_cat?post=116130"},{"taxonomy":"product_tag","embeddable":true,"href":"https:\/\/www.laperlavalles.cat\/es\/wp-json\/wp\/v2\/product_tag?post=116130"}],"curies":[{"name":"wp","href":"https:\/\/api.w.org\/{rel}","templated":true}]}}