{"id":116550,"date":"2022-02-18T17:31:31","date_gmt":"2022-02-18T16:31:42","guid":{"rendered":"https:\/\/www.laperlavalles.cat\/product\/pulpa-pina-sandino\/"},"modified":"2023-06-23T13:54:49","modified_gmt":"2023-06-23T11:54:49","slug":"pulpa-pina-sandino","status":"publish","type":"product","link":"https:\/\/www.laperlavalles.cat\/es\/product\/pulpa-pina-sandino\/","title":{"rendered":"PULPA PI\u00d1A SANDINO"},"content":{"rendered":"<p>La Perla es distribuidor de pulpas de fruta congeladas: pulpa de aguaymanto, pulpa de l\u00facuma, pulpa de mango, pulpa de maracuy\u00e1, pulpa de guan\u00e1bana, pulpa de pi\u00f1a, pulpa de chirimoya&#8230; Consulta en nuestro cat\u00e1logo el amplio surtido en frutas y verduras sudamericanas.<\/p>\n","protected":false},"excerpt":{"rendered":"<p>La Perla es distribuidor de pulpas de fruta congeladas: pulpa de aguaymanto, pulpa de l\u00facuma, pulpa de mango, pulpa de maracuy\u00e1, pulpa de guan\u00e1bana, pulpa de<span class=\"excerpt-hellip\"> [\u2026]<\/span><\/p>\n","protected":false},"featured_media":172952,"comment_status":"open","ping_status":"closed","template":"","meta":[],"product_cat":[8402,8500],"product_tag":[],"_links":{"self":[{"href":"https:\/\/www.laperlavalles.cat\/es\/wp-json\/wp\/v2\/product\/116550"}],"collection":[{"href":"https:\/\/www.laperlavalles.cat\/es\/wp-json\/wp\/v2\/product"}],"about":[{"href":"https:\/\/www.laperlavalles.cat\/es\/wp-json\/wp\/v2\/types\/product"}],"replies":[{"embeddable":true,"href":"https:\/\/www.laperlavalles.cat\/es\/wp-json\/wp\/v2\/comments?post=116550"}],"wp:featuredmedia":[{"embeddable":true,"href":"https:\/\/www.laperlavalles.cat\/es\/wp-json\/wp\/v2\/media\/172952"}],"wp:attachment":[{"href":"https:\/\/www.laperlavalles.cat\/es\/wp-json\/wp\/v2\/media?parent=116550"}],"wp:term":[{"taxonomy":"product_cat","embeddable":true,"href":"https:\/\/www.laperlavalles.cat\/es\/wp-json\/wp\/v2\/product_cat?post=116550"},{"taxonomy":"product_tag","embeddable":true,"href":"https:\/\/www.laperlavalles.cat\/es\/wp-json\/wp\/v2\/product_tag?post=116550"}],"curies":[{"name":"wp","href":"https:\/\/api.w.org\/{rel}","templated":true}]}}