{"id":116670,"date":"2022-02-18T17:33:43","date_gmt":"2022-02-18T16:33:49","guid":{"rendered":"https:\/\/www.laperlavalles.cat\/product\/fufu-cocoyam-tropiway-680gr\/"},"modified":"2023-06-23T08:48:32","modified_gmt":"2023-06-23T06:48:32","slug":"fufu-cocoyam-tropiway-680gr","status":"publish","type":"product","link":"https:\/\/www.laperlavalles.cat\/es\/product\/fufu-cocoyam-tropiway-680gr\/","title":{"rendered":"FUFU COCOYAM TROPIWAY 680GR"},"content":{"rendered":"<p>El fufu cocoyam es un producto muy apreciado por la comunidad africana. Consulta nuestro cat\u00e1logo completo de harinas, granos y s\u00e9molas de importaci\u00f3n.<\/p>\n","protected":false},"excerpt":{"rendered":"<p>El fufu cocoyam es un producto muy apreciado por la comunidad africana. Consulta nuestro cat\u00e1logo completo de harinas, granos y s\u00e9molas de importaci\u00f3n.<\/p>\n","protected":false},"featured_media":159144,"comment_status":"open","ping_status":"closed","template":"","meta":[],"product_cat":[8398,8476],"product_tag":[],"_links":{"self":[{"href":"https:\/\/www.laperlavalles.cat\/es\/wp-json\/wp\/v2\/product\/116670"}],"collection":[{"href":"https:\/\/www.laperlavalles.cat\/es\/wp-json\/wp\/v2\/product"}],"about":[{"href":"https:\/\/www.laperlavalles.cat\/es\/wp-json\/wp\/v2\/types\/product"}],"replies":[{"embeddable":true,"href":"https:\/\/www.laperlavalles.cat\/es\/wp-json\/wp\/v2\/comments?post=116670"}],"wp:featuredmedia":[{"embeddable":true,"href":"https:\/\/www.laperlavalles.cat\/es\/wp-json\/wp\/v2\/media\/159144"}],"wp:attachment":[{"href":"https:\/\/www.laperlavalles.cat\/es\/wp-json\/wp\/v2\/media?parent=116670"}],"wp:term":[{"taxonomy":"product_cat","embeddable":true,"href":"https:\/\/www.laperlavalles.cat\/es\/wp-json\/wp\/v2\/product_cat?post=116670"},{"taxonomy":"product_tag","embeddable":true,"href":"https:\/\/www.laperlavalles.cat\/es\/wp-json\/wp\/v2\/product_tag?post=116670"}],"curies":[{"name":"wp","href":"https:\/\/api.w.org\/{rel}","templated":true}]}}