{"id":116731,"date":"2022-02-18T18:50:44","date_gmt":"2022-02-18T17:50:58","guid":{"rendered":"https:\/\/www.laperlavalles.cat\/product\/judia-mungo-partida-pelada-aroy-d\/"},"modified":"2024-07-02T19:39:53","modified_gmt":"2024-07-02T17:39:53","slug":"judia-mungo-partida-pelada-aroy-d","status":"publish","type":"product","link":"https:\/\/www.laperlavalles.cat\/es\/product\/judia-mungo-partida-pelada-aroy-d\/","title":{"rendered":"JUD\u00cdA MUNGO PARTIDA PELADA AROY-D"},"content":{"rendered":"<p>Jud\u00edas verdes partida y peladas conocidas tambi\u00e9n como soja verde.<\/p>\n","protected":false},"excerpt":{"rendered":"<p>Jud\u00edas verdes partida y peladas conocidas tambi\u00e9n como soja verde.<\/p>\n","protected":false},"featured_media":143351,"comment_status":"open","ping_status":"closed","template":"","meta":[],"product_cat":[10618],"product_tag":[],"_links":{"self":[{"href":"https:\/\/www.laperlavalles.cat\/es\/wp-json\/wp\/v2\/product\/116731"}],"collection":[{"href":"https:\/\/www.laperlavalles.cat\/es\/wp-json\/wp\/v2\/product"}],"about":[{"href":"https:\/\/www.laperlavalles.cat\/es\/wp-json\/wp\/v2\/types\/product"}],"replies":[{"embeddable":true,"href":"https:\/\/www.laperlavalles.cat\/es\/wp-json\/wp\/v2\/comments?post=116731"}],"wp:featuredmedia":[{"embeddable":true,"href":"https:\/\/www.laperlavalles.cat\/es\/wp-json\/wp\/v2\/media\/143351"}],"wp:attachment":[{"href":"https:\/\/www.laperlavalles.cat\/es\/wp-json\/wp\/v2\/media?parent=116731"}],"wp:term":[{"taxonomy":"product_cat","embeddable":true,"href":"https:\/\/www.laperlavalles.cat\/es\/wp-json\/wp\/v2\/product_cat?post=116731"},{"taxonomy":"product_tag","embeddable":true,"href":"https:\/\/www.laperlavalles.cat\/es\/wp-json\/wp\/v2\/product_tag?post=116731"}],"curies":[{"name":"wp","href":"https:\/\/api.w.org\/{rel}","templated":true}]}}