{"id":116811,"date":"2022-02-18T18:52:41","date_gmt":"2022-02-18T17:52:54","guid":{"rendered":"https:\/\/www.laperlavalles.cat\/product\/salsa-de-pescado-pet-squid-700ml\/"},"modified":"2024-07-10T13:19:12","modified_gmt":"2024-07-10T11:19:12","slug":"salsa-de-pescado-pet-squid-700ml","status":"publish","type":"product","link":"https:\/\/www.laperlavalles.cat\/es\/product\/salsa-de-pescado-pet-squid-700ml\/","title":{"rendered":"SALSA DE PESCADO PET SQUID 700ML"},"content":{"rendered":"<p>La salsa de pescado Squid es una salsa tradicional en la cocina oriental que aporta el t\u00edpico y esencial sabor de la cocina cocina oriental gracias a sus ingredientes umami y pescado. Consulta nuestro cat\u00e1logo de salsas orientales para ver m\u00e1s formatos.<\/p>\n","protected":false},"excerpt":{"rendered":"<p>La salsa de pescado Squid es una salsa tradicional en la cocina oriental que aporta el t\u00edpico y esencial sabor de la cocina cocina oriental gracias<span class=\"excerpt-hellip\"> [\u2026]<\/span><\/p>\n","protected":false},"featured_media":142172,"comment_status":"open","ping_status":"closed","template":"","meta":[],"product_cat":[10618],"product_tag":[],"_links":{"self":[{"href":"https:\/\/www.laperlavalles.cat\/es\/wp-json\/wp\/v2\/product\/116811"}],"collection":[{"href":"https:\/\/www.laperlavalles.cat\/es\/wp-json\/wp\/v2\/product"}],"about":[{"href":"https:\/\/www.laperlavalles.cat\/es\/wp-json\/wp\/v2\/types\/product"}],"replies":[{"embeddable":true,"href":"https:\/\/www.laperlavalles.cat\/es\/wp-json\/wp\/v2\/comments?post=116811"}],"wp:featuredmedia":[{"embeddable":true,"href":"https:\/\/www.laperlavalles.cat\/es\/wp-json\/wp\/v2\/media\/142172"}],"wp:attachment":[{"href":"https:\/\/www.laperlavalles.cat\/es\/wp-json\/wp\/v2\/media?parent=116811"}],"wp:term":[{"taxonomy":"product_cat","embeddable":true,"href":"https:\/\/www.laperlavalles.cat\/es\/wp-json\/wp\/v2\/product_cat?post=116811"},{"taxonomy":"product_tag","embeddable":true,"href":"https:\/\/www.laperlavalles.cat\/es\/wp-json\/wp\/v2\/product_tag?post=116811"}],"curies":[{"name":"wp","href":"https:\/\/api.w.org\/{rel}","templated":true}]}}