{"id":116831,"date":"2022-02-18T18:53:14","date_gmt":"2022-02-18T17:53:26","guid":{"rendered":"https:\/\/www.laperlavalles.cat\/product\/salsa-de-pescado-squid-300ml\/"},"modified":"2023-06-23T13:58:25","modified_gmt":"2023-06-23T11:58:25","slug":"salsa-de-pescado-squid-300ml","status":"publish","type":"product","link":"https:\/\/www.laperlavalles.cat\/es\/product\/salsa-de-pescado-squid-300ml\/","title":{"rendered":"SALSA DE PESCADO SQUID 300ML"},"content":{"rendered":"<p>La salsa de pescado Squid es una salsa tradicional en la cocina oriental que aporta el t\u00edpico y esencial sabor de la cocina cocina oriental gracias a sus ingredientes umami y pescado. Consulta nuestro cat\u00e1logo de salsas orientales para ver m\u00e1s formatos.<\/p>\n","protected":false},"excerpt":{"rendered":"<p>La salsa de pescado Squid es una salsa tradicional en la cocina oriental que aporta el t\u00edpico y esencial sabor de la cocina cocina oriental gracias<span class=\"excerpt-hellip\"> [\u2026]<\/span><\/p>\n","protected":false},"featured_media":173117,"comment_status":"open","ping_status":"closed","template":"","meta":[],"product_cat":[8466,8391],"product_tag":[],"_links":{"self":[{"href":"https:\/\/www.laperlavalles.cat\/es\/wp-json\/wp\/v2\/product\/116831"}],"collection":[{"href":"https:\/\/www.laperlavalles.cat\/es\/wp-json\/wp\/v2\/product"}],"about":[{"href":"https:\/\/www.laperlavalles.cat\/es\/wp-json\/wp\/v2\/types\/product"}],"replies":[{"embeddable":true,"href":"https:\/\/www.laperlavalles.cat\/es\/wp-json\/wp\/v2\/comments?post=116831"}],"wp:featuredmedia":[{"embeddable":true,"href":"https:\/\/www.laperlavalles.cat\/es\/wp-json\/wp\/v2\/media\/173117"}],"wp:attachment":[{"href":"https:\/\/www.laperlavalles.cat\/es\/wp-json\/wp\/v2\/media?parent=116831"}],"wp:term":[{"taxonomy":"product_cat","embeddable":true,"href":"https:\/\/www.laperlavalles.cat\/es\/wp-json\/wp\/v2\/product_cat?post=116831"},{"taxonomy":"product_tag","embeddable":true,"href":"https:\/\/www.laperlavalles.cat\/es\/wp-json\/wp\/v2\/product_tag?post=116831"}],"curies":[{"name":"wp","href":"https:\/\/api.w.org\/{rel}","templated":true}]}}