{"id":116991,"date":"2022-02-18T18:57:03","date_gmt":"2022-02-18T17:57:14","guid":{"rendered":"https:\/\/www.laperlavalles.cat\/product\/salsa-de-soja-premium-dark-lee-kum-kee-20kg\/"},"modified":"2024-06-10T17:39:18","modified_gmt":"2024-06-10T15:39:18","slug":"salsa-de-soja-premium-dark-lee-kum-kee-20kg","status":"publish","type":"product","link":"https:\/\/www.laperlavalles.cat\/es\/product\/salsa-de-soja-premium-dark-lee-kum-kee-20kg\/","title":{"rendered":"SALSA DE SOJA PREMIUM DARK LEE KUM KEE 20KG"},"content":{"rendered":"<p>La salsa de soja Lee Kum Kee Premium Dark Soy Sauce est\u00e1 hecha con semillas de soja seleccionadas y elaborada seg\u00fan el m\u00e9todo tradicional y natural. Tiene un intenso sabor a soja y mucho color lo que realza naturalmente el sabor y apariencia de muchos platos.<br \/>\nLa salsa de soja Dark Soy Sauce LKK tiene un toque dulce y un sabor sutil a semilla de soja. Su principal prop\u00f3sito es dar color y sabor a los platos.<br \/>\nProducto ideal para el canal HORECA. F\u00f3rmula Clean.<\/p>\n","protected":false},"excerpt":{"rendered":"<p>La salsa de soja Lee Kum Kee Premium Dark Soy Sauce est\u00e1 hecha con semillas de soja seleccionadas y elaborada seg\u00fan el m\u00e9todo tradicional y natural.<span class=\"excerpt-hellip\"> [\u2026]<\/span><\/p>\n","protected":false},"featured_media":172696,"comment_status":"open","ping_status":"closed","template":"","meta":[],"product_cat":[10618],"product_tag":[],"_links":{"self":[{"href":"https:\/\/www.laperlavalles.cat\/es\/wp-json\/wp\/v2\/product\/116991"}],"collection":[{"href":"https:\/\/www.laperlavalles.cat\/es\/wp-json\/wp\/v2\/product"}],"about":[{"href":"https:\/\/www.laperlavalles.cat\/es\/wp-json\/wp\/v2\/types\/product"}],"replies":[{"embeddable":true,"href":"https:\/\/www.laperlavalles.cat\/es\/wp-json\/wp\/v2\/comments?post=116991"}],"wp:featuredmedia":[{"embeddable":true,"href":"https:\/\/www.laperlavalles.cat\/es\/wp-json\/wp\/v2\/media\/172696"}],"wp:attachment":[{"href":"https:\/\/www.laperlavalles.cat\/es\/wp-json\/wp\/v2\/media?parent=116991"}],"wp:term":[{"taxonomy":"product_cat","embeddable":true,"href":"https:\/\/www.laperlavalles.cat\/es\/wp-json\/wp\/v2\/product_cat?post=116991"},{"taxonomy":"product_tag","embeddable":true,"href":"https:\/\/www.laperlavalles.cat\/es\/wp-json\/wp\/v2\/product_tag?post=116991"}],"curies":[{"name":"wp","href":"https:\/\/api.w.org\/{rel}","templated":true}]}}