{"id":117011,"date":"2022-02-18T18:57:32","date_gmt":"2022-02-18T17:57:44","guid":{"rendered":"https:\/\/www.laperlavalles.cat\/product\/salsa-de-soja-supreme-light-150ml-lee-kum-kee\/"},"modified":"2024-06-10T18:18:52","modified_gmt":"2024-06-10T16:18:52","slug":"salsa-de-soja-supreme-light-150ml-lee-kum-kee","status":"publish","type":"product","link":"https:\/\/www.laperlavalles.cat\/es\/product\/salsa-de-soja-supreme-light-150ml-lee-kum-kee\/","title":{"rendered":"SALSA DE SOJA SUPREME LIGHT 150ML LEE KUM KEE"},"content":{"rendered":"<p>La salsa de soja Lee Kum Kee Supreme Light Soy Sauce est\u00e1 hecha de semillas de soja seleccionadas y harina de trigo. Est\u00e1 elaborada siguiendo el m\u00e9todo natural y tradicional, que le aporta un sabor rico a soja y un aroma que acentuar\u00e1 delicadamente el sabor de cualquier plato.<br \/>\nLa salsa de soja Lee Kum Kee Supreme Light Soy Sauce La salsa de sola light es un sustituto de la sal &#8211; indicada para cocinar salteados o dipping sauce.<\/p>\n","protected":false},"excerpt":{"rendered":"<p>La salsa de soja Lee Kum Kee Supreme Light Soy Sauce est\u00e1 hecha de semillas de soja seleccionadas y harina de trigo. Est\u00e1 elaborada siguiendo el<span class=\"excerpt-hellip\"> [\u2026]<\/span><\/p>\n","protected":false},"featured_media":172797,"comment_status":"open","ping_status":"closed","template":"","meta":[],"product_cat":[10618],"product_tag":[],"_links":{"self":[{"href":"https:\/\/www.laperlavalles.cat\/es\/wp-json\/wp\/v2\/product\/117011"}],"collection":[{"href":"https:\/\/www.laperlavalles.cat\/es\/wp-json\/wp\/v2\/product"}],"about":[{"href":"https:\/\/www.laperlavalles.cat\/es\/wp-json\/wp\/v2\/types\/product"}],"replies":[{"embeddable":true,"href":"https:\/\/www.laperlavalles.cat\/es\/wp-json\/wp\/v2\/comments?post=117011"}],"wp:featuredmedia":[{"embeddable":true,"href":"https:\/\/www.laperlavalles.cat\/es\/wp-json\/wp\/v2\/media\/172797"}],"wp:attachment":[{"href":"https:\/\/www.laperlavalles.cat\/es\/wp-json\/wp\/v2\/media?parent=117011"}],"wp:term":[{"taxonomy":"product_cat","embeddable":true,"href":"https:\/\/www.laperlavalles.cat\/es\/wp-json\/wp\/v2\/product_cat?post=117011"},{"taxonomy":"product_tag","embeddable":true,"href":"https:\/\/www.laperlavalles.cat\/es\/wp-json\/wp\/v2\/product_tag?post=117011"}],"curies":[{"name":"wp","href":"https:\/\/api.w.org\/{rel}","templated":true}]}}