{"id":117191,"date":"2022-02-18T19:01:46","date_gmt":"2022-02-18T18:01:57","guid":{"rendered":"https:\/\/www.laperlavalles.cat\/product\/perlas-de-tapioca-s-aroy-d-454g\/"},"modified":"2025-03-12T14:19:48","modified_gmt":"2025-03-12T13:19:48","slug":"perlas-de-tapioca-s-aroy-d-454g","status":"publish","type":"product","link":"https:\/\/www.laperlavalles.cat\/es\/product\/perlas-de-tapioca-s-aroy-d-454g\/","title":{"rendered":"PERLAS DE TAPIOCA S AROY-D 454G"},"content":{"rendered":"<p>Las Perlas de Tapioca tama\u00f1o S de la marca Aroy-D son perfectas para crear postres tradicionales, a\u00f1adir textura a bebidas como el bubble tea o incorporar en recetas asi\u00e1ticas. Su peque\u00f1o tama\u00f1o permite una cocci\u00f3n r\u00e1pida y aporta una textura suave y ligera.<\/p>\n","protected":false},"excerpt":{"rendered":"<p>Las Perlas de Tapioca tama\u00f1o S de la marca Aroy-D son perfectas para crear postres tradicionales, a\u00f1adir textura a bebidas como el bubble tea o incorporar<span class=\"excerpt-hellip\"> [\u2026]<\/span><\/p>\n","protected":false},"featured_media":143468,"comment_status":"open","ping_status":"closed","template":"","meta":[],"product_cat":[8398,8476],"product_tag":[],"_links":{"self":[{"href":"https:\/\/www.laperlavalles.cat\/es\/wp-json\/wp\/v2\/product\/117191"}],"collection":[{"href":"https:\/\/www.laperlavalles.cat\/es\/wp-json\/wp\/v2\/product"}],"about":[{"href":"https:\/\/www.laperlavalles.cat\/es\/wp-json\/wp\/v2\/types\/product"}],"replies":[{"embeddable":true,"href":"https:\/\/www.laperlavalles.cat\/es\/wp-json\/wp\/v2\/comments?post=117191"}],"wp:featuredmedia":[{"embeddable":true,"href":"https:\/\/www.laperlavalles.cat\/es\/wp-json\/wp\/v2\/media\/143468"}],"wp:attachment":[{"href":"https:\/\/www.laperlavalles.cat\/es\/wp-json\/wp\/v2\/media?parent=117191"}],"wp:term":[{"taxonomy":"product_cat","embeddable":true,"href":"https:\/\/www.laperlavalles.cat\/es\/wp-json\/wp\/v2\/product_cat?post=117191"},{"taxonomy":"product_tag","embeddable":true,"href":"https:\/\/www.laperlavalles.cat\/es\/wp-json\/wp\/v2\/product_tag?post=117191"}],"curies":[{"name":"wp","href":"https:\/\/api.w.org\/{rel}","templated":true}]}}