{"id":117231,"date":"2022-02-18T19:02:39","date_gmt":"2022-02-18T18:02:50","guid":{"rendered":"https:\/\/www.laperlavalles.cat\/product\/x-ray-energy-drink-50cl\/"},"modified":"2024-07-02T21:00:05","modified_gmt":"2024-07-02T19:00:05","slug":"x-ray-energy-drink-50cl","status":"publish","type":"product","link":"https:\/\/www.laperlavalles.cat\/es\/product\/x-ray-energy-drink-50cl\/","title":{"rendered":"X-RAY ENERGY DRINK 50CL"},"content":{"rendered":"<p>X Ray Energy Drink es una bebida energ\u00e9tica no alcoh\u00f3lica con cafe\u00edna y taurina.<\/p>\n","protected":false},"excerpt":{"rendered":"<p>X Ray Energy Drink es una bebida energ\u00e9tica no alcoh\u00f3lica con cafe\u00edna y taurina.<\/p>\n","protected":false},"featured_media":144583,"comment_status":"open","ping_status":"closed","template":"","meta":[],"product_cat":[10618],"product_tag":[],"_links":{"self":[{"href":"https:\/\/www.laperlavalles.cat\/es\/wp-json\/wp\/v2\/product\/117231"}],"collection":[{"href":"https:\/\/www.laperlavalles.cat\/es\/wp-json\/wp\/v2\/product"}],"about":[{"href":"https:\/\/www.laperlavalles.cat\/es\/wp-json\/wp\/v2\/types\/product"}],"replies":[{"embeddable":true,"href":"https:\/\/www.laperlavalles.cat\/es\/wp-json\/wp\/v2\/comments?post=117231"}],"wp:featuredmedia":[{"embeddable":true,"href":"https:\/\/www.laperlavalles.cat\/es\/wp-json\/wp\/v2\/media\/144583"}],"wp:attachment":[{"href":"https:\/\/www.laperlavalles.cat\/es\/wp-json\/wp\/v2\/media?parent=117231"}],"wp:term":[{"taxonomy":"product_cat","embeddable":true,"href":"https:\/\/www.laperlavalles.cat\/es\/wp-json\/wp\/v2\/product_cat?post=117231"},{"taxonomy":"product_tag","embeddable":true,"href":"https:\/\/www.laperlavalles.cat\/es\/wp-json\/wp\/v2\/product_tag?post=117231"}],"curies":[{"name":"wp","href":"https:\/\/api.w.org\/{rel}","templated":true}]}}