{"id":117531,"date":"2022-02-18T19:09:13","date_gmt":"2022-02-18T18:09:22","guid":{"rendered":"https:\/\/www.laperlavalles.cat\/product\/kuza-coconut-oil-conditioner-4oz\/"},"modified":"2023-03-30T13:02:55","modified_gmt":"2023-03-30T11:02:55","slug":"kuza-coconut-oil-conditioner-4oz","status":"publish","type":"product","link":"https:\/\/www.laperlavalles.cat\/es\/product\/kuza-coconut-oil-conditioner-4oz\/","title":{"rendered":"KUZA COCONUT OIL CONDITIONER 4OZ"},"content":{"rendered":"<p>El Kuza coconut oil conditioner es un producto capilar que ayuda a reducir el quiebre, las puntas abiertas, la opacidad y la sequedad del cabello texturizado. A\u00f1ade cuerpo al cabello y renueva la elasticidad, haci\u00e9ndolo sentir m\u00e1s fuerte, radiante e hidratado.<br \/>\nConsulta nuestra gama completa de productos cosm\u00e9ticos en el Cat\u00e1logo de Cosm\u00e9tica.<\/p>\n","protected":false},"excerpt":{"rendered":"<p>El Kuza coconut oil conditioner es un producto capilar que ayuda a reducir el quiebre, las puntas abiertas, la opacidad y la sequedad del cabello texturizado.<span class=\"excerpt-hellip\"> [\u2026]<\/span><\/p>\n","protected":false},"featured_media":144439,"comment_status":"open","ping_status":"closed","template":"","meta":[],"product_cat":[8403],"product_tag":[],"_links":{"self":[{"href":"https:\/\/www.laperlavalles.cat\/es\/wp-json\/wp\/v2\/product\/117531"}],"collection":[{"href":"https:\/\/www.laperlavalles.cat\/es\/wp-json\/wp\/v2\/product"}],"about":[{"href":"https:\/\/www.laperlavalles.cat\/es\/wp-json\/wp\/v2\/types\/product"}],"replies":[{"embeddable":true,"href":"https:\/\/www.laperlavalles.cat\/es\/wp-json\/wp\/v2\/comments?post=117531"}],"wp:featuredmedia":[{"embeddable":true,"href":"https:\/\/www.laperlavalles.cat\/es\/wp-json\/wp\/v2\/media\/144439"}],"wp:attachment":[{"href":"https:\/\/www.laperlavalles.cat\/es\/wp-json\/wp\/v2\/media?parent=117531"}],"wp:term":[{"taxonomy":"product_cat","embeddable":true,"href":"https:\/\/www.laperlavalles.cat\/es\/wp-json\/wp\/v2\/product_cat?post=117531"},{"taxonomy":"product_tag","embeddable":true,"href":"https:\/\/www.laperlavalles.cat\/es\/wp-json\/wp\/v2\/product_tag?post=117531"}],"curies":[{"name":"wp","href":"https:\/\/api.w.org\/{rel}","templated":true}]}}