{"id":118271,"date":"2022-02-18T19:23:19","date_gmt":"2022-02-18T18:23:27","guid":{"rendered":"https:\/\/www.laperlavalles.cat\/product\/fairwhite-so-carrot-brigthening-body-lotion\/"},"modified":"2023-04-20T04:43:05","modified_gmt":"2023-04-20T02:43:05","slug":"fairwhite-so-carrot-brigthening-body-lotion","status":"publish","type":"product","link":"https:\/\/www.laperlavalles.cat\/es\/product\/fairwhite-so-carrot-brigthening-body-lotion\/","title":{"rendered":"FAIR&amp;WHITE SO CARROT BRIGTHENING BODY LOTION"},"content":{"rendered":"<p>Loci\u00f3n hidratante y unificadora del tono de la piel. Loci\u00f3n hidratante para la piel, loci\u00f3n hidratante que aclara progresivamente la piel y unifica el tono y textura.<\/p>\n","protected":false},"excerpt":{"rendered":"<p>Loci\u00f3n hidratante y unificadora del tono de la piel. Loci\u00f3n hidratante para la piel, loci\u00f3n hidratante que aclara progresivamente la piel y unifica el tono y<span class=\"excerpt-hellip\"> [\u2026]<\/span><\/p>\n","protected":false},"featured_media":144279,"comment_status":"open","ping_status":"closed","template":"","meta":[],"product_cat":[8403,8484],"product_tag":[],"_links":{"self":[{"href":"https:\/\/www.laperlavalles.cat\/es\/wp-json\/wp\/v2\/product\/118271"}],"collection":[{"href":"https:\/\/www.laperlavalles.cat\/es\/wp-json\/wp\/v2\/product"}],"about":[{"href":"https:\/\/www.laperlavalles.cat\/es\/wp-json\/wp\/v2\/types\/product"}],"replies":[{"embeddable":true,"href":"https:\/\/www.laperlavalles.cat\/es\/wp-json\/wp\/v2\/comments?post=118271"}],"wp:featuredmedia":[{"embeddable":true,"href":"https:\/\/www.laperlavalles.cat\/es\/wp-json\/wp\/v2\/media\/144279"}],"wp:attachment":[{"href":"https:\/\/www.laperlavalles.cat\/es\/wp-json\/wp\/v2\/media?parent=118271"}],"wp:term":[{"taxonomy":"product_cat","embeddable":true,"href":"https:\/\/www.laperlavalles.cat\/es\/wp-json\/wp\/v2\/product_cat?post=118271"},{"taxonomy":"product_tag","embeddable":true,"href":"https:\/\/www.laperlavalles.cat\/es\/wp-json\/wp\/v2\/product_tag?post=118271"}],"curies":[{"name":"wp","href":"https:\/\/api.w.org\/{rel}","templated":true}]}}