{"id":118999,"date":"2022-05-20T12:19:49","date_gmt":"2022-05-20T10:20:00","guid":{"rendered":"https:\/\/www.laperlavalles.cat\/product\/cantu-acc-sturdy-detangle-comb\/"},"modified":"2024-11-21T16:02:28","modified_gmt":"2024-11-21T15:02:28","slug":"cantu-acc-sturdy-detangle-comb","status":"publish","type":"product","link":"https:\/\/www.laperlavalles.cat\/es\/product\/cantu-acc-sturdy-detangle-comb\/","title":{"rendered":"CANTU ACC STURDY DETANGLE COMB"},"content":{"rendered":"<p>Hecho con material duradero y pr\u00e1ctico gancho de ducha para desenredar con facilidad.<br \/>\nDivide el cabello en secciones. Comienza por la parte inferior y avanza lentamente hasta la ra\u00edz. Repite el proceso en cada secci\u00f3n. Nunca empiece a desenredar desde la ra\u00edz hacia abajo, ya que podr\u00eda romperse.<\/p>\n","protected":false},"excerpt":{"rendered":"<p>Hecho con material duradero y pr\u00e1ctico gancho de ducha para desenredar con facilidad. Divide el cabello en secciones. Comienza por la parte inferior y avanza lentamente<span class=\"excerpt-hellip\"> [\u2026]<\/span><\/p>\n","protected":false},"featured_media":173768,"comment_status":"open","ping_status":"closed","template":"","meta":[],"product_cat":[10618],"product_tag":[],"_links":{"self":[{"href":"https:\/\/www.laperlavalles.cat\/es\/wp-json\/wp\/v2\/product\/118999"}],"collection":[{"href":"https:\/\/www.laperlavalles.cat\/es\/wp-json\/wp\/v2\/product"}],"about":[{"href":"https:\/\/www.laperlavalles.cat\/es\/wp-json\/wp\/v2\/types\/product"}],"replies":[{"embeddable":true,"href":"https:\/\/www.laperlavalles.cat\/es\/wp-json\/wp\/v2\/comments?post=118999"}],"wp:featuredmedia":[{"embeddable":true,"href":"https:\/\/www.laperlavalles.cat\/es\/wp-json\/wp\/v2\/media\/173768"}],"wp:attachment":[{"href":"https:\/\/www.laperlavalles.cat\/es\/wp-json\/wp\/v2\/media?parent=118999"}],"wp:term":[{"taxonomy":"product_cat","embeddable":true,"href":"https:\/\/www.laperlavalles.cat\/es\/wp-json\/wp\/v2\/product_cat?post=118999"},{"taxonomy":"product_tag","embeddable":true,"href":"https:\/\/www.laperlavalles.cat\/es\/wp-json\/wp\/v2\/product_tag?post=118999"}],"curies":[{"name":"wp","href":"https:\/\/api.w.org\/{rel}","templated":true}]}}