{"id":119039,"date":"2022-05-20T12:20:44","date_gmt":"2022-05-20T10:20:55","guid":{"rendered":"https:\/\/www.laperlavalles.cat\/product\/cantu-acc-style-part-twist-set\/"},"modified":"2025-01-29T10:24:58","modified_gmt":"2025-01-29T09:24:58","slug":"cantu-acc-style-part-twist-set","status":"publish","type":"product","link":"https:\/\/www.laperlavalles.cat\/es\/product\/cantu-acc-style-part-twist-set\/","title":{"rendered":"CANTU ACC STYLE PART &amp; TWIST SET"},"content":{"rendered":"<p>Este set incluye un peine espiral de dise\u00f1o exclusivo y un peine de cola met\u00e1lico. El peine en espiral est\u00e1 dise\u00f1ado con p\u00faas m\u00e1s cortas y anchas y un mango redondo para una rotaci\u00f3n m\u00e1s r\u00e1pida al crear tirabuzones. El peine met\u00e1lico se puede utilizar para crear raya con precisi\u00f3n.<\/p>\n","protected":false},"excerpt":{"rendered":"<p>Este set incluye un peine espiral de dise\u00f1o exclusivo y un peine de cola met\u00e1lico. El peine en espiral est\u00e1 dise\u00f1ado con p\u00faas m\u00e1s cortas y<span class=\"excerpt-hellip\"> [\u2026]<\/span><\/p>\n","protected":false},"featured_media":173816,"comment_status":"open","ping_status":"closed","template":"","meta":[],"product_cat":[10618],"product_tag":[],"_links":{"self":[{"href":"https:\/\/www.laperlavalles.cat\/es\/wp-json\/wp\/v2\/product\/119039"}],"collection":[{"href":"https:\/\/www.laperlavalles.cat\/es\/wp-json\/wp\/v2\/product"}],"about":[{"href":"https:\/\/www.laperlavalles.cat\/es\/wp-json\/wp\/v2\/types\/product"}],"replies":[{"embeddable":true,"href":"https:\/\/www.laperlavalles.cat\/es\/wp-json\/wp\/v2\/comments?post=119039"}],"wp:featuredmedia":[{"embeddable":true,"href":"https:\/\/www.laperlavalles.cat\/es\/wp-json\/wp\/v2\/media\/173816"}],"wp:attachment":[{"href":"https:\/\/www.laperlavalles.cat\/es\/wp-json\/wp\/v2\/media?parent=119039"}],"wp:term":[{"taxonomy":"product_cat","embeddable":true,"href":"https:\/\/www.laperlavalles.cat\/es\/wp-json\/wp\/v2\/product_cat?post=119039"},{"taxonomy":"product_tag","embeddable":true,"href":"https:\/\/www.laperlavalles.cat\/es\/wp-json\/wp\/v2\/product_tag?post=119039"}],"curies":[{"name":"wp","href":"https:\/\/api.w.org\/{rel}","templated":true}]}}