{"id":119119,"date":"2022-05-20T12:22:32","date_gmt":"2022-05-20T10:22:43","guid":{"rendered":"https:\/\/www.laperlavalles.cat\/product\/cantu-acc-detangler-sturdy-brush\/"},"modified":"2024-07-04T15:55:58","modified_gmt":"2024-07-04T13:55:58","slug":"cantu-acc-detangler-sturdy-brush","status":"publish","type":"product","link":"https:\/\/www.laperlavalles.cat\/es\/product\/cantu-acc-detangler-sturdy-brush\/","title":{"rendered":"CANTU ACC DETANGLER STURDY BRUSH"},"content":{"rendered":"<p>Este cepillo ayuda a desenredar f\u00e1cilmente el pelo grueso o denso. Las cerdas m\u00e1s suaves y largas llegan m\u00e1s lejos en el pelo y el mango antideslizante le da un agarre extra<\/p>\n","protected":false},"excerpt":{"rendered":"<p>Este cepillo ayuda a desenredar f\u00e1cilmente el pelo grueso o denso. Las cerdas m\u00e1s suaves y largas llegan m\u00e1s lejos en el pelo y el mango<span class=\"excerpt-hellip\"> [\u2026]<\/span><\/p>\n","protected":false},"featured_media":173912,"comment_status":"open","ping_status":"closed","template":"","meta":[],"product_cat":[10618],"product_tag":[],"_links":{"self":[{"href":"https:\/\/www.laperlavalles.cat\/es\/wp-json\/wp\/v2\/product\/119119"}],"collection":[{"href":"https:\/\/www.laperlavalles.cat\/es\/wp-json\/wp\/v2\/product"}],"about":[{"href":"https:\/\/www.laperlavalles.cat\/es\/wp-json\/wp\/v2\/types\/product"}],"replies":[{"embeddable":true,"href":"https:\/\/www.laperlavalles.cat\/es\/wp-json\/wp\/v2\/comments?post=119119"}],"wp:featuredmedia":[{"embeddable":true,"href":"https:\/\/www.laperlavalles.cat\/es\/wp-json\/wp\/v2\/media\/173912"}],"wp:attachment":[{"href":"https:\/\/www.laperlavalles.cat\/es\/wp-json\/wp\/v2\/media?parent=119119"}],"wp:term":[{"taxonomy":"product_cat","embeddable":true,"href":"https:\/\/www.laperlavalles.cat\/es\/wp-json\/wp\/v2\/product_cat?post=119119"},{"taxonomy":"product_tag","embeddable":true,"href":"https:\/\/www.laperlavalles.cat\/es\/wp-json\/wp\/v2\/product_tag?post=119119"}],"curies":[{"name":"wp","href":"https:\/\/api.w.org\/{rel}","templated":true}]}}