{"id":119219,"date":"2022-05-20T12:37:50","date_gmt":"2022-05-20T10:38:01","guid":{"rendered":"https:\/\/www.laperlavalles.cat\/product\/cantu-acc-satin-sleep-cap-tie-bonnet\/"},"modified":"2024-07-04T15:49:09","modified_gmt":"2024-07-04T13:49:09","slug":"cantu-acc-satin-sleep-cap-tie-bonnet","status":"publish","type":"product","link":"https:\/\/www.laperlavalles.cat\/es\/product\/cantu-acc-satin-sleep-cap-tie-bonnet\/","title":{"rendered":"CANTU ACC SATIN SLEEP CAP TIE BONNET"},"content":{"rendered":"<p>Un c\u00f3modo gorro con pa\u00f1uelo incorporado, fabricado en material satinado supersuave. Ata el pa\u00f1uelo para un ajuste perfecto y protege tu pelo durante la noche de enganchones, sequedad y roturas mientras colocas los bordes lisos<\/p>\n","protected":false},"excerpt":{"rendered":"<p>Un c\u00f3modo gorro con pa\u00f1uelo incorporado, fabricado en material satinado supersuave. Ata el pa\u00f1uelo para un ajuste perfecto y protege tu pelo durante la noche de<span class=\"excerpt-hellip\"> [\u2026]<\/span><\/p>\n","protected":false},"featured_media":173592,"comment_status":"open","ping_status":"closed","template":"","meta":[],"product_cat":[10618],"product_tag":[],"_links":{"self":[{"href":"https:\/\/www.laperlavalles.cat\/es\/wp-json\/wp\/v2\/product\/119219"}],"collection":[{"href":"https:\/\/www.laperlavalles.cat\/es\/wp-json\/wp\/v2\/product"}],"about":[{"href":"https:\/\/www.laperlavalles.cat\/es\/wp-json\/wp\/v2\/types\/product"}],"replies":[{"embeddable":true,"href":"https:\/\/www.laperlavalles.cat\/es\/wp-json\/wp\/v2\/comments?post=119219"}],"wp:featuredmedia":[{"embeddable":true,"href":"https:\/\/www.laperlavalles.cat\/es\/wp-json\/wp\/v2\/media\/173592"}],"wp:attachment":[{"href":"https:\/\/www.laperlavalles.cat\/es\/wp-json\/wp\/v2\/media?parent=119219"}],"wp:term":[{"taxonomy":"product_cat","embeddable":true,"href":"https:\/\/www.laperlavalles.cat\/es\/wp-json\/wp\/v2\/product_cat?post=119219"},{"taxonomy":"product_tag","embeddable":true,"href":"https:\/\/www.laperlavalles.cat\/es\/wp-json\/wp\/v2\/product_tag?post=119219"}],"curies":[{"name":"wp","href":"https:\/\/api.w.org\/{rel}","templated":true}]}}