{"id":124147,"date":"2022-06-30T15:30:00","date_gmt":"2022-06-30T13:30:12","guid":{"rendered":"https:\/\/www.laperlavalles.cat\/product\/almibar-mangostan-aroy-d\/"},"modified":"2024-01-08T12:20:57","modified_gmt":"2024-01-08T11:20:57","slug":"almibar-mangostan-aroy-d","status":"publish","type":"product","link":"https:\/\/www.laperlavalles.cat\/es\/product\/almibar-mangostan-aroy-d\/","title":{"rendered":"ALM\u00cdBAR MANGOST\u00c1N AROY-D"},"content":{"rendered":"<p>Consulta nuestro cat\u00e1logo de conservas orientales: mango en conserva, lychee en conserva, jackfruit en conserva, bamboo en conserva, banana blossom en conserva&#8230;<\/p>\n","protected":false},"excerpt":{"rendered":"<p>Consulta nuestro cat\u00e1logo de conservas orientales: mango en conserva, lychee en conserva, jackfruit en conserva, bamboo en conserva, banana blossom en conserva&#8230;<\/p>\n","protected":false},"featured_media":143495,"comment_status":"open","ping_status":"closed","template":"","meta":[],"product_cat":[8468,8391],"product_tag":[],"_links":{"self":[{"href":"https:\/\/www.laperlavalles.cat\/es\/wp-json\/wp\/v2\/product\/124147"}],"collection":[{"href":"https:\/\/www.laperlavalles.cat\/es\/wp-json\/wp\/v2\/product"}],"about":[{"href":"https:\/\/www.laperlavalles.cat\/es\/wp-json\/wp\/v2\/types\/product"}],"replies":[{"embeddable":true,"href":"https:\/\/www.laperlavalles.cat\/es\/wp-json\/wp\/v2\/comments?post=124147"}],"wp:featuredmedia":[{"embeddable":true,"href":"https:\/\/www.laperlavalles.cat\/es\/wp-json\/wp\/v2\/media\/143495"}],"wp:attachment":[{"href":"https:\/\/www.laperlavalles.cat\/es\/wp-json\/wp\/v2\/media?parent=124147"}],"wp:term":[{"taxonomy":"product_cat","embeddable":true,"href":"https:\/\/www.laperlavalles.cat\/es\/wp-json\/wp\/v2\/product_cat?post=124147"},{"taxonomy":"product_tag","embeddable":true,"href":"https:\/\/www.laperlavalles.cat\/es\/wp-json\/wp\/v2\/product_tag?post=124147"}],"curies":[{"name":"wp","href":"https:\/\/api.w.org\/{rel}","templated":true}]}}