{"id":124307,"date":"2022-07-05T12:15:04","date_gmt":"2022-07-05T10:15:15","guid":{"rendered":"https:\/\/www.laperlavalles.cat\/product\/conserva-de-bambu-aroy-d-1200gr\/"},"modified":"2023-06-26T07:57:57","modified_gmt":"2023-06-26T05:57:57","slug":"conserva-de-bambu-aroy-d-1200gr","status":"publish","type":"product","link":"https:\/\/www.laperlavalles.cat\/es\/product\/conserva-de-bambu-aroy-d-1200gr\/","title":{"rendered":"CONSERVA DE BAMB\u00da AROY-D 1200GR"},"content":{"rendered":"<p>La conserva de bamb\u00fa Aroy-D es una conserva en agua de fruta tropical ideal para consumir todo el a\u00f1o. Somos proveedores de fruta tropical fresca, y fruta tropical en conserva. Contacta con La Perla para vender fruta tropical.<\/p>\n","protected":false},"excerpt":{"rendered":"<p>La conserva de bamb\u00fa Aroy-D es una conserva en agua de fruta tropical ideal para consumir todo el a\u00f1o. Somos proveedores de fruta tropical fresca, y<span class=\"excerpt-hellip\"> [\u2026]<\/span><\/p>\n","protected":false},"featured_media":143527,"comment_status":"open","ping_status":"closed","template":"","meta":[],"product_cat":[8468,8391],"product_tag":[],"_links":{"self":[{"href":"https:\/\/www.laperlavalles.cat\/es\/wp-json\/wp\/v2\/product\/124307"}],"collection":[{"href":"https:\/\/www.laperlavalles.cat\/es\/wp-json\/wp\/v2\/product"}],"about":[{"href":"https:\/\/www.laperlavalles.cat\/es\/wp-json\/wp\/v2\/types\/product"}],"replies":[{"embeddable":true,"href":"https:\/\/www.laperlavalles.cat\/es\/wp-json\/wp\/v2\/comments?post=124307"}],"wp:featuredmedia":[{"embeddable":true,"href":"https:\/\/www.laperlavalles.cat\/es\/wp-json\/wp\/v2\/media\/143527"}],"wp:attachment":[{"href":"https:\/\/www.laperlavalles.cat\/es\/wp-json\/wp\/v2\/media?parent=124307"}],"wp:term":[{"taxonomy":"product_cat","embeddable":true,"href":"https:\/\/www.laperlavalles.cat\/es\/wp-json\/wp\/v2\/product_cat?post=124307"},{"taxonomy":"product_tag","embeddable":true,"href":"https:\/\/www.laperlavalles.cat\/es\/wp-json\/wp\/v2\/product_tag?post=124307"}],"curies":[{"name":"wp","href":"https:\/\/api.w.org\/{rel}","templated":true}]}}