{"id":124327,"date":"2022-07-05T12:16:22","date_gmt":"2022-07-05T10:16:33","guid":{"rendered":"https:\/\/www.laperlavalles.cat\/product\/conserva-de-bambu-aroy-d-brotes-2950gr\/"},"modified":"2026-03-26T17:32:02","modified_gmt":"2026-03-26T16:32:02","slug":"conserva-de-bambu-aroy-d-brotes-2950gr","status":"publish","type":"product","link":"https:\/\/www.laperlavalles.cat\/es\/product\/conserva-de-bambu-aroy-d-brotes-2950gr\/","title":{"rendered":"CONSERVA DE BAMB\u00da AROY-D (BROTES) 2950GR"},"content":{"rendered":"<p>La conserva de bamb\u00fa Aroy-D es una conserva en agua de fruta tropical ideal para consumir todo el a\u00f1o. Somos proveedores de fruta tropical fresca, y fruta tropical en conserva. Contacta con La Perla para vender fruta tropical.<\/p>\n","protected":false},"excerpt":{"rendered":"<p>La conserva de bamb\u00fa Aroy-D es una conserva en agua de fruta tropical ideal para consumir todo el a\u00f1o. Somos proveedores de fruta tropical fresca, y<span class=\"excerpt-hellip\"> [\u2026]<\/span><\/p>\n","protected":false},"featured_media":143543,"comment_status":"open","ping_status":"closed","template":"","meta":[],"product_cat":[8468,8391],"product_tag":[],"_links":{"self":[{"href":"https:\/\/www.laperlavalles.cat\/es\/wp-json\/wp\/v2\/product\/124327"}],"collection":[{"href":"https:\/\/www.laperlavalles.cat\/es\/wp-json\/wp\/v2\/product"}],"about":[{"href":"https:\/\/www.laperlavalles.cat\/es\/wp-json\/wp\/v2\/types\/product"}],"replies":[{"embeddable":true,"href":"https:\/\/www.laperlavalles.cat\/es\/wp-json\/wp\/v2\/comments?post=124327"}],"wp:featuredmedia":[{"embeddable":true,"href":"https:\/\/www.laperlavalles.cat\/es\/wp-json\/wp\/v2\/media\/143543"}],"wp:attachment":[{"href":"https:\/\/www.laperlavalles.cat\/es\/wp-json\/wp\/v2\/media?parent=124327"}],"wp:term":[{"taxonomy":"product_cat","embeddable":true,"href":"https:\/\/www.laperlavalles.cat\/es\/wp-json\/wp\/v2\/product_cat?post=124327"},{"taxonomy":"product_tag","embeddable":true,"href":"https:\/\/www.laperlavalles.cat\/es\/wp-json\/wp\/v2\/product_tag?post=124327"}],"curies":[{"name":"wp","href":"https:\/\/api.w.org\/{rel}","templated":true}]}}