{"id":124507,"date":"2022-07-05T12:49:23","date_gmt":"2022-07-05T10:49:35","guid":{"rendered":"https:\/\/www.laperlavalles.cat\/product\/thiere-halah-400gr\/"},"modified":"2024-12-05T12:10:17","modified_gmt":"2024-12-05T11:10:17","slug":"thiere-halah-400gr","status":"publish","type":"product","link":"https:\/\/www.laperlavalles.cat\/es\/product\/thiere-halah-400gr\/","title":{"rendered":"THIERE HALAH 400GR"},"content":{"rendered":"<p>La Perla importa productos t\u00edpicos y locales de \u00c1frica como cereales de mijo. El thiere Halah es cusc\u00fas de mijo t\u00edpico de la cocina africana.<\/p>\n","protected":false},"excerpt":{"rendered":"<p>La Perla importa productos t\u00edpicos y locales de \u00c1frica como cereales de mijo. El thiere Halah es cusc\u00fas de mijo t\u00edpico de la cocina africana.<\/p>\n","protected":false},"featured_media":162200,"comment_status":"open","ping_status":"closed","template":"","meta":[],"product_cat":[8398,8476],"product_tag":[],"_links":{"self":[{"href":"https:\/\/www.laperlavalles.cat\/es\/wp-json\/wp\/v2\/product\/124507"}],"collection":[{"href":"https:\/\/www.laperlavalles.cat\/es\/wp-json\/wp\/v2\/product"}],"about":[{"href":"https:\/\/www.laperlavalles.cat\/es\/wp-json\/wp\/v2\/types\/product"}],"replies":[{"embeddable":true,"href":"https:\/\/www.laperlavalles.cat\/es\/wp-json\/wp\/v2\/comments?post=124507"}],"wp:featuredmedia":[{"embeddable":true,"href":"https:\/\/www.laperlavalles.cat\/es\/wp-json\/wp\/v2\/media\/162200"}],"wp:attachment":[{"href":"https:\/\/www.laperlavalles.cat\/es\/wp-json\/wp\/v2\/media?parent=124507"}],"wp:term":[{"taxonomy":"product_cat","embeddable":true,"href":"https:\/\/www.laperlavalles.cat\/es\/wp-json\/wp\/v2\/product_cat?post=124507"},{"taxonomy":"product_tag","embeddable":true,"href":"https:\/\/www.laperlavalles.cat\/es\/wp-json\/wp\/v2\/product_tag?post=124507"}],"curies":[{"name":"wp","href":"https:\/\/api.w.org\/{rel}","templated":true}]}}