{"id":124607,"date":"2022-07-05T12:55:10","date_gmt":"2022-07-05T10:55:22","guid":{"rendered":"https:\/\/www.laperlavalles.cat\/product\/fufu-plantain-golden-tropics-45kg\/"},"modified":"2024-07-02T21:49:39","modified_gmt":"2024-07-02T19:49:39","slug":"fufu-plantain-golden-tropics-45kg","status":"publish","type":"product","link":"https:\/\/www.laperlavalles.cat\/es\/product\/fufu-plantain-golden-tropics-45kg\/","title":{"rendered":"FUFU PLANTAIN GOLDEN TROPICS 4,5KG"},"content":{"rendered":"<p>El fufu plantain es un producto muy apreciado por la comunidad africana. Consulta nuestro cat\u00e1logo completo de harinas, granos y s\u00e9molas de importaci\u00f3n.<\/p>\n","protected":false},"excerpt":{"rendered":"<p>El fufu plantain es un producto muy apreciado por la comunidad africana. Consulta nuestro cat\u00e1logo completo de harinas, granos y s\u00e9molas de importaci\u00f3n.<\/p>\n","protected":false},"featured_media":144791,"comment_status":"open","ping_status":"closed","template":"","meta":[],"product_cat":[10618],"product_tag":[],"_links":{"self":[{"href":"https:\/\/www.laperlavalles.cat\/es\/wp-json\/wp\/v2\/product\/124607"}],"collection":[{"href":"https:\/\/www.laperlavalles.cat\/es\/wp-json\/wp\/v2\/product"}],"about":[{"href":"https:\/\/www.laperlavalles.cat\/es\/wp-json\/wp\/v2\/types\/product"}],"replies":[{"embeddable":true,"href":"https:\/\/www.laperlavalles.cat\/es\/wp-json\/wp\/v2\/comments?post=124607"}],"wp:featuredmedia":[{"embeddable":true,"href":"https:\/\/www.laperlavalles.cat\/es\/wp-json\/wp\/v2\/media\/144791"}],"wp:attachment":[{"href":"https:\/\/www.laperlavalles.cat\/es\/wp-json\/wp\/v2\/media?parent=124607"}],"wp:term":[{"taxonomy":"product_cat","embeddable":true,"href":"https:\/\/www.laperlavalles.cat\/es\/wp-json\/wp\/v2\/product_cat?post=124607"},{"taxonomy":"product_tag","embeddable":true,"href":"https:\/\/www.laperlavalles.cat\/es\/wp-json\/wp\/v2\/product_tag?post=124607"}],"curies":[{"name":"wp","href":"https:\/\/api.w.org\/{rel}","templated":true}]}}