{"id":124647,"date":"2022-07-05T12:57:54","date_gmt":"2022-07-05T10:58:06","guid":{"rendered":"https:\/\/www.laperlavalles.cat\/product\/salsa-de-palma-hot-king-africa-400gr\/"},"modified":"2024-07-02T20:28:51","modified_gmt":"2024-07-02T18:28:51","slug":"salsa-de-palma-hot-king-africa-400gr","status":"publish","type":"product","link":"https:\/\/www.laperlavalles.cat\/es\/product\/salsa-de-palma-hot-king-africa-400gr\/","title":{"rendered":"SALSA DE PALMA HOT KING AFRICA 400GR"},"content":{"rendered":"<p>La Perla es especialista en la importaci\u00f3n y exportaci\u00f3n de alimentaci\u00f3n \u00e9tnica. En nuestro cat\u00e1logo de productos tenemos una amplia gama de salsas de palma, aceites de palma, y otros alimentos derivados de la palma.<\/p>\n","protected":false},"excerpt":{"rendered":"<p>La Perla es especialista en la importaci\u00f3n y exportaci\u00f3n de alimentaci\u00f3n \u00e9tnica. En nuestro cat\u00e1logo de productos tenemos una amplia gama de salsas de palma, aceites<span class=\"excerpt-hellip\"> [\u2026]<\/span><\/p>\n","protected":false},"featured_media":144535,"comment_status":"open","ping_status":"closed","template":"","meta":[],"product_cat":[10618],"product_tag":[],"_links":{"self":[{"href":"https:\/\/www.laperlavalles.cat\/es\/wp-json\/wp\/v2\/product\/124647"}],"collection":[{"href":"https:\/\/www.laperlavalles.cat\/es\/wp-json\/wp\/v2\/product"}],"about":[{"href":"https:\/\/www.laperlavalles.cat\/es\/wp-json\/wp\/v2\/types\/product"}],"replies":[{"embeddable":true,"href":"https:\/\/www.laperlavalles.cat\/es\/wp-json\/wp\/v2\/comments?post=124647"}],"wp:featuredmedia":[{"embeddable":true,"href":"https:\/\/www.laperlavalles.cat\/es\/wp-json\/wp\/v2\/media\/144535"}],"wp:attachment":[{"href":"https:\/\/www.laperlavalles.cat\/es\/wp-json\/wp\/v2\/media?parent=124647"}],"wp:term":[{"taxonomy":"product_cat","embeddable":true,"href":"https:\/\/www.laperlavalles.cat\/es\/wp-json\/wp\/v2\/product_cat?post=124647"},{"taxonomy":"product_tag","embeddable":true,"href":"https:\/\/www.laperlavalles.cat\/es\/wp-json\/wp\/v2\/product_tag?post=124647"}],"curies":[{"name":"wp","href":"https:\/\/api.w.org\/{rel}","templated":true}]}}