{"id":124807,"date":"2022-07-05T13:36:10","date_gmt":"2022-07-05T11:36:23","guid":{"rendered":"https:\/\/www.laperlavalles.cat\/product\/cantu-acc-detangler-ultra-glide-brush\/"},"modified":"2024-07-04T15:54:55","modified_gmt":"2024-07-04T13:54:55","slug":"cantu-acc-detangler-ultra-glide-brush","status":"publish","type":"product","link":"https:\/\/www.laperlavalles.cat\/es\/product\/cantu-acc-detangler-ultra-glide-brush\/","title":{"rendered":"CANTU ACC DETANGLER ULTRA GLIDE BRUSH"},"content":{"rendered":"<p>Este cepillo desenredante ha sido modificado para deslizarse f\u00e1cilmente por el cabello grueso y rizado. Observa que faltan filas de cerdas para minimizar las roturas y enganches durante el proceso de desenredado. Tambi\u00e9n cuenta con una base de goma para ayudar a definir los rizos y un agarre antideslizante para una fijaci\u00f3n m\u00e1s fuerte.<\/p>\n","protected":false},"excerpt":{"rendered":"<p>Este cepillo desenredante ha sido modificado para deslizarse f\u00e1cilmente por el cabello grueso y rizado. Observa que faltan filas de cerdas para minimizar las roturas y<span class=\"excerpt-hellip\"> [\u2026]<\/span><\/p>\n","protected":false},"featured_media":173880,"comment_status":"open","ping_status":"closed","template":"","meta":[],"product_cat":[10618],"product_tag":[],"_links":{"self":[{"href":"https:\/\/www.laperlavalles.cat\/es\/wp-json\/wp\/v2\/product\/124807"}],"collection":[{"href":"https:\/\/www.laperlavalles.cat\/es\/wp-json\/wp\/v2\/product"}],"about":[{"href":"https:\/\/www.laperlavalles.cat\/es\/wp-json\/wp\/v2\/types\/product"}],"replies":[{"embeddable":true,"href":"https:\/\/www.laperlavalles.cat\/es\/wp-json\/wp\/v2\/comments?post=124807"}],"wp:featuredmedia":[{"embeddable":true,"href":"https:\/\/www.laperlavalles.cat\/es\/wp-json\/wp\/v2\/media\/173880"}],"wp:attachment":[{"href":"https:\/\/www.laperlavalles.cat\/es\/wp-json\/wp\/v2\/media?parent=124807"}],"wp:term":[{"taxonomy":"product_cat","embeddable":true,"href":"https:\/\/www.laperlavalles.cat\/es\/wp-json\/wp\/v2\/product_cat?post=124807"},{"taxonomy":"product_tag","embeddable":true,"href":"https:\/\/www.laperlavalles.cat\/es\/wp-json\/wp\/v2\/product_tag?post=124807"}],"curies":[{"name":"wp","href":"https:\/\/api.w.org\/{rel}","templated":true}]}}