{"id":127937,"date":"2021-07-12T22:09:42","date_gmt":"2022-10-24T12:04:37","guid":{"rendered":"https:\/\/www.laperlavalles.cat\/product\/locion-de-aceite-de-oliva-prof\/"},"modified":"2023-06-23T11:33:39","modified_gmt":"2023-06-23T09:33:39","slug":"olive-oil-lotion-prof-2","status":"publish","type":"product","link":"https:\/\/www.laperlavalles.cat\/es\/product\/olive-oil-lotion-prof-2\/","title":{"rendered":"LOCI\u00d3N DE ACEITE DE OLIVA PROF"},"content":{"rendered":"<p>Loci\u00f3n de aceite de oliva prof. Loci\u00f3n hidratante para el pelo. <\/p>\n","protected":false},"excerpt":{"rendered":"<p>Loci\u00f3n de aceite de oliva prof. Loci\u00f3n hidratante para el pelo.<\/p>\n","protected":false},"featured_media":166616,"comment_status":"open","ping_status":"closed","template":"","meta":[],"product_cat":[10618],"product_tag":[],"_links":{"self":[{"href":"https:\/\/www.laperlavalles.cat\/es\/wp-json\/wp\/v2\/product\/127937"}],"collection":[{"href":"https:\/\/www.laperlavalles.cat\/es\/wp-json\/wp\/v2\/product"}],"about":[{"href":"https:\/\/www.laperlavalles.cat\/es\/wp-json\/wp\/v2\/types\/product"}],"replies":[{"embeddable":true,"href":"https:\/\/www.laperlavalles.cat\/es\/wp-json\/wp\/v2\/comments?post=127937"}],"wp:featuredmedia":[{"embeddable":true,"href":"https:\/\/www.laperlavalles.cat\/es\/wp-json\/wp\/v2\/media\/166616"}],"wp:attachment":[{"href":"https:\/\/www.laperlavalles.cat\/es\/wp-json\/wp\/v2\/media?parent=127937"}],"wp:term":[{"taxonomy":"product_cat","embeddable":true,"href":"https:\/\/www.laperlavalles.cat\/es\/wp-json\/wp\/v2\/product_cat?post=127937"},{"taxonomy":"product_tag","embeddable":true,"href":"https:\/\/www.laperlavalles.cat\/es\/wp-json\/wp\/v2\/product_tag?post=127937"}],"curies":[{"name":"wp","href":"https:\/\/api.w.org\/{rel}","templated":true}]}}